{"id":17076,"date":"2026-03-14T22:23:25","date_gmt":"2026-03-14T14:23:25","guid":{"rendered":"https:\/\/zoomax.com\/?page_id=17076"},"modified":"2026-03-19T19:11:22","modified_gmt":"2026-03-19T11:11:22","slug":"low-vision-association","status":"publish","type":"page","link":"https:\/\/zoomax.com\/de\/low-vision-association\/","title":{"rendered":"Low Vision Association"},"content":{"rendered":"<div data-elementor-type=\"wp-page\" data-elementor-id=\"17076\" class=\"elementor elementor-17076\" data-elementor-post-type=\"page\">\n\t\t\t\t<div class=\"elementor-element elementor-element-305e1f6 e-flex e-con-boxed e-con e-parent\" data-id=\"305e1f6\" data-element_type=\"container\">\n\t\t\t\t\t<div class=\"e-con-inner\">\n\t\t\t\t<div class=\"elementor-element elementor-element-e6519f5 elementor-widget elementor-widget-sp-breadcrumbs\" data-id=\"e6519f5\" data-element_type=\"widget\" data-widget_type=\"sp-breadcrumbs.default\">\n\t\t\t\t<div class=\"elementor-widget-container\">\n\t\t\t\t\t<nav  aria-label=\"breadcrumb\"><ol class=\"breadcrumb\" itemscope itemtype=\"https:\/\/schema.org\/BreadcrumbList\"><li class=\"breadcrumb-item active\" aria-current=\"page\" itemprop=\"itemListElement\" itemscope itemtype=\"https:\/\/schema.org\/ListItem\"><span itemprop=\"name\">Startseite<\/span><meta itemprop=\"position\" content=\"1\"><\/li><\/ol><\/nav>\t\t\t\t<\/div>\n\t\t\t\t<\/div>\n\t\t\t\t\t<\/div>\n\t\t\t\t<\/div>\n\t\t<div class=\"elementor-element elementor-element-cb5153b e-con-full e-flex e-con e-parent\" data-id=\"cb5153b\" data-element_type=\"container\" data-settings=\"{&quot;background_background&quot;:&quot;classic&quot;}\">\n\t\t\t\t<div class=\"elementor-element elementor-element-98efbfc elementor-widget__width-initial elementor-widget elementor-widget-heading\" data-id=\"98efbfc\" data-element_type=\"widget\" data-widget_type=\"heading.default\">\n\t\t\t\t\t<h1 class=\"elementor-heading-title elementor-size-default\">Umfassende Low Vision L\u00f6sungen f\u00fcr <span style=\"color:#000000\">Low Vision Vereinigungen<\/span> von Zoomax<\/h1>\t\t\t\t<\/div>\n\t\t\t\t<div class=\"elementor-element elementor-element-555a319 elementor-widget__width-initial elementor-widget elementor-widget-text-editor\" data-id=\"555a319\" data-element_type=\"widget\" data-widget_type=\"text-editor.default\">\n\t\t\t\t\t\t\t\t\t<p>\u00dcberall auf der Welt sehen sich Sehbehindertenverb\u00e4nde mit den gleichen Herausforderungen konfrontiert: Einheitsger\u00e4te, die den unterschiedlichen Bed\u00fcrfnissen ihrer Mitglieder nicht gerecht werden, fehlende professionelle Beratung bei der Auswahl geeigneter Hilfsmittel und begrenzte Ressourcen f\u00fcr die Unterst\u00fctzung szenario\u00fcbergreifender Sehhilfen. Angesichts von 285 Millionen Menschen, die weltweit mit Sehbehinderungen leben, war die Nachfrage nach gezielten, skalierbaren L\u00f6sungen noch nie so gro\u00df.<\/p><p>Zoomax ist mehr als nur ein Ger\u00e4telieferant - wir liefern End-to-End-L\u00f6sungen f\u00fcr sehbehinderte Menschen, die darauf zugeschnitten sind, Ihren Verband in die Lage zu versetzen, au\u00dfergew\u00f6hnliche Unterst\u00fctzung zu leisten, die Unabh\u00e4ngigkeit der Nutzer zu verbessern und die Arbeitsabl\u00e4ufe im Gemeindedienst zu optimieren. Unser Produktportfolio, einschlie\u00dflich der<a href=\"https:\/\/zoomax.com\/de\/low-vision-aids\/portable-electronic-video-magnifier-snow-12\/\" target=\"_blank\" rel=\"noopener\"> <strong><b>Flaggschiff unter den elektronischen Videolupen mit 12-Zoll-HD-Bildschirm<\/b><\/strong>\u00a0(Schnee 12)<\/a> und <a href=\"https:\/\/zoomax.com\/de\/low-vision-aids\/portable-electronic-video-magnifier-snow-pad\/\" target=\"_blank\" rel=\"noopener\">Snow Pad - ein in den Tisch integriertes Werkzeug<\/a>, ist so konzipiert, dass es mit den t\u00e4glichen Aufgaben Ihrer Vereinigung \u00fcbereinstimmt, von der pers\u00f6nlichen Beratung zur Anpassung von Ger\u00e4ten bis hin zu gemeinschaftsweiten Workshops zur Rehabilitation von Sehbehinderten.<\/p>\t\t\t\t\t\t\t\t<\/div>\n\t\t\t\t<div class=\"elementor-element elementor-element-9e56cb9 elementor-widget elementor-widget-image\" data-id=\"9e56cb9\" data-element_type=\"widget\" data-widget_type=\"image.default\">\n\t\t\t\t\t\t\t\t\t\t\t\t\t\t\t<img fetchpriority=\"high\" decoding=\"async\" width=\"1920\" height=\"1281\" src=\"https:\/\/zoomax.com\/wp-content\/uploads\/2026\/03\/Zoomax-Snow-12-flagship-electronic-video-magnifier-with-12-inch-HD-screen-for-low-vision-association-training.webp\" class=\"attachment-full size-full wp-image-17078\" alt=\"zoomax snow 12 flagship electronic video magnifier with 12 inch hd screen for low vision association training\" srcset=\"https:\/\/zoomax.com\/wp-content\/uploads\/2026\/03\/Zoomax-Snow-12-flagship-electronic-video-magnifier-with-12-inch-HD-screen-for-low-vision-association-training.webp 1920w, https:\/\/zoomax.com\/wp-content\/uploads\/2026\/03\/Zoomax-Snow-12-flagship-electronic-video-magnifier-with-12-inch-HD-screen-for-low-vision-association-training-300x200.webp 300w, https:\/\/zoomax.com\/wp-content\/uploads\/2026\/03\/Zoomax-Snow-12-flagship-electronic-video-magnifier-with-12-inch-HD-screen-for-low-vision-association-training-1024x683.webp 1024w, https:\/\/zoomax.com\/wp-content\/uploads\/2026\/03\/Zoomax-Snow-12-flagship-electronic-video-magnifier-with-12-inch-HD-screen-for-low-vision-association-training-768x512.webp 768w, https:\/\/zoomax.com\/wp-content\/uploads\/2026\/03\/Zoomax-Snow-12-flagship-electronic-video-magnifier-with-12-inch-HD-screen-for-low-vision-association-training-1536x1025.webp 1536w\" sizes=\"(max-width: 1920px) 100vw, 1920px\" \/>\t\t\t\t\t\t\t\t\t\t\t\t\t\t\t<\/div>\n\t\t\t\t<\/div>\n\t\t<div class=\"elementor-element elementor-element-2413e1cf e-flex e-con-boxed e-con e-parent\" data-id=\"2413e1cf\" data-element_type=\"container\" data-settings=\"{&quot;background_background&quot;:&quot;classic&quot;}\">\n\t\t\t\t\t<div class=\"e-con-inner\">\n\t\t<div class=\"elementor-element elementor-element-d6c6cc e-con-full e-flex e-con e-child\" data-id=\"d6c6cc\" data-element_type=\"container\">\n\t\t\t\t<div class=\"elementor-element elementor-element-339f59ae elementor-widget__width-initial elementor-invisible elementor-widget elementor-widget-heading\" data-id=\"339f59ae\" data-element_type=\"widget\" data-settings=\"{&quot;_animation&quot;:&quot;fadeInUp&quot;}\" data-widget_type=\"heading.default\">\n\t\t\t\t\t<h2 class=\"elementor-heading-title elementor-size-default\">Drei S\u00e4ulen der Low Vision L\u00f6sungen von Zoomax f\u00fcr Low Vision Verb\u00e4nde<\/h2>\t\t\t\t<\/div>\n\t\t\t\t<\/div>\n\t\t<div class=\"elementor-element elementor-element-7c55df34 e-grid e-con-full elementor-invisible e-con e-child\" data-id=\"7c55df34\" data-element_type=\"container\" data-settings=\"{&quot;animation&quot;:&quot;fadeInUp&quot;}\">\n\t\t<div class=\"elementor-element elementor-element-3d46f93 e-con-full e-transform e-flex e-con e-child\" data-id=\"3d46f93\" data-element_type=\"container\" data-settings=\"{&quot;background_background&quot;:&quot;classic&quot;,&quot;_transform_translateY_effect_hover&quot;:{&quot;unit&quot;:&quot;px&quot;,&quot;size&quot;:-5,&quot;sizes&quot;:[]},&quot;_transform_translateX_effect_hover&quot;:{&quot;unit&quot;:&quot;px&quot;,&quot;size&quot;:&quot;&quot;,&quot;sizes&quot;:[]},&quot;_transform_translateX_effect_hover_tablet&quot;:{&quot;unit&quot;:&quot;px&quot;,&quot;size&quot;:&quot;&quot;,&quot;sizes&quot;:[]},&quot;_transform_translateX_effect_hover_mobile&quot;:{&quot;unit&quot;:&quot;px&quot;,&quot;size&quot;:&quot;&quot;,&quot;sizes&quot;:[]},&quot;_transform_translateY_effect_hover_tablet&quot;:{&quot;unit&quot;:&quot;px&quot;,&quot;size&quot;:&quot;&quot;,&quot;sizes&quot;:[]},&quot;_transform_translateY_effect_hover_mobile&quot;:{&quot;unit&quot;:&quot;px&quot;,&quot;size&quot;:&quot;&quot;,&quot;sizes&quot;:[]}}\">\n\t\t\t\t<div class=\"elementor-element elementor-element-5e91f6a elementor-widget elementor-widget-heading\" data-id=\"5e91f6a\" data-element_type=\"widget\" data-widget_type=\"heading.default\">\n\t\t\t\t\t<h3 class=\"elementor-heading-title elementor-size-default\">1.  Ma\u00dfgeschneiderte, szenarien\u00fcbergreifende Pakete f\u00fcr Sehbehinderungen<\/h3>\t\t\t\t<\/div>\n\t\t\t\t<div class=\"elementor-element elementor-element-44b6604 elementor-widget elementor-widget-heading\" data-id=\"44b6604\" data-element_type=\"widget\" data-widget_type=\"heading.default\">\n\t\t\t\t\t<p class=\"elementor-heading-title elementor-size-default\">Wir bieten ein ausgew\u00e4hltes Sortiment an Sehhilfen f\u00fcr die unterschiedlichen Bed\u00fcrfnisse der Mitglieder Ihrer Vereinigung, von Senioren mit altersbedingter Makuladegeneration bis hin zu Studenten mit angeborenen Sehbehinderungen. Die Snow 12, eine herausragende tragbare elektronische Videolupe, verf\u00fcgt \u00fcber einstellbare Kontraststufen und einen externen St\u00e4nder, wodurch sie sich ideal f\u00fcr das Lesetraining in der Vereinigung und die erweiterte Nutzung zu Hause eignet - ihr ergonomisches Design unterst\u00fctzt sogar das Schreiben und Notieren w\u00e4hrend der Schulungen. F\u00fcr Benutzer, die viel unterwegs sind, bieten unsere elektronische Videolupe Luna 6 und das Snow Pad (kompatibel mit iPads und Android-Tablets) eine faltbare und multitaskingf\u00e4hige Unterst\u00fctzung. Wir arbeiten mit Ihrem Team zusammen, um ma\u00dfgeschneiderte Ger\u00e4tepakete zusammenzustellen, einschlie\u00dflich tragbarer Sehhilfen f\u00fcr die t\u00e4gliche Mobilit\u00e4t und hochaufl\u00f6sender elektronischer Videolupen f\u00fcr das Lesen, um sicherzustellen, dass jedes Gemeindemitglied ein Hilfsmittel erh\u00e4lt, das zu seinem Lebensstil passt, egal ob es Lehrb\u00fccher lesen, sich in \u00f6ffentlichen R\u00e4umen bewegen oder Aufgaben am Arbeitsplatz erledigen muss.<\/p>\t\t\t\t<\/div>\n\t\t\t\t<\/div>\n\t\t\t\t<div class=\"elementor-element elementor-element-e2053f8 elementor-widget elementor-widget-image\" data-id=\"e2053f8\" data-element_type=\"widget\" data-widget_type=\"image.default\">\n\t\t\t\t\t\t\t\t\t\t\t\t\t\t\t\t<a href=\"https:\/\/zoomax.com\/de\/low-vision-aids\/\" target=\"_blank\">\n\t\t\t\t\t\t\t<img decoding=\"async\" width=\"1920\" height=\"1320\" src=\"https:\/\/zoomax.com\/wp-content\/uploads\/2026\/03\/portable-low-vision-aids-for-daily-mobility-used-by-low-vision-association-community-members.webp\" class=\"attachment-full size-full wp-image-17975\" alt=\"portable low vision aids for daily mobility used by low vision association community members\" srcset=\"https:\/\/zoomax.com\/wp-content\/uploads\/2026\/03\/portable-low-vision-aids-for-daily-mobility-used-by-low-vision-association-community-members.webp 1920w, https:\/\/zoomax.com\/wp-content\/uploads\/2026\/03\/portable-low-vision-aids-for-daily-mobility-used-by-low-vision-association-community-members-300x206.webp 300w, https:\/\/zoomax.com\/wp-content\/uploads\/2026\/03\/portable-low-vision-aids-for-daily-mobility-used-by-low-vision-association-community-members-1024x704.webp 1024w, https:\/\/zoomax.com\/wp-content\/uploads\/2026\/03\/portable-low-vision-aids-for-daily-mobility-used-by-low-vision-association-community-members-768x528.webp 768w, https:\/\/zoomax.com\/wp-content\/uploads\/2026\/03\/portable-low-vision-aids-for-daily-mobility-used-by-low-vision-association-community-members-1536x1056.webp 1536w\" sizes=\"(max-width: 1920px) 100vw, 1920px\" \/>\t\t\t\t\t\t\t\t<\/a>\n\t\t\t\t\t\t\t\t\t\t\t\t\t\t\t<\/div>\n\t\t\t\t<\/div>\n\t\t\t\t<div class=\"elementor-element elementor-element-ff023fb elementor-widget__width-initial elementor-widget elementor-widget-text-editor\" data-id=\"ff023fb\" data-element_type=\"widget\" data-widget_type=\"text-editor.default\">\n\t\t\t\t\t\t\t\t\t<h3><strong><b>2.  Professionelle Schulung und technische Unterst\u00fctzung f\u00fcr Ihr Verbandsteam<\/b><\/strong><\/h3><p><img decoding=\"async\" class=\"alignright wp-image-17092\" src=\"https:\/\/zoomax.com\/wp-content\/uploads\/2026\/03\/Zoomax-professional-training-for-low-vision-association-teams-on-low-vision-aids-operation.webp\" alt=\"zoomax professional training for low vision association teams on low vision aids operation\" width=\"500\" height=\"441\" srcset=\"https:\/\/zoomax.com\/wp-content\/uploads\/2026\/03\/Zoomax-professional-training-for-low-vision-association-teams-on-low-vision-aids-operation.webp 1450w, https:\/\/zoomax.com\/wp-content\/uploads\/2026\/03\/Zoomax-professional-training-for-low-vision-association-teams-on-low-vision-aids-operation-300x265.webp 300w, https:\/\/zoomax.com\/wp-content\/uploads\/2026\/03\/Zoomax-professional-training-for-low-vision-association-teams-on-low-vision-aids-operation-1024x904.webp 1024w, https:\/\/zoomax.com\/wp-content\/uploads\/2026\/03\/Zoomax-professional-training-for-low-vision-association-teams-on-low-vision-aids-operation-768x678.webp 768w\" sizes=\"(max-width: 500px) 100vw, 500px\" \/>Ein gro\u00dfartiges Ger\u00e4t ist nur so effektiv wie das Personal, das es anleitet. <a href=\"https:\/\/zoomax.com\/de\/\" target=\"_blank\" rel=\"noopener\">Zoomax<\/a> bietet kostenlose On-Demand-Schulungen f\u00fcr die ehrenamtlichen Mitarbeiter und Fachleute Ihres Verbandes an, in denen die Bedienung von Sehhilfen, die Bewertung der Benutzerbed\u00fcrfnisse und szenariobasierte Anwendungstipps behandelt werden. Unsere Schulungen umfassen praktische Module zur Nutzung von OCR\/TTS-Funktionen f\u00fcr Mitglieder mit starken Sehbehinderungen und zur Unterweisung der Benutzer in der Verwendung der Split-Screen-Funktionen von <a href=\"https:\/\/zoomax.com\/de\/portable-electronic-video-magnifier\/\" target=\"_blank\" rel=\"noopener\">elektronische Videolupenger\u00e4te<\/a> f\u00fcr den Einsatz im Klassenzimmer oder im Home Office. Wir versprechen Ihnen, jedes Detail des Produkts zu demonstrieren, wann immer Sie es brauchen. Au\u00dferdem bieten wir rund um die Uhr technischen Fernsupport, um sicherzustellen, dass alle Probleme mit dem Ger\u00e4t schnell gel\u00f6st werden, um die Unterbrechung der Dienstleistungen Ihres Verbandes zu minimieren. F\u00fcr gr\u00f6\u00dfere Verb\u00e4nde bieten wir Schulungsworkshops vor Ort an, um Ihr Team mit den F\u00e4higkeiten auszustatten, die es braucht, um den Wert jeder Zoomax-Sehhilfe zu maximieren.<\/p><h3><strong><b>3.  End-to-End-Service-Integration f\u00fcr nahtlosen Community-Support<\/b><\/strong><\/h3><p><img loading=\"lazy\" decoding=\"async\" class=\"alignleft wp-image-17079\" src=\"https:\/\/zoomax.com\/wp-content\/uploads\/2026\/03\/High-definition-electronic-video-magnifier-for-reading-during-low-vision-association-workshops.webp\" alt=\"high definition electronic video magnifier for reading during low vision association workshops\" width=\"500\" height=\"375\" srcset=\"https:\/\/zoomax.com\/wp-content\/uploads\/2026\/03\/High-definition-electronic-video-magnifier-for-reading-during-low-vision-association-workshops.webp 1920w, https:\/\/zoomax.com\/wp-content\/uploads\/2026\/03\/High-definition-electronic-video-magnifier-for-reading-during-low-vision-association-workshops-300x225.webp 300w, https:\/\/zoomax.com\/wp-content\/uploads\/2026\/03\/High-definition-electronic-video-magnifier-for-reading-during-low-vision-association-workshops-1024x768.webp 1024w, https:\/\/zoomax.com\/wp-content\/uploads\/2026\/03\/High-definition-electronic-video-magnifier-for-reading-during-low-vision-association-workshops-768x576.webp 768w, https:\/\/zoomax.com\/wp-content\/uploads\/2026\/03\/High-definition-electronic-video-magnifier-for-reading-during-low-vision-association-workshops-1536x1152.webp 1536w\" sizes=\"(max-width: 500px) 100vw, 500px\" \/>Zoomax geht \u00fcber Ger\u00e4te und Schulungen hinaus, um die ganzheitlichen Pflegeziele Ihres Verbandes zu unterst\u00fctzen. Wir und unsere <a href=\"https:\/\/zoomax.com\/de\/vision-aids-distributor\/\" target=\"_blank\" rel=\"noopener\">Vertriebspartner<\/a> arbeiten mit Ihnen zusammen, um R\u00e4ume f\u00fcr Sehhilfen zu gestalten - von Vorf\u00fchrecken f\u00fcr Ger\u00e4te bis hin zu Schulungsr\u00e4umen -, die f\u00fcr unsere Hilfsmittel optimiert sind. Wir stellen auch Marketingmaterialien und Leitf\u00e4den f\u00fcr die Benutzerschulung zur Verf\u00fcgung, um Ihren Verband dabei zu unterst\u00fctzen, das Bewusstsein f\u00fcr barrierefreie Sehhilfen und elektronische Videolupen in der Gemeinde zu sch\u00e4rfen. F\u00fcr langfristige Partnerschaften bieten wir regelm\u00e4\u00dfige Produktaktualisierungen und exklusiven Zugang zu neuen Technologien, wie z. B. den intelligenten Funktionen des Snow Pads, um sicherzustellen, dass Ihr Verband stets an der Spitze der Innovation im Bereich der Hilfsmittel steht und seinen Mitgliedern kontinuierlich modernste Unterst\u00fctzung bieten kann.<\/p>\t\t\t\t\t\t\t\t<\/div>\n\t\t\t\t\t<\/div>\n\t\t\t\t<\/div>\n\t\t<div class=\"elementor-element elementor-element-32515c0 e-flex e-con-boxed e-con e-parent\" data-id=\"32515c0\" data-element_type=\"container\">\n\t\t\t\t\t<div class=\"e-con-inner\">\n\t\t<div class=\"elementor-element elementor-element-d4b5125 e-con-full e-flex e-con e-child\" data-id=\"d4b5125\" data-element_type=\"container\">\n\t\t\t\t<div class=\"elementor-element elementor-element-4357974 elementor-invisible elementor-widget elementor-widget-heading\" data-id=\"4357974\" data-element_type=\"widget\" data-settings=\"{&quot;_animation&quot;:&quot;fadeInUp&quot;}\" data-widget_type=\"heading.default\">\n\t\t\t\t\t<h2 class=\"elementor-heading-title elementor-size-default\">Partnerschaft mit Zoomax zur Aufwertung der Dienstleistungen Ihrer Low Vision Association<\/h2>\t\t\t\t<\/div>\n\t\t\t\t<div class=\"elementor-element elementor-element-aabbc67 elementor-widget__width-initial elementor-widget elementor-widget-text-editor\" data-id=\"aabbc67\" data-element_type=\"widget\" data-widget_type=\"text-editor.default\">\n\t\t\t\t\t\t\t\t\t<p>Die L\u00f6sungen von Zoomax f\u00fcr Sehbehinderte beruhen auf dem Grundsatz, dass jeder Mensch das Recht auf ein unabh\u00e4ngiges und w\u00fcrdiges Leben verdient. Unter <a href=\"https:\/\/zoomax.com\/de\/zoomax-distribution-opportunities\/\" target=\"_blank\" rel=\"noopener\">Partnerschaften mit uns<\/a>, Mit unserer L\u00f6sung f\u00fcr sehbehinderte Menschen erh\u00e4lt Ihr Verband Zugang zu hochqualifizierten Hilfsmitteln, benutzerfreundlichen elektronischen Videolupen, professionellen Schulungen und ma\u00dfgeschneiderter Unterst\u00fctzung, die Sie bei der Betreuung sehbehinderter Menschen auszeichnet. Unabh\u00e4ngig davon, ob Sie ein kleiner lokaler Verband oder eine gro\u00dfe nationale Organisation sind, k\u00f6nnen wir eine ma\u00dfgeschneiderte L\u00f6sung anbieten, die Ihrer Gr\u00f6\u00dfe, Ihrem Budget und der Demographie Ihrer sehbehinderten Mitglieder entspricht. Setzen Sie sich noch heute mit unserem Vertriebsteam in Verbindung, um eine kostenlose Demo zu vereinbaren und zu erfahren, wie Zoomax Ihnen helfen kann, das Leben Ihrer sehbehinderten Mitglieder zu verbessern.<\/p><p>Warum Zoomax-Sehhilfen w\u00e4hlen? Klicken Sie auf <a href=\"https:\/\/zoomax.com\/de\/about-us\/\" target=\"_blank\" rel=\"noopener\">\u00dcber uns<\/a> um mehr zu erfahren.<\/p>\t\t\t\t\t\t\t\t<\/div>\n\t\t\t\t<div class=\"elementor-element elementor-element-02e1bd9 elementor-align-center elementor-widget elementor-widget-button\" data-id=\"02e1bd9\" data-element_type=\"widget\" data-widget_type=\"button.default\">\n\t\t\t\t\t\t\t\t\t\t<a class=\"elementor-button elementor-button-link elementor-size-sm\" href=\"https:\/\/zoomax.com\/de\/contact-us\/\" target=\"_blank\">\n\t\t\t\t\t\t<span class=\"elementor-button-content-wrapper\">\n\t\t\t\t\t\t<span class=\"elementor-button-icon\">\n\t\t\t\t<svg aria-hidden=\"true\" class=\"e-font-icon-svg e-fab-quinscape\" viewbox=\"0 0 512 512\" xmlns=\"http:\/\/www.w3.org\/2000\/svg\"><path d=\"M313.6 474.6h-1a158.1 158.1 0 0 1 0-316.2c94.9 0 168.2 83.1 157 176.6 4 5.1 8.2 9.6 11.2 15.3 13.4-30.3 20.3-62.4 20.3-97.7C501.1 117.5 391.6 8 256.5 8S12 117.5 12 252.6s109.5 244.6 244.5 244.6a237.36 237.36 0 0 0 70.4-10.1c-5.2-3.5-8.9-8.1-13.3-12.5zm-.1-.1l.4.1zm78.4-168.9a99.2 99.2 0 1 0 99.2 99.2 99.18 99.18 0 0 0-99.2-99.2z\"><\/path><\/svg>\t\t\t<\/span>\n\t\t\t\t\t\t\t\t\t<span class=\"elementor-button-text\">Kontakt<\/span>\n\t\t\t\t\t<\/span>\n\t\t\t\t\t<\/a>\n\t\t\t\t\t\t\t\t<\/div>\n\t\t\t\t<div class=\"elementor-element elementor-element-88c4d4f elementor-widget__width-initial elementor-invisible elementor-widget elementor-widget-text-editor\" data-id=\"88c4d4f\" data-element_type=\"widget\" data-settings=\"{&quot;_animation&quot;:&quot;fadeInUp&quot;}\" data-widget_type=\"text-editor.default\">\n\t\t\t\t\t\t\t\t\t<h3><em>Partner<strong style=\"font-style: italic;\"> Zeugnis<\/strong><\/em><strong><em><i>:<\/i><\/em><\/strong><\/h3><p><em>\u201cAls Schulungsspezialist schw\u00f6re ich auf Zoomax-Sehhilfen und elektronische Videolupen - sie sind unglaublich benutzerfreundlich und die meisten Benutzer beherrschen sie in wenigen Minuten! Es gibt nichts Sch\u00f6neres als das \u201cWow!\u201d-Gef\u00fchl und die Freudentr\u00e4nen, wenn jemand mit Sehschw\u00e4che wieder klar lesen kann. Mit diesen langlebigen Hilfsmitteln kann ich meiner Gemeinde helfen, sich zu entfalten, und ich freue mich sehr, weiterhin mit Zoomax zusammenzuarbeiten.\u201d<\/em><\/p><p><em>- Joanne, Low Vision &amp; Blind Center Ausbildungsspezialistin (USA)<\/em><\/p>\t\t\t\t\t\t\t\t<\/div>\n\t\t\t\t<\/div>\n\t\t\t\t\t<\/div>\n\t\t\t\t<\/div>\n\t\t\t\t<\/div>","protected":false},"excerpt":{"rendered":"<p>Home Comprehensive Low Vision Solutions for Low Vision Associations from Zoomax Across the globe, low vision associations face common challenges: [&hellip;]<\/p>","protected":false},"author":1,"featured_media":0,"parent":0,"menu_order":0,"comment_status":"closed","ping_status":"closed","template":"","meta":{"_seopress_robots_primary_cat":"","_seopress_titles_title":"Zoomax Low Vision Aids for Associations","_seopress_titles_desc":"Partner with Zoomax for customized low vision aids & electronic video magnifiers\u2014including portable, high-definition models\u2014to empower your low vision association\u2019s community.","_seopress_robots_index":"","site-sidebar-layout":"no-sidebar","site-content-layout":"","ast-site-content-layout":"full-width-container","site-content-style":"default","site-sidebar-style":"default","ast-global-header-display":"","ast-banner-title-visibility":"","ast-main-header-display":"","ast-hfb-above-header-display":"","ast-hfb-below-header-display":"","ast-hfb-mobile-header-display":"","site-post-title":"disabled","ast-breadcrumbs-content":"","ast-featured-img":"disabled","footer-sml-layout":"","ast-disable-related-posts":"","theme-transparent-header-meta":"","adv-header-id-meta":"","stick-header-meta":"","header-above-stick-meta":"","header-main-stick-meta":"","header-below-stick-meta":"","astra-migrate-meta-layouts":"default","ast-page-background-enabled":"default","ast-page-background-meta":{"desktop":{"background-color":"var(--ast-global-color-5)","background-image":"","background-repeat":"repeat","background-position":"center center","background-size":"auto","background-attachment":"scroll","background-type":"","background-media":"","overlay-type":"","overlay-color":"","overlay-opacity":"","overlay-gradient":""},"tablet":{"background-color":"","background-image":"","background-repeat":"repeat","background-position":"center center","background-size":"auto","background-attachment":"scroll","background-type":"","background-media":"","overlay-type":"","overlay-color":"","overlay-opacity":"","overlay-gradient":""},"mobile":{"background-color":"","background-image":"","background-repeat":"repeat","background-position":"center center","background-size":"auto","background-attachment":"scroll","background-type":"","background-media":"","overlay-type":"","overlay-color":"","overlay-opacity":"","overlay-gradient":""}},"ast-content-background-meta":{"desktop":{"background-color":"var(--ast-global-color-4)","background-image":"","background-repeat":"repeat","background-position":"center center","background-size":"auto","background-attachment":"scroll","background-type":"","background-media":"","overlay-type":"","overlay-color":"","overlay-opacity":"","overlay-gradient":""},"tablet":{"background-color":"var(--ast-global-color-4)","background-image":"","background-repeat":"repeat","background-position":"center center","background-size":"auto","background-attachment":"scroll","background-type":"","background-media":"","overlay-type":"","overlay-color":"","overlay-opacity":"","overlay-gradient":""},"mobile":{"background-color":"var(--ast-global-color-4)","background-image":"","background-repeat":"repeat","background-position":"center center","background-size":"auto","background-attachment":"scroll","background-type":"","background-media":"","overlay-type":"","overlay-color":"","overlay-opacity":"","overlay-gradient":""}},"footnotes":""},"class_list":["post-17076","page","type-page","status-publish","hentry"],"_links":{"self":[{"href":"https:\/\/zoomax.com\/de\/wp-json\/wp\/v2\/pages\/17076","targetHints":{"allow":["GET"]}}],"collection":[{"href":"https:\/\/zoomax.com\/de\/wp-json\/wp\/v2\/pages"}],"about":[{"href":"https:\/\/zoomax.com\/de\/wp-json\/wp\/v2\/types\/page"}],"author":[{"embeddable":true,"href":"https:\/\/zoomax.com\/de\/wp-json\/wp\/v2\/users\/1"}],"replies":[{"embeddable":true,"href":"https:\/\/zoomax.com\/de\/wp-json\/wp\/v2\/comments?post=17076"}],"version-history":[{"count":31,"href":"https:\/\/zoomax.com\/de\/wp-json\/wp\/v2\/pages\/17076\/revisions"}],"predecessor-version":[{"id":17978,"href":"https:\/\/zoomax.com\/de\/wp-json\/wp\/v2\/pages\/17076\/revisions\/17978"}],"wp:attachment":[{"href":"https:\/\/zoomax.com\/de\/wp-json\/wp\/v2\/media?parent=17076"}],"curies":[{"name":"wp","href":"https:\/\/api.w.org\/{rel}","templated":true}]}}