{"id":3463,"date":"2019-07-26T17:21:08","date_gmt":"2019-07-26T09:21:08","guid":{"rendered":"https:\/\/zoomax.com\/?page_id=1237"},"modified":"2026-03-31T11:07:26","modified_gmt":"2026-03-31T03:07:26","slug":"terms-of-use","status":"publish","type":"page","link":"https:\/\/zoomax.com\/de\/terms-of-use\/","title":{"rendered":"Nutzungsbedingungen"},"content":{"rendered":"<div data-elementor-type=\"wp-post\" data-elementor-id=\"3463\" class=\"elementor elementor-3463\" data-elementor-post-type=\"page\">\n\t\t\t\t\t\t<section class=\"elementor-section elementor-top-section elementor-element elementor-element-b1a80be elementor-section-boxed elementor-section-height-default elementor-section-height-default\" data-id=\"b1a80be\" data-element_type=\"section\">\n\t\t\t\t\t\t<div class=\"elementor-container elementor-column-gap-default\">\n\t\t\t\t\t<div class=\"elementor-column elementor-col-100 elementor-top-column elementor-element elementor-element-22c7cc7\" data-id=\"22c7cc7\" data-element_type=\"column\">\n\t\t\t<div class=\"elementor-widget-wrap elementor-element-populated\">\n\t\t\t\t\t\t<div class=\"elementor-element elementor-element-aa3b2b2 elementor-widget elementor-widget-heading\" data-id=\"aa3b2b2\" data-element_type=\"widget\" data-widget_type=\"heading.default\">\n\t\t\t\t\t<h1 class=\"elementor-heading-title elementor-size-default\">Nutzungsbedingungen<\/h1>\t\t\t\t<\/div>\n\t\t\t\t<div class=\"elementor-element elementor-element-387deb5 elementor-widget elementor-widget-text-editor\" data-id=\"387deb5\" data-element_type=\"widget\" data-widget_type=\"text-editor.default\">\n\t\t\t\t\t\t\t\t\t<p>Willkommen bei der\u00a0<span class=\"website_name\">Zoomax Technologie<\/span>\u00a0Website (die \u201cWebsite\u201d).<\/p><p><span class=\"website_name\">Zoomax Technologie<\/span>\u00a0stellt diese Website und die Dienste (zu finden unter\u00a0<span class=\"website_url\">https:\/\/zoomax.com<\/span>) f\u00fcr Sie vorbehaltlich der in diesen Bedingungen dargelegten Hinweise, Bestimmungen und Konditionen (die \u201cNutzungsbedingungen\u201d). Wenn Sie einen unserer Dienste nutzen, unterliegen Sie au\u00dferdem den f\u00fcr diesen Dienst geltenden Regeln, Richtlinien, Grunds\u00e4tzen, Bedingungen und Konditionen, die durch diesen Verweis in diese Nutzungsbedingungen aufgenommen werden.<\/p><p>Diese Nutzungsbedingungen gelten ab dem\u00a0<span class=\"date\">26. Juli 2019<\/span>.<\/p><p>Ihre Berechtigung zur Nutzung der Website ist an die Erf\u00fcllung der folgenden Bedingungen gekn\u00fcpft:<\/p><ul><li>Sie nutzen die Website und die Dienste in \u00dcbereinstimmung mit diesen Nutzungsbedingungen und allen anwendbaren Gesetzen und Vorschriften, die durch den Staat und das Land Ihres Wohnsitzes bestimmt werden<\/li><li>Sie stellen vollst\u00e4ndige und korrekte Registrierungsinformationen zur Verf\u00fcgung und pflegen korrekte Registrierungsinformationen auf der Website<\/li><li>Sie stimmen zu und verstehen, dass\u00a0<span class=\"website_name\">Zoomax Technologie<\/span>\u00a0kann jederzeit und ohne vorherige Ank\u00fcndigung Ihren Zugang widerrufen und\/oder k\u00fcndigen, wenn Sie diese Kriterien nicht erf\u00fcllen oder gegen einen Teil dieser Nutzungsbedingungen versto\u00dfen<\/li><\/ul><h3>Nutzung dieser Website<\/h3><p>Im Zusammenhang mit der Nutzung unserer Website m\u00fcssen Sie verantwortungsbewusst handeln und ein gutes Urteilsverm\u00f6gen besitzen. Ohne das Vorangegangene einzuschr\u00e4nken, werden Sie nicht:<\/p><ul><li>Verst\u00f6\u00dfe gegen \u00f6rtliche, staatliche, provinzielle, nationale oder andere Gesetze oder Vorschriften oder gegen Gerichtsbeschl\u00fcsse<\/li><li>die Rechte einer nat\u00fcrlichen oder juristischen Person zu verletzen, einschlie\u00dflich, aber nicht beschr\u00e4nkt auf deren geistiges Eigentum, Privatsph\u00e4re, \u00d6ffentlichkeitsrechte oder vertragliche Rechte<\/li><li>unsere Dienste zu st\u00f6ren oder zu besch\u00e4digen, insbesondere durch die Verwendung von Viren, Cancel Bots, Trojanischen Pferden, sch\u00e4dlichem Code, Flood Pings, Denial-of-Service-Angriffen, Paket- oder IP-Spoofing, gef\u00e4lschten Routing- oder E-Mail-Adressinformationen oder \u00e4hnlichen Methoden oder Technologien<\/li><li>Automatische Skripte zu verwenden, um Informationen zu sammeln oder anderweitig mit den Diensten oder der Website zu interagieren<\/li><li>diese Vereinbarung im Namen einer anderen nat\u00fcrlichen oder juristischen Person einzugehen, ohne die Zustimmung oder die rechtliche Befugnis zu haben, solche Vereinbarungen als Vertreter einer Organisation oder juristischen Person zu treffen<\/li><\/ul><h3>Geistiges Eigentum<\/h3><p>Alle Codes, Texte, Software, Skripte, Grafiken, Dateien, Fotos, Bilder, Logos und Materialien, die auf dieser Website oder in den Diensten enthalten sind, sind das alleinige Eigentum von\u00a0<span class=\"website_name\">Zoomax Technologie<\/span>.<\/p><p>Die unbefugte Verwendung von Materialien, die auf dieser Website oder innerhalb des Dienstes enthalten sind, kann gegen Urheberrechtsgesetze, Markengesetze, Gesetze zum Schutz der Privatsph\u00e4re und der \u00d6ffentlichkeit und\/oder andere Vorschriften und Gesetze versto\u00dfen. Wenn Sie glauben, dass eines der Materialien die Rechte Dritter verletzt, wenden Sie sich bitte an\u00a0<span class=\"website_name\">Zoomax Technologie <\/span>unverz\u00fcglich an die unten angegebene Adresse zu senden.<\/p><p style=\"padding-left: 40px;\"><span style=\"font-size: 16px;\"><span data-type=\"text\">Raum 1001, Geb\u00e4ude B,<\/span><\/span><\/p><p style=\"padding-left: 40px;\"><span style=\"font-size: 16px;\"><span data-type=\"text\"> Sanshen International Center, Nr. 99 Shuanglong Street, <\/span><\/span><span style=\"font-size: 16px;\"><span data-type=\"text\">Bezirk Xihu,<\/span><\/span><\/p><p style=\"padding-left: 40px;\"><span style=\"font-size: 16px;\"><span data-type=\"text\"> Hangzhou,\u00a0<\/span><\/span>Zhejiang, China 310030<\/p><h3>Websites von Dritten<\/h3><p>Unsere Website kann Sie mit anderen Websites im Internet verlinken oder auf andere Weise Verweise auf Informationen, Dokumente, Software, Materialien und\/oder Dienstleistungen enthalten, die von anderen Parteien bereitgestellt werden. Diese Websites k\u00f6nnen Informationen oder Materialien enthalten, die manche Menschen als unangemessen oder anst\u00f6\u00dfig empfinden.<\/p><p>Diese anderen Websites und Parteien stehen nicht unter unserer Kontrolle, und Sie erkennen an, dass wir nicht f\u00fcr die Richtigkeit, die Einhaltung des Urheberrechts, die Rechtm\u00e4\u00dfigkeit, den Anstand oder andere Aspekte des Inhalts solcher Websites verantwortlich sind, noch sind wir f\u00fcr Fehler oder Auslassungen in Verweisen auf andere Parteien oder deren Produkte und Dienstleistungen verantwortlich. Die Aufnahme eines solchen Links oder Verweises dient lediglich der Bequemlichkeit und bedeutet nicht, dass wir die Website oder die Partei unterst\u00fctzen oder mit ihr in Verbindung stehen, und auch nicht, dass wir irgendeine ausdr\u00fcckliche oder stillschweigende Garantie \u00fcbernehmen.<\/p><h3>Gew\u00e4hrleistungsausschluss und Haftungsbeschr\u00e4nkung<\/h3><p>Die Website wird ohne M\u00e4ngelgew\u00e4hr zur Verf\u00fcgung gestellt. app figures, seine Lieferanten, leitenden Angestellten, Direktoren, Mitarbeiter und Vertreter schlie\u00dfen alle ausdr\u00fccklichen oder stillschweigenden Zusicherungen und Gew\u00e4hrleistungen in Bezug auf diese Website oder in Verbindung mit den Dienstleistungen aus. Sie schlie\u00dfen aus <span class=\"website_name\">Zoomax Technologie<\/span>\u00a0von jeglicher Haftung f\u00fcr Sch\u00e4den, die im Zusammenhang mit der Nutzung dieser Website stehen oder daraus entstehen.<\/p><h3>\u00c4nderungen an diesen Nutzungsbedingungen<\/h3><p><span class=\"website_name\">Zoomax Technologie<\/span>\u00a0beh\u00e4lt sich das Recht vor, die Website jederzeit und ohne Vorank\u00fcndigung ganz oder teilweise zu \u00e4ndern oder einzustellen.<\/p><p>Zus\u00e4tzlich,\u00a0<span class=\"website_name\">Zoomax Technologie<\/span>\u00a0beh\u00e4lt sich das Recht vor, diese Nutzungsbedingungen jederzeit nach eigenem Ermessen zu \u00e4ndern, indem die neuen Bedingungen mit dem Datum der \u00c4nderung auf der Website ver\u00f6ffentlicht werden. Sie sind daf\u00fcr verantwortlich, die Bedingungen dieser Vereinbarung zu lesen und zu verstehen, bevor Sie sich registrieren oder den Dienst nutzen. Durch die Nutzung der Website und\/oder der Dienste nach der Ver\u00f6ffentlichung einer solchen \u00c4nderung erkl\u00e4ren Sie sich mit den neuen, in diesen Nutzungsbedingungen ge\u00e4nderten Bedingungen einverstanden.<\/p><h3>Geltendes Recht<\/h3><p>Diese Nutzungsbedingungen und alle Streitigkeiten oder Anspr\u00fcche, die sich aus ihnen ergeben oder mit ihnen in Zusammenhang stehen, unterliegen den internen Gesetzen der\u00a0<span class=\"country\">China<\/span>\u00a0ohne dass eine Rechtswahl oder eine Kollisionsnorm zur Anwendung kommt.<\/p><p>F\u00fcr alle Klagen, Handlungen oder Verfahren, die sich aus diesen Nutzungsbedingungen oder der Website ergeben oder damit in Zusammenhang stehen, sind ausschlie\u00dflich die Gerichte in folgenden L\u00e4ndern zust\u00e4ndig <span class=\"country\">China<\/span>.<\/p>\t\t\t\t\t\t\t\t<\/div>\n\t\t\t\t\t<\/div>\n\t\t<\/div>\n\t\t\t\t\t<\/div>\n\t\t<\/section>\n\t\t\t\t<\/div>","protected":false},"excerpt":{"rendered":"<p>Terms of Use Welcome to the\u00a0Zoomax Technology\u00a0website (the &#8220;Website&#8221;). Zoomax Technology\u00a0provides this Website and Services (located at\u00a0https:\/\/zoomax.com) to you subject [&hellip;]<\/p>","protected":false},"author":1,"featured_media":0,"parent":0,"menu_order":0,"comment_status":"closed","ping_status":"closed","template":"","meta":{"_seopress_robots_primary_cat":"","_seopress_titles_title":"Terms of Use","_seopress_titles_desc":"","_seopress_robots_index":"","site-sidebar-layout":"default","site-content-layout":"","ast-site-content-layout":"default","site-content-style":"default","site-sidebar-style":"default","ast-global-header-display":"","ast-banner-title-visibility":"","ast-main-header-display":"","ast-hfb-above-header-display":"","ast-hfb-below-header-display":"","ast-hfb-mobile-header-display":"","site-post-title":"","ast-breadcrumbs-content":"","ast-featured-img":"","footer-sml-layout":"","ast-disable-related-posts":"","theme-transparent-header-meta":"","adv-header-id-meta":"","stick-header-meta":"","header-above-stick-meta":"","header-main-stick-meta":"","header-below-stick-meta":"","astra-migrate-meta-layouts":"default","ast-page-background-enabled":"default","ast-page-background-meta":{"desktop":{"background-color":"var(--ast-global-color-5)","background-image":"","background-repeat":"repeat","background-position":"center center","background-size":"auto","background-attachment":"scroll","background-type":"","background-media":"","overlay-type":"","overlay-color":"","overlay-opacity":"","overlay-gradient":""},"tablet":{"background-color":"","background-image":"","background-repeat":"repeat","background-position":"center center","background-size":"auto","background-attachment":"scroll","background-type":"","background-media":"","overlay-type":"","overlay-color":"","overlay-opacity":"","overlay-gradient":""},"mobile":{"background-color":"","background-image":"","background-repeat":"repeat","background-position":"center center","background-size":"auto","background-attachment":"scroll","background-type":"","background-media":"","overlay-type":"","overlay-color":"","overlay-opacity":"","overlay-gradient":""}},"ast-content-background-meta":{"desktop":{"background-color":"var(--ast-global-color-4)","background-image":"","background-repeat":"repeat","background-position":"center center","background-size":"auto","background-attachment":"scroll","background-type":"","background-media":"","overlay-type":"","overlay-color":"","overlay-opacity":"","overlay-gradient":""},"tablet":{"background-color":"var(--ast-global-color-4)","background-image":"","background-repeat":"repeat","background-position":"center center","background-size":"auto","background-attachment":"scroll","background-type":"","background-media":"","overlay-type":"","overlay-color":"","overlay-opacity":"","overlay-gradient":""},"mobile":{"background-color":"var(--ast-global-color-4)","background-image":"","background-repeat":"repeat","background-position":"center center","background-size":"auto","background-attachment":"scroll","background-type":"","background-media":"","overlay-type":"","overlay-color":"","overlay-opacity":"","overlay-gradient":""}},"footnotes":""},"class_list":["post-3463","page","type-page","status-publish","hentry"],"_links":{"self":[{"href":"https:\/\/zoomax.com\/de\/wp-json\/wp\/v2\/pages\/3463","targetHints":{"allow":["GET"]}}],"collection":[{"href":"https:\/\/zoomax.com\/de\/wp-json\/wp\/v2\/pages"}],"about":[{"href":"https:\/\/zoomax.com\/de\/wp-json\/wp\/v2\/types\/page"}],"author":[{"embeddable":true,"href":"https:\/\/zoomax.com\/de\/wp-json\/wp\/v2\/users\/1"}],"replies":[{"embeddable":true,"href":"https:\/\/zoomax.com\/de\/wp-json\/wp\/v2\/comments?post=3463"}],"version-history":[{"count":13,"href":"https:\/\/zoomax.com\/de\/wp-json\/wp\/v2\/pages\/3463\/revisions"}],"predecessor-version":[{"id":19335,"href":"https:\/\/zoomax.com\/de\/wp-json\/wp\/v2\/pages\/3463\/revisions\/19335"}],"wp:attachment":[{"href":"https:\/\/zoomax.com\/de\/wp-json\/wp\/v2\/media?parent=3463"}],"curies":[{"name":"wp","href":"https:\/\/api.w.org\/{rel}","templated":true}]}}