{"id":1048,"date":"2025-12-18T00:17:13","date_gmt":"2025-12-18T00:17:13","guid":{"rendered":"https:\/\/zoomax.com\/?page_id=1048"},"modified":"2026-03-18T16:00:08","modified_gmt":"2026-03-18T08:00:08","slug":"reviews-testimonials","status":"publish","type":"page","link":"https:\/\/zoomax.com\/es\/support-resource\/reviews-testimonials\/","title":{"rendered":"Rese\u00f1as y testimonios"},"content":{"rendered":"<div data-elementor-type=\"wp-page\" data-elementor-id=\"1048\" class=\"elementor elementor-1048\" data-elementor-post-type=\"page\">\n\t\t\t\t<div class=\"elementor-element elementor-element-5b9dc767 e-con-full e-flex e-con e-parent\" data-id=\"5b9dc767\" data-element_type=\"container\" data-e-type=\"container\">\n\t\t\t\t<div class=\"elementor-element elementor-element-2829bda8 elementor--h-position-left elementor--v-position-middle elementor-arrows-position-inside elementor-pagination-position-inside elementor-widget elementor-widget-slides\" data-id=\"2829bda8\" data-element_type=\"widget\" data-e-type=\"widget\" data-settings=\"{&quot;navigation&quot;:&quot;both&quot;,&quot;autoplay&quot;:&quot;yes&quot;,&quot;pause_on_hover&quot;:&quot;yes&quot;,&quot;pause_on_interaction&quot;:&quot;yes&quot;,&quot;autoplay_speed&quot;:5000,&quot;infinite&quot;:&quot;yes&quot;,&quot;transition&quot;:&quot;slide&quot;,&quot;transition_speed&quot;:500}\" data-widget_type=\"slides.default\">\n\t\t\t\t\t\t\t\t\t\t<div class=\"elementor-slides-wrapper elementor-main-swiper swiper\" role=\"region\" aria-roledescription=\"carousel\" aria-label=\"Diapositivas\" dir=\"ltr\" data-animation=\"fadeInUp\">\n\t\t\t\t<div class=\"swiper-wrapper elementor-slides\">\n\t\t\t\t\t\t\t\t\t\t<div class=\"elementor-repeater-item-d4091eb swiper-slide\" role=\"group\" aria-roledescription=\"slide\"><div class=\"swiper-slide-bg\" role=\"img\" aria-label=\"Rese\u00f1as y testimonios de Zoomax\"><\/div><div class=\"swiper-slide-inner\" ><div class=\"swiper-slide-contents\"><h1 class=\"elementor-slide-heading\">Rese\u00f1as y testimonios<\/h1><\/div><\/div><\/div>\t\t\t\t<\/div>\n\t\t\t\t\t\t\t<\/div>\n\t\t\t\t\t\t\t\t<\/div>\n\t\t\t\t<\/div>\n\t\t<div class=\"elementor-element elementor-element-ed8a200 e-flex e-con-boxed e-con e-parent\" data-id=\"ed8a200\" data-element_type=\"container\" data-e-type=\"container\">\n\t\t\t\t\t<div class=\"e-con-inner\">\n\t\t\t\t<div class=\"elementor-element elementor-element-97e682a elementor-widget elementor-widget-sp-breadcrumbs\" data-id=\"97e682a\" data-element_type=\"widget\" data-e-type=\"widget\" data-widget_type=\"sp-breadcrumbs.default\">\n\t\t\t\t<div class=\"elementor-widget-container\">\n\t\t\t\t\t<nav  aria-label=\"miga de pan\"><ol class=\"breadcrumb\" itemscope itemtype=\"https:\/\/schema.org\/BreadcrumbList\"><li class=\"breadcrumb-item active\" aria-current=\"page\" itemprop=\"itemListElement\" itemscope itemtype=\"https:\/\/schema.org\/ListItem\"><span itemprop=\"name\">Inicio<\/span><meta itemprop=\"position\" content=\"1\"><\/li><\/ol><\/nav>\t\t\t\t<\/div>\n\t\t\t\t<\/div>\n\t\t\t\t\t<\/div>\n\t\t\t\t<\/div>\n\t\t<div class=\"elementor-element elementor-element-33a1150b e-flex e-con-boxed e-con e-parent\" data-id=\"33a1150b\" data-element_type=\"container\" data-e-type=\"container\">\n\t\t\t\t\t<div class=\"e-con-inner\">\n\t\t\t\t<div class=\"elementor-element elementor-element-410032b8 elementor-invisible elementor-widget elementor-widget-heading\" data-id=\"410032b8\" data-element_type=\"widget\" data-e-type=\"widget\" data-settings=\"{&quot;_animation&quot;:&quot;fadeInUp&quot;}\" data-widget_type=\"heading.default\">\n\t\t\t\t\t<h2 class=\"elementor-heading-title elementor-size-default\">Nuestros usuarios nos adoran<\/h2>\t\t\t\t<\/div>\n\t\t\t\t<div class=\"elementor-element elementor-element-4de8744d elementor-widget__width-initial elementor-invisible elementor-widget elementor-widget-text-editor\" data-id=\"4de8744d\" data-element_type=\"widget\" data-e-type=\"widget\" data-settings=\"{&quot;_animation&quot;:&quot;fadeInUp&quot;}\" data-widget_type=\"text-editor.default\">\n\t\t\t\t\t\t\t\t\t<p>En 80 pa\u00edses y en 25 idiomas, la tecnolog\u00eda Zoomax ayuda a decenas de miles de usuarios cada d\u00eda. Sus historias hablan por s\u00ed solas: sum\u00e9rgete en los relatos de primera mano de nuestros incre\u00edbles usuarios.<\/p>\t\t\t\t\t\t\t\t<\/div>\n\t\t\t\t<div class=\"elementor-element elementor-element-9fb1eb8 elementor-grid-3 elementor-grid-tablet-2 elementor-grid-mobile-1 elementor-posts--thumbnail-top elementor-widget elementor-widget-posts\" data-id=\"9fb1eb8\" data-element_type=\"widget\" data-e-type=\"widget\" data-settings=\"{&quot;classic_row_gap&quot;:{&quot;unit&quot;:&quot;px&quot;,&quot;size&quot;:20,&quot;sizes&quot;:[]},&quot;pagination_type&quot;:&quot;numbers&quot;,&quot;classic_columns&quot;:&quot;3&quot;,&quot;classic_columns_tablet&quot;:&quot;2&quot;,&quot;classic_columns_mobile&quot;:&quot;1&quot;,&quot;classic_row_gap_tablet&quot;:{&quot;unit&quot;:&quot;px&quot;,&quot;size&quot;:&quot;&quot;,&quot;sizes&quot;:[]},&quot;classic_row_gap_mobile&quot;:{&quot;unit&quot;:&quot;px&quot;,&quot;size&quot;:&quot;&quot;,&quot;sizes&quot;:[]}}\" data-widget_type=\"posts.classic\">\n\t\t\t\t<div class=\"elementor-widget-container\">\n\t\t\t\t\t\t\t<div class=\"elementor-posts-container elementor-posts elementor-posts--skin-classic elementor-grid\" role=\"list\">\n\t\t\t\t<article class=\"elementor-post elementor-grid-item post-13654 post type-post status-publish format-standard has-post-thumbnail hentry category-review-and-testimonials tag-living-with-low-vision\" role=\"listitem\">\n\t\t\t\t<div class=\"elementor-post__text\">\n\t\t\t\t<h3 class=\"elementor-post__title\">\n\t\t\t<a href=\"https:\/\/zoomax.com\/es\/hear-from-our-users-why-is-zoomax-snow-pad-so-popular-among-students\/\" target=\"&quot;_blank&quot;\">\n\t\t\t\tEscuche a nuestros usuarios: \u00bfPor qu\u00e9 ZOOMAX Snow Pad es tan popular entre los estudiantes?\t\t\t<\/a>\n\t\t<\/h3>\n\t\t\t\t<div class=\"elementor-post__meta-data\">\n\t\t\t\t\t<span class=\"elementor-post-date\">\n\t\t\t15.08.2025\t\t<\/span>\n\t\t\t\t<\/div>\n\t\t\t\t<div class=\"elementor-post__excerpt\">\n\t\t\t<p>Desde nuestros inicios en la tecnolog\u00eda de asistencia, Zoomax ha permanecido atento a las voces de los usuarios. En los \u00faltimos meses, la<\/p>\n\t\t<\/div>\n\t\t\n\t\t<a class=\"elementor-post__read-more\" href=\"https:\/\/zoomax.com\/es\/hear-from-our-users-why-is-zoomax-snow-pad-so-popular-among-students\/\" aria-label=\"Read more about Hear from Our Users: Why is ZOOMAX Snow Pad So Popular Among Students\" tabindex=\"-1\" target=\"_blank\">\n\t\t\tLeer M\u00e1s \u00bb\t\t<\/a>\n\n\t\t\t\t<\/div>\n\t\t\t\t<\/article>\n\t\t\t\t<article class=\"elementor-post elementor-grid-item post-9722 post type-post status-publish format-standard has-post-thumbnail hentry category-review-and-testimonials tag-luna-6\" role=\"listitem\">\n\t\t\t\t<div class=\"elementor-post__text\">\n\t\t\t\t<h3 class=\"elementor-post__title\">\n\t\t\t<a href=\"https:\/\/zoomax.com\/es\/zoomax-luna-6-impressions\/\" target=\"&quot;_blank&quot;\">\n\t\t\t\tZoomax Luna 6 impresiones\t\t\t<\/a>\n\t\t<\/h3>\n\t\t\t\t<div class=\"elementor-post__meta-data\">\n\t\t\t\t\t<span class=\"elementor-post-date\">\n\t\t\t23.01.2024\t\t<\/span>\n\t\t\t\t<\/div>\n\t\t\t\t<div class=\"elementor-post__excerpt\">\n\t\t\t<p>Impresi\u00f3n de los usuarios b\u00falgaros de Zoomax Luna 6. La excelente lupa de v\u00eddeo para m\u00faltiples tareas. <\/p>\n\t\t<\/div>\n\t\t\n\t\t<a class=\"elementor-post__read-more\" href=\"https:\/\/zoomax.com\/es\/zoomax-luna-6-impressions\/\" aria-label=\"Read more about Zoomax Luna 6 impressions\" tabindex=\"-1\" target=\"_blank\">\n\t\t\tLeer M\u00e1s \u00bb\t\t<\/a>\n\n\t\t\t\t<\/div>\n\t\t\t\t<\/article>\n\t\t\t\t<article class=\"elementor-post elementor-grid-item post-6721 post type-post status-publish format-standard has-post-thumbnail hentry category-review-and-testimonials tag-acesight-vr\" role=\"listitem\">\n\t\t\t\t<div class=\"elementor-post__text\">\n\t\t\t\t<h3 class=\"elementor-post__title\">\n\t\t\t<a href=\"https:\/\/zoomax.com\/es\/making-masterpiece-with-acesight-vr\/\" target=\"&quot;_blank&quot;\">\n\t\t\t\tHacer obras maestras con Acesight VR\t\t\t<\/a>\n\t\t<\/h3>\n\t\t\t\t<div class=\"elementor-post__meta-data\">\n\t\t\t\t\t<span class=\"elementor-post-date\">\n\t\t\t23.06.2022\t\t<\/span>\n\t\t\t\t<\/div>\n\t\t\t\t<div class=\"elementor-post__excerpt\">\n\t\t\t<p>Un comentario sobre el uso de Acesight VR para crear una obra maestra. La excelente calidad de imagen hace realidad todas las posibilidades. <\/p>\n\t\t<\/div>\n\t\t\n\t\t<a class=\"elementor-post__read-more\" href=\"https:\/\/zoomax.com\/es\/making-masterpiece-with-acesight-vr\/\" aria-label=\"Read more about Making masterpiece with Acesight VR\" tabindex=\"-1\" target=\"_blank\">\n\t\t\tLeer M\u00e1s \u00bb\t\t<\/a>\n\n\t\t\t\t<\/div>\n\t\t\t\t<\/article>\n\t\t\t\t<article class=\"elementor-post elementor-grid-item post-6200 post type-post status-publish format-standard has-post-thumbnail hentry category-review-and-testimonials tag-snow-12\" role=\"listitem\">\n\t\t\t\t<div class=\"elementor-post__text\">\n\t\t\t\t<h3 class=\"elementor-post__title\">\n\t\t\t<a href=\"https:\/\/zoomax.com\/es\/after-sales-service-feedback\/\" target=\"&quot;_blank&quot;\">\n\t\t\t\tComentarios sobre el servicio posventa\t\t\t<\/a>\n\t\t<\/h3>\n\t\t\t\t<div class=\"elementor-post__meta-data\">\n\t\t\t\t\t<span class=\"elementor-post-date\">\n\t\t\t23.12.2021\t\t<\/span>\n\t\t\t\t<\/div>\n\t\t\t\t<div class=\"elementor-post__excerpt\">\n\t\t\t<p>\u00a1Compruebe los comentarios del servicio posventa de Zoomax! Por dos usuarios de las lupas de v\u00eddeo Butterfly 3.5 y Snow 12 de Zoomax.<\/p>\n\t\t<\/div>\n\t\t\n\t\t<a class=\"elementor-post__read-more\" href=\"https:\/\/zoomax.com\/es\/after-sales-service-feedback\/\" aria-label=\"Read more about After-sales Service Feedback\" tabindex=\"-1\" target=\"_blank\">\n\t\t\tLeer M\u00e1s \u00bb\t\t<\/a>\n\n\t\t\t\t<\/div>\n\t\t\t\t<\/article>\n\t\t\t\t<article class=\"elementor-post elementor-grid-item post-5530 post type-post status-publish format-standard has-post-thumbnail hentry category-news-events category-review-and-testimonials tag-other-news-and-event tag-snow-12\" role=\"listitem\">\n\t\t\t\t<a class=\"elementor-post__thumbnail__link\" href=\"https:\/\/zoomax.com\/es\/snow-12-portable-electronic-video-magnifier-at-deafblind-west-australians\/\" tabindex=\"-1\" target=\"&quot;_blank&quot;\">\n\t\t\t<div class=\"elementor-post__thumbnail\"><img fetchpriority=\"high\" decoding=\"async\" width=\"720\" height=\"960\" src=\"https:\/\/zoomax.com\/wp-content\/uploads\/2021\/09\/People-using-Zoomax-Snow-12-to-read-text-at-Deafblind-West-Australians.webp\" class=\"attachment-full size-full wp-image-20576\" alt=\"people using zoomax snow 12 to read text at deafblind west australians\" srcset=\"https:\/\/zoomax.com\/wp-content\/uploads\/2021\/09\/People-using-Zoomax-Snow-12-to-read-text-at-Deafblind-West-Australians.webp 720w, https:\/\/zoomax.com\/wp-content\/uploads\/2021\/09\/People-using-Zoomax-Snow-12-to-read-text-at-Deafblind-West-Australians-225x300.webp 225w, https:\/\/zoomax.com\/wp-content\/uploads\/2021\/09\/People-using-Zoomax-Snow-12-to-read-text-at-Deafblind-West-Australians-9x12.webp 9w\" sizes=\"(max-width: 720px) 100vw, 720px\" \/><\/div>\n\t\t<\/a>\n\t\t\t\t<div class=\"elementor-post__text\">\n\t\t\t\t<h3 class=\"elementor-post__title\">\n\t\t\t<a href=\"https:\/\/zoomax.com\/es\/snow-12-portable-electronic-video-magnifier-at-deafblind-west-australians\/\" target=\"&quot;_blank&quot;\">\n\t\t\t\tLupa de v\u00eddeo electr\u00f3nica port\u00e1til Snow 12 en Deafblind West Australians\t\t\t<\/a>\n\t\t<\/h3>\n\t\t\t\t<div class=\"elementor-post__meta-data\">\n\t\t\t\t\t<span class=\"elementor-post-date\">\n\t\t\t15.09.2021\t\t<\/span>\n\t\t\t\t<\/div>\n\t\t\t\t<div class=\"elementor-post__excerpt\">\n\t\t\t<p>Vea c\u00f3mo la lupa de v\u00eddeo electr\u00f3nica port\u00e1til Zoomax Snow 12 ayuda a las personas sordociegas de West Australians.<\/p>\n\t\t<\/div>\n\t\t\n\t\t<a class=\"elementor-post__read-more\" href=\"https:\/\/zoomax.com\/es\/snow-12-portable-electronic-video-magnifier-at-deafblind-west-australians\/\" aria-label=\"Read more about Snow 12 Portable Electronic Video Magnifier at Deafblind West Australians\" tabindex=\"-1\" target=\"_blank\">\n\t\t\tLeer M\u00e1s \u00bb\t\t<\/a>\n\n\t\t\t\t<\/div>\n\t\t\t\t<\/article>\n\t\t\t\t<article class=\"elementor-post elementor-grid-item post-5177 post type-post status-publish format-standard has-post-thumbnail hentry category-review-and-testimonials tag-acesight\" role=\"listitem\">\n\t\t\t\t<div class=\"elementor-post__text\">\n\t\t\t\t<h3 class=\"elementor-post__title\">\n\t\t\t<a href=\"https:\/\/zoomax.com\/es\/he-could-see-his-fiancee-from-across-the-room\/\" target=\"&quot;_blank&quot;\">\n\t\t\t\t\u201cPod\u00eda ver a su prometida desde el otro lado de la habitaci\u00f3n\u201d\t\t\t<\/a>\n\t\t<\/h3>\n\t\t\t\t<div class=\"elementor-post__meta-data\">\n\t\t\t\t\t<span class=\"elementor-post-date\">\n\t\t\t12.07.2021\t\t<\/span>\n\t\t\t\t<\/div>\n\t\t\t\t<div class=\"elementor-post__excerpt\">\n\t\t\t<p>\u00a1Mira esto! Una retroalimentaci\u00f3n Acesight por Susan compartir lo emocionada que estaba de ver Acesight gafas electr\u00f3nicas ayud\u00f3 a su hijo a cabo.<\/p>\n\t\t<\/div>\n\t\t\n\t\t<a class=\"elementor-post__read-more\" href=\"https:\/\/zoomax.com\/es\/he-could-see-his-fiancee-from-across-the-room\/\" aria-label=\"Read more about &#8220;He Could See His Fianc\u00e9e From Across the Room&#8221;\" tabindex=\"-1\" target=\"_blank\">\n\t\t\tLeer M\u00e1s \u00bb\t\t<\/a>\n\n\t\t\t\t<\/div>\n\t\t\t\t<\/article>\n\t\t\t\t<article class=\"elementor-post elementor-grid-item post-5126 post type-post status-publish format-standard has-post-thumbnail hentry category-review-and-testimonials tag-acesight-vr\" role=\"listitem\">\n\t\t\t\t<div class=\"elementor-post__text\">\n\t\t\t\t<h3 class=\"elementor-post__title\">\n\t\t\t<a href=\"https:\/\/zoomax.com\/es\/watching-football-game-in-a-stadium-wearing-acesight-vr\/\" target=\"&quot;_blank&quot;\">\n\t\t\t\tVer un partido de f\u00fatbol en un estadio con Acesight VR\t\t\t<\/a>\n\t\t<\/h3>\n\t\t\t\t<div class=\"elementor-post__meta-data\">\n\t\t\t\t\t<span class=\"elementor-post-date\">\n\t\t\t28.06.2021\t\t<\/span>\n\t\t\t\t<\/div>\n\t\t\t\t<div class=\"elementor-post__excerpt\">\n\t\t\t<p>Comentarios sobre el uso de Acesight VR para ver un partido de f\u00fatbol. La experiencia sin lag hace posible la visi\u00f3n.<\/p>\n\t\t<\/div>\n\t\t\n\t\t<a class=\"elementor-post__read-more\" href=\"https:\/\/zoomax.com\/es\/watching-football-game-in-a-stadium-wearing-acesight-vr\/\" aria-label=\"Read more about Watching football game in a stadium wearing Acesight VR\" tabindex=\"-1\" target=\"_blank\">\n\t\t\tLeer M\u00e1s \u00bb\t\t<\/a>\n\n\t\t\t\t<\/div>\n\t\t\t\t<\/article>\n\t\t\t\t<article class=\"elementor-post elementor-grid-item post-5118 post type-post status-publish format-standard has-post-thumbnail hentry category-review-and-testimonials tag-acesight-vr\" role=\"listitem\">\n\t\t\t\t<div class=\"elementor-post__text\">\n\t\t\t\t<h3 class=\"elementor-post__title\">\n\t\t\t<a href=\"https:\/\/zoomax.com\/es\/acesight-vr-feedback-from-jay-h\/\" target=\"&quot;_blank&quot;\">\n\t\t\t\tAcesight VR Opini\u00f3n de Jay H.\t\t\t<\/a>\n\t\t<\/h3>\n\t\t\t\t<div class=\"elementor-post__meta-data\">\n\t\t\t\t\t<span class=\"elementor-post-date\">\n\t\t\t24.06.2021\t\t<\/span>\n\t\t\t\t<\/div>\n\t\t\t\t<div class=\"elementor-post__excerpt\">\n\t\t\t<p>Me quedo con el AceSight Vr para mi p\u00e9rdida de visi\u00f3n particular. Gracias por su excelente servicio y apoyo para ayudarme a tomar la mejor decisi\u00f3n posible.<\/p>\n\t\t<\/div>\n\t\t\n\t\t<a class=\"elementor-post__read-more\" href=\"https:\/\/zoomax.com\/es\/acesight-vr-feedback-from-jay-h\/\" aria-label=\"Read more about Acesight VR Feedback from Jay H.\" tabindex=\"-1\" target=\"_blank\">\n\t\t\tLeer M\u00e1s \u00bb\t\t<\/a>\n\n\t\t\t\t<\/div>\n\t\t\t\t<\/article>\n\t\t\t\t<article class=\"elementor-post elementor-grid-item post-5103 post type-post status-publish format-standard has-post-thumbnail hentry category-review-and-testimonials tag-snow-12\" role=\"listitem\">\n\t\t\t\t<div class=\"elementor-post__text\">\n\t\t\t\t<h3 class=\"elementor-post__title\">\n\t\t\t<a href=\"https:\/\/zoomax.com\/es\/snow-12-portable-video-magnifier-review-by-lloyd-w\/\" target=\"&quot;_blank&quot;\">\n\t\t\t\tLupa de v\u00eddeo port\u00e1til Snow 12 Rese\u00f1a de Lloyd W.\t\t\t<\/a>\n\t\t<\/h3>\n\t\t\t\t<div class=\"elementor-post__meta-data\">\n\t\t\t\t\t<span class=\"elementor-post-date\">\n\t\t\t07.06.2021\t\t<\/span>\n\t\t\t\t<\/div>\n\t\t\t\t<div class=\"elementor-post__excerpt\">\n\t\t\t<p>\u201cMi visi\u00f3n es muy muy limitada y este dispositivo es un salvavidas\u201d.\u201d<\/p>\n\t\t<\/div>\n\t\t\n\t\t<a class=\"elementor-post__read-more\" href=\"https:\/\/zoomax.com\/es\/snow-12-portable-video-magnifier-review-by-lloyd-w\/\" aria-label=\"Read more about Snow 12 Portable Video Magnifier Review by Lloyd W.\" tabindex=\"-1\" target=\"_blank\">\n\t\t\tLeer M\u00e1s \u00bb\t\t<\/a>\n\n\t\t\t\t<\/div>\n\t\t\t\t<\/article>\n\t\t\t\t<\/div>\n\t\t\n\t\t\t\t<div class=\"e-load-more-anchor\" data-page=\"1\" data-max-page=\"7\" data-next-page=\"https:\/\/zoomax.com\/wp-json\/wp\/v2\/pages\/1048\/page\/2\/\"><\/div>\n\t\t\t\t<nav class=\"elementor-pagination\" aria-label=\"Pagination\">\n\t\t\t<span aria-current=\"page\" class=\"page-numbers current\"><span class=\"elementor-screen-only\">Page<\/span>1<\/span>\n<a class=\"page-numbers\" href=\"https:\/\/zoomax.com\/wp-json\/wp\/v2\/pages\/1048\/page\/2\/\"><span class=\"elementor-screen-only\">Page<\/span>2<\/a>\n<a class=\"page-numbers\" href=\"https:\/\/zoomax.com\/wp-json\/wp\/v2\/pages\/1048\/page\/3\/\"><span class=\"elementor-screen-only\">Page<\/span>3<\/a>\n<span class=\"page-numbers dots\">&hellip;<\/span>\n<a class=\"page-numbers\" href=\"https:\/\/zoomax.com\/wp-json\/wp\/v2\/pages\/1048\/page\/7\/\"><span class=\"elementor-screen-only\">Page<\/span>7<\/a>\t\t<\/nav>\n\t\t\t\t\t\t<\/div>\n\t\t\t\t<\/div>\n\t\t\t\t\t<\/div>\n\t\t\t\t<\/div>\n\t\t\t\t<\/div>","protected":false},"excerpt":{"rendered":"<p>Home We Are Loved by Our Users! Across 80 countries and in 25 languages, Zoomax technology is empowering tens of [&hellip;]<\/p>\n","protected":false},"author":1,"featured_media":0,"parent":57,"menu_order":0,"comment_status":"closed","ping_status":"closed","template":"","meta":{"_seopress_robots_primary_cat":"","_seopress_titles_title":"Reviews & Testimonials","_seopress_titles_desc":"Read reviews & testimonials from the users about Zoomax low vision aids and electronic video magnifiers.","_seopress_robots_index":"","site-sidebar-layout":"no-sidebar","site-content-layout":"","ast-site-content-layout":"full-width-container","site-content-style":"default","site-sidebar-style":"default","ast-global-header-display":"","ast-banner-title-visibility":"","ast-main-header-display":"","ast-hfb-above-header-display":"","ast-hfb-below-header-display":"","ast-hfb-mobile-header-display":"","site-post-title":"disabled","ast-breadcrumbs-content":"","ast-featured-img":"disabled","footer-sml-layout":"","ast-disable-related-posts":"","theme-transparent-header-meta":"","adv-header-id-meta":"","stick-header-meta":"","header-above-stick-meta":"","header-main-stick-meta":"","header-below-stick-meta":"","astra-migrate-meta-layouts":"default","ast-page-background-enabled":"default","ast-page-background-meta":{"desktop":{"background-color":"var(--ast-global-color-5)","background-image":"","background-repeat":"repeat","background-position":"center center","background-size":"auto","background-attachment":"scroll","background-type":"","background-media":"","overlay-type":"","overlay-color":"","overlay-opacity":"","overlay-gradient":""},"tablet":{"background-color":"","background-image":"","background-repeat":"repeat","background-position":"center center","background-size":"auto","background-attachment":"scroll","background-type":"","background-media":"","overlay-type":"","overlay-color":"","overlay-opacity":"","overlay-gradient":""},"mobile":{"background-color":"","background-image":"","background-repeat":"repeat","background-position":"center center","background-size":"auto","background-attachment":"scroll","background-type":"","background-media":"","overlay-type":"","overlay-color":"","overlay-opacity":"","overlay-gradient":""}},"ast-content-background-meta":{"desktop":{"background-color":"var(--ast-global-color-4)","background-image":"","background-repeat":"repeat","background-position":"center center","background-size":"auto","background-attachment":"scroll","background-type":"","background-media":"","overlay-type":"","overlay-color":"","overlay-opacity":"","overlay-gradient":""},"tablet":{"background-color":"var(--ast-global-color-4)","background-image":"","background-repeat":"repeat","background-position":"center center","background-size":"auto","background-attachment":"scroll","background-type":"","background-media":"","overlay-type":"","overlay-color":"","overlay-opacity":"","overlay-gradient":""},"mobile":{"background-color":"var(--ast-global-color-4)","background-image":"","background-repeat":"repeat","background-position":"center center","background-size":"auto","background-attachment":"scroll","background-type":"","background-media":"","overlay-type":"","overlay-color":"","overlay-opacity":"","overlay-gradient":""}},"footnotes":""},"class_list":["post-1048","page","type-page","status-publish","hentry"],"_links":{"self":[{"href":"https:\/\/zoomax.com\/es\/wp-json\/wp\/v2\/pages\/1048","targetHints":{"allow":["GET"]}}],"collection":[{"href":"https:\/\/zoomax.com\/es\/wp-json\/wp\/v2\/pages"}],"about":[{"href":"https:\/\/zoomax.com\/es\/wp-json\/wp\/v2\/types\/page"}],"author":[{"embeddable":true,"href":"https:\/\/zoomax.com\/es\/wp-json\/wp\/v2\/users\/1"}],"replies":[{"embeddable":true,"href":"https:\/\/zoomax.com\/es\/wp-json\/wp\/v2\/comments?post=1048"}],"version-history":[{"count":65,"href":"https:\/\/zoomax.com\/es\/wp-json\/wp\/v2\/pages\/1048\/revisions"}],"predecessor-version":[{"id":17709,"href":"https:\/\/zoomax.com\/es\/wp-json\/wp\/v2\/pages\/1048\/revisions\/17709"}],"up":[{"embeddable":true,"href":"https:\/\/zoomax.com\/es\/wp-json\/wp\/v2\/pages\/57"}],"wp:attachment":[{"href":"https:\/\/zoomax.com\/es\/wp-json\/wp\/v2\/media?parent=1048"}],"curies":[{"name":"wp","href":"https:\/\/api.w.org\/{rel}","templated":true}]}}