{"id":17062,"date":"2026-03-14T15:38:17","date_gmt":"2026-03-14T07:38:17","guid":{"rendered":"https:\/\/zoomax.com\/?page_id=17062"},"modified":"2026-03-19T18:52:54","modified_gmt":"2026-03-19T10:52:54","slug":"low-vision-ophthalmologist","status":"publish","type":"page","link":"https:\/\/zoomax.com\/es\/low-vision-ophthalmologist\/","title":{"rendered":"Oftalm\u00f3logo especialista en baja visi\u00f3n"},"content":{"rendered":"<div data-elementor-type=\"wp-page\" data-elementor-id=\"17062\" class=\"elementor elementor-17062\" data-elementor-post-type=\"page\">\n\t\t\t\t<div class=\"elementor-element elementor-element-c47d7cd e-con-full e-flex e-con e-parent\" data-id=\"c47d7cd\" data-element_type=\"container\" data-settings=\"{&quot;background_background&quot;:&quot;classic&quot;}\">\n\t\t\t\t<div class=\"elementor-element elementor-element-8bf4919 elementor-widget elementor-widget-heading\" data-id=\"8bf4919\" data-element_type=\"widget\" data-widget_type=\"heading.default\">\n\t\t\t\t\t<h2 class=\"elementor-heading-title elementor-size-default\">Baja visi\u00f3n<br>Oftalm\u00f3logo<\/h2>\t\t\t\t<\/div>\n\t\t\t\t<\/div>\n\t\t<div class=\"elementor-element elementor-element-9aa040d e-flex e-con-boxed e-con e-parent\" data-id=\"9aa040d\" data-element_type=\"container\">\n\t\t\t\t\t<div class=\"e-con-inner\">\n\t\t\t\t<div class=\"elementor-element elementor-element-4cf9a07 elementor-widget elementor-widget-sp-breadcrumbs\" data-id=\"4cf9a07\" data-element_type=\"widget\" data-widget_type=\"sp-breadcrumbs.default\">\n\t\t\t\t<div class=\"elementor-widget-container\">\n\t\t\t\t\t<nav  aria-label=\"breadcrumb\"><ol class=\"breadcrumb\" itemscope itemtype=\"https:\/\/schema.org\/BreadcrumbList\"><li class=\"breadcrumb-item active\" aria-current=\"page\" itemprop=\"itemListElement\" itemscope itemtype=\"https:\/\/schema.org\/ListItem\"><span itemprop=\"name\">Inicio<\/span><meta itemprop=\"position\" content=\"1\"><\/li><\/ol><\/nav>\t\t\t\t<\/div>\n\t\t\t\t<\/div>\n\t\t\t\t\t<\/div>\n\t\t\t\t<\/div>\n\t\t<div class=\"elementor-element elementor-element-102482d1 e-flex e-con-boxed e-con e-parent\" data-id=\"102482d1\" data-element_type=\"container\">\n\t\t\t\t\t<div class=\"e-con-inner\">\n\t\t<div class=\"elementor-element elementor-element-24effb3a e-flex e-con-boxed e-con e-child\" data-id=\"24effb3a\" data-element_type=\"container\">\n\t\t\t\t\t<div class=\"e-con-inner\">\n\t\t\t\t<div class=\"elementor-element elementor-element-36c77fe7 elementor-invisible elementor-widget elementor-widget-heading\" data-id=\"36c77fe7\" data-element_type=\"widget\" data-settings=\"{&quot;_animation&quot;:&quot;fadeInUp&quot;}\" data-widget_type=\"heading.default\">\n\t\t\t\t\t<h1 class=\"elementor-heading-title elementor-size-default\">Avanzar en la atenci\u00f3n al paciente con tecnolog\u00eda certificada para baja visi\u00f3n<\/h1>\t\t\t\t<\/div>\n\t\t\t\t<div class=\"elementor-element elementor-element-ee9fcf6 elementor-widget__width-initial elementor-invisible elementor-widget elementor-widget-text-editor\" data-id=\"ee9fcf6\" data-element_type=\"widget\" data-settings=\"{&quot;_animation&quot;:&quot;fadeInUp&quot;}\" data-widget_type=\"text-editor.default\">\n\t\t\t\t\t\t\t\t\t<p>Estimado profesional de la visi\u00f3n, su papel a la hora de orientar a los pacientes tras un diagn\u00f3stico de baja visi\u00f3n es fundamental. En Zoomax Technology, dise\u00f1amos lupas electr\u00f3nicas de v\u00eddeo como herramientas cl\u00ednicas serias para apoyar sus estrategias de rehabilitaci\u00f3n. Nuestros principales productos<a href=\"https:\/\/zoomax.com\/es\/low-vision-aids\/portable-electronic-video-magnifier-snow-12\/\" target=\"_blank\" rel=\"noopener\">Nieve 12<\/a>, <a href=\"https:\/\/zoomax.com\/es\/low-vision-aids\/portable-electronic-video-magnifier-snow-pad\/\" target=\"_blank\" rel=\"noopener\">Almohadilla de nieve<\/a>, <a href=\"https:\/\/zoomax.com\/es\/low-vision-aids\/handheld-electronic-video-magnifier-luna-6\/\" target=\"_blank\" rel=\"noopener\">Luna 6<\/a>, y <a href=\"https:\/\/zoomax.com\/es\/low-vision-aids\/low-vision-e-glasses-acesight-vr\/\" target=\"_blank\" rel=\"noopener\">Acesight VR<\/a>-est\u00e1n desarrolladas normas estrictas que incluyen el registro CE, RoHS y FDA.<\/p>\t\t\t\t\t\t\t\t<\/div>\n\t\t\t\t<div class=\"elementor-element elementor-element-261c83d elementor-align-center elementor-widget elementor-widget-button\" data-id=\"261c83d\" data-element_type=\"widget\" data-widget_type=\"button.default\">\n\t\t\t\t\t\t\t\t\t\t<a class=\"elementor-button elementor-button-link elementor-size-sm\" href=\"https:\/\/zoomax.com\/es\/contact-us\/\" target=\"_blank\">\n\t\t\t\t\t\t<span class=\"elementor-button-content-wrapper\">\n\t\t\t\t\t\t\t\t\t<span class=\"elementor-button-text\">M\u00e1s informaci\u00f3n sobre nuestros productos<\/span>\n\t\t\t\t\t<\/span>\n\t\t\t\t\t<\/a>\n\t\t\t\t\t\t\t\t<\/div>\n\t\t\t\t\t<\/div>\n\t\t\t\t<\/div>\n\t\t\t\t\t<\/div>\n\t\t\t\t<\/div>\n\t\t<div class=\"elementor-element elementor-element-12576451 e-con-full e-flex e-con e-parent\" data-id=\"12576451\" data-element_type=\"container\" data-settings=\"{&quot;background_background&quot;:&quot;classic&quot;}\">\n\t\t<div class=\"elementor-element elementor-element-410b3816 e-flex e-con-boxed e-con e-child\" data-id=\"410b3816\" data-element_type=\"container\">\n\t\t\t\t\t<div class=\"e-con-inner\">\n\t\t\t\t<div class=\"elementor-element elementor-element-51270d1 elementor-invisible elementor-widget elementor-widget-heading\" data-id=\"51270d1\" data-element_type=\"widget\" data-settings=\"{&quot;_animation&quot;:&quot;fadeInUp&quot;}\" data-widget_type=\"heading.default\">\n\t\t\t\t\t<h2 class=\"elementor-heading-title elementor-size-default\">Adaptar la tecnolog\u00eda a los objetivos terap\u00e9uticos<\/h2>\t\t\t\t<\/div>\n\t\t\t\t\t<\/div>\n\t\t\t\t<\/div>\n\t\t\t\t<div class=\"elementor-element elementor-element-15837853 elementor-widget__width-initial elementor-invisible elementor-widget elementor-widget-text-editor\" data-id=\"15837853\" data-element_type=\"widget\" data-settings=\"{&quot;_animation&quot;:&quot;fadeInUp&quot;}\" data-widget_type=\"text-editor.default\">\n\t\t\t\t\t\t\t\t\t<p>M\u00e1s all\u00e1 del aumento b\u00e1sico, nuestros dispositivos favorecen resultados terap\u00e9uticos m\u00e1s amplios: mantener la independencia, permitir la participaci\u00f3n en actividades y fomentar el bienestar mental.<\/p><ul><li><strong>Para rehabilitaci\u00f3n lectora y tareas cotidianas<\/strong>: El Snow Pad ofrece un equilibrio \u00f3ptimo entre portabilidad y una gran pantalla t\u00e1ctil de f\u00e1cil manejo. Es ideal para ejercicios de lectura prescritos en casa, gesti\u00f3n del correo y pasatiempos. Para los pacientes que requieren el m\u00e1ximo rendimiento para textos densos o trabajos detallados, la lupa de sobremesa Snow 12 ofrece una claridad \u00f3ptica superior y un confort ergon\u00f3mico.<\/li><\/ul><p><a href=\"https:\/\/zoomax.com\/es\/low-vision-aids\/portable-electronic-video-magnifier-snow-pad\/\" target=\"_blank\" rel=\"noopener\"><img fetchpriority=\"high\" decoding=\"async\" class=\"aligncenter wp-image-17065 size-large\" src=\"https:\/\/zoomax.com\/wp-content\/uploads\/2026\/03\/FDA-registered-Snow-Pad-portable-video-magnifier-for-low-vision-assessment-1024x768.webp\" alt=\"fda registered snow pad portable video magnifier for low vision assessment\" width=\"1024\" height=\"768\" srcset=\"https:\/\/zoomax.com\/wp-content\/uploads\/2026\/03\/FDA-registered-Snow-Pad-portable-video-magnifier-for-low-vision-assessment-1024x768.webp 1024w, https:\/\/zoomax.com\/wp-content\/uploads\/2026\/03\/FDA-registered-Snow-Pad-portable-video-magnifier-for-low-vision-assessment-300x225.webp 300w, https:\/\/zoomax.com\/wp-content\/uploads\/2026\/03\/FDA-registered-Snow-Pad-portable-video-magnifier-for-low-vision-assessment-768x576.webp 768w, https:\/\/zoomax.com\/wp-content\/uploads\/2026\/03\/FDA-registered-Snow-Pad-portable-video-magnifier-for-low-vision-assessment-1536x1152.webp 1536w, https:\/\/zoomax.com\/wp-content\/uploads\/2026\/03\/FDA-registered-Snow-Pad-portable-video-magnifier-for-low-vision-assessment.webp 1920w\" sizes=\"(max-width: 1024px) 100vw, 1024px\" \/><\/a><\/p><ul><li><strong>Por la movilidad y la seguridad de la comunidad<\/strong>: La lupa de mano Luna 6 es una herramienta pr\u00e1ctica para identificar recetas m\u00e9dicas, etiquetas de productos y men\u00fas de restaurantes, lo que contribuye a la confianza durante los recados.<\/li><li><strong>Por la calidad de vida y el bienestar emocional<\/strong>: Considere el Acesight VR para pacientes que se han retirado de las actividades de ocio. Se trata de un dispositivo est\u00e1tico de entretenimiento inmersivo dise\u00f1ado espec\u00edficamente para ver televisi\u00f3n, pel\u00edculas y contenidos digitales de forma segura en casa. Al restaurar el acceso a experiencias culturales compartidas, puede desempe\u00f1ar un papel de apoyo en la lucha contra el aislamiento social y la depresi\u00f3n asociados a la p\u00e9rdida de visi\u00f3n.<\/li><\/ul><p><a href=\"https:\/\/zoomax.com\/es\/low-vision-aids\/low-vision-e-glasses-acesight-vr\/\" target=\"_blank\" rel=\"noopener\"><img decoding=\"async\" class=\"aligncenter wp-image-17064 size-large\" src=\"https:\/\/zoomax.com\/wp-content\/uploads\/2026\/03\/Acesight-VR-wearable-magnifier-for-therapeutic-TV-watching-for-low-vision-patients-1024x768.webp\" alt=\"acesight vr wearable magnifier for therapeutic tv watching for low vision patients\" width=\"1024\" height=\"768\" srcset=\"https:\/\/zoomax.com\/wp-content\/uploads\/2026\/03\/Acesight-VR-wearable-magnifier-for-therapeutic-TV-watching-for-low-vision-patients-1024x768.webp 1024w, https:\/\/zoomax.com\/wp-content\/uploads\/2026\/03\/Acesight-VR-wearable-magnifier-for-therapeutic-TV-watching-for-low-vision-patients-300x225.webp 300w, https:\/\/zoomax.com\/wp-content\/uploads\/2026\/03\/Acesight-VR-wearable-magnifier-for-therapeutic-TV-watching-for-low-vision-patients-768x576.webp 768w, https:\/\/zoomax.com\/wp-content\/uploads\/2026\/03\/Acesight-VR-wearable-magnifier-for-therapeutic-TV-watching-for-low-vision-patients-1536x1152.webp 1536w, https:\/\/zoomax.com\/wp-content\/uploads\/2026\/03\/Acesight-VR-wearable-magnifier-for-therapeutic-TV-watching-for-low-vision-patients.webp 1920w\" sizes=\"(max-width: 1024px) 100vw, 1024px\" \/><\/a><\/p>\t\t\t\t\t\t\t\t<\/div>\n\t\t\t\t<\/div>\n\t\t<div class=\"elementor-element elementor-element-4d22a3a e-flex e-con-boxed e-con e-parent\" data-id=\"4d22a3a\" data-element_type=\"container\">\n\t\t\t\t\t<div class=\"e-con-inner\">\n\t\t<div class=\"elementor-element elementor-element-ad72308 e-flex e-con-boxed e-con e-child\" data-id=\"ad72308\" data-element_type=\"container\">\n\t\t\t\t\t<div class=\"e-con-inner\">\n\t\t\t\t<div class=\"elementor-element elementor-element-50df7be elementor-invisible elementor-widget elementor-widget-heading\" data-id=\"50df7be\" data-element_type=\"widget\" data-settings=\"{&quot;_animation&quot;:&quot;fadeInUp&quot;}\" data-widget_type=\"heading.default\">\n\t\t\t\t\t<h2 class=\"elementor-heading-title elementor-size-default\">Recursos para su consulta<\/h2>\t\t\t\t<\/div>\n\t\t\t\t<div class=\"elementor-element elementor-element-a87c24d elementor-widget elementor-widget-text-editor\" data-id=\"a87c24d\" data-element_type=\"widget\" data-widget_type=\"text-editor.default\">\n\t\t\t\t\t\t\t\t\t<p>Nos comprometemos a ser su <a href=\"https:\/\/zoomax.com\/es\/how-to-choose-low-vision-aid-supplier\/\" target=\"_blank\" rel=\"noopener\">socio competente<\/a>. Acceda a nuestras detalladas gu\u00edas de comparaci\u00f3n cl\u00ednica, solicite una unidad de demostraci\u00f3n para su evaluaci\u00f3n en la consulta o programe una breve formaci\u00f3n en l\u00ednea para su personal.<\/p>\t\t\t\t\t\t\t\t<\/div>\n\t\t\t\t<div class=\"elementor-element elementor-element-25fee2f elementor-widget__width-initial elementor-invisible elementor-widget elementor-widget-text-editor\" data-id=\"25fee2f\" data-element_type=\"widget\" data-settings=\"{&quot;_animation&quot;:&quot;fadeInUp&quot;}\" data-widget_type=\"text-editor.default\">\n\t\t\t\t\t\t\t\t\t<h3><em>Testimonio de un oftalm\u00f3logo:<\/em><\/h3><p><em>\u201cDespu\u00e9s de recomendar el Acesight VR a un paciente con avanzado <a href=\"https:\/\/zoomax.com\/es\/how-much-do-you-know-about-stargardt-disease\/\" target=\"_blank\" rel=\"noopener\">Enfermedad de Stargardt<\/a>, Su familia not\u00f3 una notable mejor\u00eda en su estado de \u00e1nimo. Por fin pudo volver a participar en las noches de cine en familia. Es una herramienta valiosa en nuestro enfoque de atenci\u00f3n hol\u00edstica\u201d.\u201d<\/em><\/p><p><em>- Dra. Elena Rodr\u00edguez, especialista en baja visi\u00f3n.<\/em><\/p>\t\t\t\t\t\t\t\t<\/div>\n\t\t\t\t<div class=\"elementor-element elementor-element-657f265 elementor-widget elementor-widget-heading\" data-id=\"657f265\" data-element_type=\"widget\" data-widget_type=\"heading.default\">\n\t\t\t\t\t<h2 class=\"elementor-heading-title elementor-size-default\">Mejore sus herramientas de rehabilitaci\u00f3n<\/h2>\t\t\t\t<\/div>\n\t\t\t\t<div class=\"elementor-element elementor-element-daf9d4d elementor-widget elementor-widget-text-editor\" data-id=\"daf9d4d\" data-element_type=\"widget\" data-widget_type=\"text-editor.default\">\n\t\t\t\t\t\t\t\t\t<p>Perm\u00edtanos proporcionarle la informaci\u00f3n que necesita para integrar con confianza estas ayudas en sus planes de atenci\u00f3n al paciente.<\/p>\t\t\t\t\t\t\t\t<\/div>\n\t\t\t\t\t<\/div>\n\t\t\t\t<\/div>\n\t\t\t\t<div class=\"elementor-element elementor-element-f1dbdcc elementor-align-center elementor-widget elementor-widget-button\" data-id=\"f1dbdcc\" data-element_type=\"widget\" data-widget_type=\"button.default\">\n\t\t\t\t\t\t\t\t\t\t<a class=\"elementor-button elementor-button-link elementor-size-sm\" href=\"https:\/\/zoomax.com\/es\/support-resource\/user-guide-brochure\/\" target=\"_blank\">\n\t\t\t\t\t\t<span class=\"elementor-button-content-wrapper\">\n\t\t\t\t\t\t\t\t\t<span class=\"elementor-button-text\">Descargar especificaciones cl\u00ednicas y gu\u00eda de aplicaci\u00f3n<\/span>\n\t\t\t\t\t<\/span>\n\t\t\t\t\t<\/a>\n\t\t\t\t\t\t\t\t<\/div>\n\t\t\t\t\t<\/div>\n\t\t\t\t<\/div>\n\t\t\t\t<\/div>","protected":false},"excerpt":{"rendered":"<p>Low VisionOphthalmologist Home Advancing Patient Care with Certified Low Vision Technology Dear Eye Care Professional, your role in guiding patients [&hellip;]<\/p>","protected":false},"author":1,"featured_media":0,"parent":0,"menu_order":0,"comment_status":"closed","ping_status":"closed","template":"","meta":{"_seopress_robots_primary_cat":"","_seopress_titles_title":"Clinical Tools for Low Vision | FDA-Registered Electronic Video Magnifiers","_seopress_titles_desc":"Explore Zoomax's CE\/FDA certified low vision aids for patient recommendation. From Snow Pad for reading to Acesight VR for therapeutic entertainment, enhance your rehabilitation toolkit.","_seopress_robots_index":"","site-sidebar-layout":"no-sidebar","site-content-layout":"","ast-site-content-layout":"full-width-container","site-content-style":"default","site-sidebar-style":"default","ast-global-header-display":"","ast-banner-title-visibility":"","ast-main-header-display":"","ast-hfb-above-header-display":"","ast-hfb-below-header-display":"","ast-hfb-mobile-header-display":"","site-post-title":"disabled","ast-breadcrumbs-content":"","ast-featured-img":"disabled","footer-sml-layout":"","ast-disable-related-posts":"","theme-transparent-header-meta":"","adv-header-id-meta":"","stick-header-meta":"","header-above-stick-meta":"","header-main-stick-meta":"","header-below-stick-meta":"","astra-migrate-meta-layouts":"default","ast-page-background-enabled":"default","ast-page-background-meta":{"desktop":{"background-color":"var(--ast-global-color-5)","background-image":"","background-repeat":"repeat","background-position":"center center","background-size":"auto","background-attachment":"scroll","background-type":"","background-media":"","overlay-type":"","overlay-color":"","overlay-opacity":"","overlay-gradient":""},"tablet":{"background-color":"","background-image":"","background-repeat":"repeat","background-position":"center center","background-size":"auto","background-attachment":"scroll","background-type":"","background-media":"","overlay-type":"","overlay-color":"","overlay-opacity":"","overlay-gradient":""},"mobile":{"background-color":"","background-image":"","background-repeat":"repeat","background-position":"center center","background-size":"auto","background-attachment":"scroll","background-type":"","background-media":"","overlay-type":"","overlay-color":"","overlay-opacity":"","overlay-gradient":""}},"ast-content-background-meta":{"desktop":{"background-color":"var(--ast-global-color-4)","background-image":"","background-repeat":"repeat","background-position":"center center","background-size":"auto","background-attachment":"scroll","background-type":"","background-media":"","overlay-type":"","overlay-color":"","overlay-opacity":"","overlay-gradient":""},"tablet":{"background-color":"var(--ast-global-color-4)","background-image":"","background-repeat":"repeat","background-position":"center center","background-size":"auto","background-attachment":"scroll","background-type":"","background-media":"","overlay-type":"","overlay-color":"","overlay-opacity":"","overlay-gradient":""},"mobile":{"background-color":"var(--ast-global-color-4)","background-image":"","background-repeat":"repeat","background-position":"center center","background-size":"auto","background-attachment":"scroll","background-type":"","background-media":"","overlay-type":"","overlay-color":"","overlay-opacity":"","overlay-gradient":""}},"footnotes":""},"class_list":["post-17062","page","type-page","status-publish","hentry"],"_links":{"self":[{"href":"https:\/\/zoomax.com\/es\/wp-json\/wp\/v2\/pages\/17062","targetHints":{"allow":["GET"]}}],"collection":[{"href":"https:\/\/zoomax.com\/es\/wp-json\/wp\/v2\/pages"}],"about":[{"href":"https:\/\/zoomax.com\/es\/wp-json\/wp\/v2\/types\/page"}],"author":[{"embeddable":true,"href":"https:\/\/zoomax.com\/es\/wp-json\/wp\/v2\/users\/1"}],"replies":[{"embeddable":true,"href":"https:\/\/zoomax.com\/es\/wp-json\/wp\/v2\/comments?post=17062"}],"version-history":[{"count":76,"href":"https:\/\/zoomax.com\/es\/wp-json\/wp\/v2\/pages\/17062\/revisions"}],"predecessor-version":[{"id":17971,"href":"https:\/\/zoomax.com\/es\/wp-json\/wp\/v2\/pages\/17062\/revisions\/17971"}],"wp:attachment":[{"href":"https:\/\/zoomax.com\/es\/wp-json\/wp\/v2\/media?parent=17062"}],"curies":[{"name":"wp","href":"https:\/\/api.w.org\/{rel}","templated":true}]}}