{"id":17076,"date":"2026-03-14T22:23:25","date_gmt":"2026-03-14T14:23:25","guid":{"rendered":"https:\/\/zoomax.com\/?page_id=17076"},"modified":"2026-03-19T19:11:22","modified_gmt":"2026-03-19T11:11:22","slug":"low-vision-association","status":"publish","type":"page","link":"https:\/\/zoomax.com\/es\/low-vision-association\/","title":{"rendered":"Asociaci\u00f3n de Baja Visi\u00f3n"},"content":{"rendered":"<div data-elementor-type=\"wp-page\" data-elementor-id=\"17076\" class=\"elementor elementor-17076\" data-elementor-post-type=\"page\">\n\t\t\t\t<div class=\"elementor-element elementor-element-305e1f6 e-flex e-con-boxed e-con e-parent\" data-id=\"305e1f6\" data-element_type=\"container\">\n\t\t\t\t\t<div class=\"e-con-inner\">\n\t\t\t\t<div class=\"elementor-element elementor-element-e6519f5 elementor-widget elementor-widget-sp-breadcrumbs\" data-id=\"e6519f5\" data-element_type=\"widget\" data-widget_type=\"sp-breadcrumbs.default\">\n\t\t\t\t<div class=\"elementor-widget-container\">\n\t\t\t\t\t<nav  aria-label=\"miga de pan\"><ol class=\"breadcrumb\" itemscope itemtype=\"https:\/\/schema.org\/BreadcrumbList\"><li class=\"breadcrumb-item active\" aria-current=\"page\" itemprop=\"itemListElement\" itemscope itemtype=\"https:\/\/schema.org\/ListItem\"><span itemprop=\"name\">Inicio<\/span><meta itemprop=\"position\" content=\"1\"><\/li><\/ol><\/nav>\t\t\t\t<\/div>\n\t\t\t\t<\/div>\n\t\t\t\t\t<\/div>\n\t\t\t\t<\/div>\n\t\t<div class=\"elementor-element elementor-element-cb5153b e-con-full e-flex e-con e-parent\" data-id=\"cb5153b\" data-element_type=\"container\" data-settings=\"{&quot;background_background&quot;:&quot;classic&quot;}\">\n\t\t\t\t<div class=\"elementor-element elementor-element-98efbfc elementor-widget__width-initial elementor-widget elementor-widget-heading\" data-id=\"98efbfc\" data-element_type=\"widget\" data-widget_type=\"heading.default\">\n\t\t\t\t\t<h1 class=\"elementor-heading-title elementor-size-default\">Soluciones integrales de baja visi\u00f3n para <span style=\"color:#000000\">Asociaciones de Baja Visi\u00f3n<\/span> de Zoomax<\/h1>\t\t\t\t<\/div>\n\t\t\t\t<div class=\"elementor-element elementor-element-555a319 elementor-widget__width-initial elementor-widget elementor-widget-text-editor\" data-id=\"555a319\" data-element_type=\"widget\" data-widget_type=\"text-editor.default\">\n\t\t\t\t\t\t\t\t\t<p>En todo el mundo, las asociaciones de personas con baja visi\u00f3n se enfrentan a retos comunes: dispositivos de talla \u00fanica que no satisfacen las diversas necesidades de los miembros de su comunidad, falta de orientaci\u00f3n profesional para ayudar a los usuarios a seleccionar las herramientas adecuadas y recursos limitados para apoyar la asistencia visual en distintos escenarios. Con m\u00e1s de 285 millones de personas con baja visi\u00f3n en todo el mundo, la demanda de soluciones espec\u00edficas y escalables nunca ha sido mayor.<\/p><p>Zoomax es mucho m\u00e1s que un proveedor de dispositivos: ofrecemos soluciones integrales para la baja visi\u00f3n dise\u00f1adas para que su asociaci\u00f3n pueda ofrecer una asistencia excepcional, mejorar la independencia de los usuarios y agilizar los flujos de trabajo de los servicios comunitarios. Nuestra cartera de productos, que incluye el<a href=\"https:\/\/zoomax.com\/es\/low-vision-aids\/portable-electronic-video-magnifier-snow-12\/\" target=\"_blank\" rel=\"noopener\"> <strong><b>emblem\u00e1tica lupa de v\u00eddeo electr\u00f3nica con pantalla HD de 12 pulgadas<\/b><\/strong>\u00a0(Nieve 12)<\/a> y <a href=\"https:\/\/zoomax.com\/es\/low-vision-aids\/portable-electronic-video-magnifier-snow-pad\/\" target=\"_blank\" rel=\"noopener\">Herramienta integrada en la tableta Snow Pad<\/a>, est\u00e1 dise\u00f1ado para ajustarse a las misiones de servicio cotidianas de su asociaci\u00f3n, desde consultas individuales de adaptaci\u00f3n de dispositivos hasta talleres de rehabilitaci\u00f3n visual para toda la comunidad.<\/p>\t\t\t\t\t\t\t\t<\/div>\n\t\t\t\t<div class=\"elementor-element elementor-element-9e56cb9 elementor-widget elementor-widget-image\" data-id=\"9e56cb9\" data-element_type=\"widget\" data-widget_type=\"image.default\">\n\t\t\t\t\t\t\t\t\t\t\t\t\t\t\t<img fetchpriority=\"high\" decoding=\"async\" width=\"1920\" height=\"1281\" src=\"https:\/\/zoomax.com\/wp-content\/uploads\/2026\/03\/Zoomax-Snow-12-flagship-electronic-video-magnifier-with-12-inch-HD-screen-for-low-vision-association-training.webp\" class=\"attachment-full size-full wp-image-17078\" alt=\"zoomax snow 12 flagship electronic video magnifier with 12 inch hd screen for low vision association training\" srcset=\"https:\/\/zoomax.com\/wp-content\/uploads\/2026\/03\/Zoomax-Snow-12-flagship-electronic-video-magnifier-with-12-inch-HD-screen-for-low-vision-association-training.webp 1920w, https:\/\/zoomax.com\/wp-content\/uploads\/2026\/03\/Zoomax-Snow-12-flagship-electronic-video-magnifier-with-12-inch-HD-screen-for-low-vision-association-training-300x200.webp 300w, https:\/\/zoomax.com\/wp-content\/uploads\/2026\/03\/Zoomax-Snow-12-flagship-electronic-video-magnifier-with-12-inch-HD-screen-for-low-vision-association-training-1024x683.webp 1024w, https:\/\/zoomax.com\/wp-content\/uploads\/2026\/03\/Zoomax-Snow-12-flagship-electronic-video-magnifier-with-12-inch-HD-screen-for-low-vision-association-training-768x512.webp 768w, https:\/\/zoomax.com\/wp-content\/uploads\/2026\/03\/Zoomax-Snow-12-flagship-electronic-video-magnifier-with-12-inch-HD-screen-for-low-vision-association-training-1536x1025.webp 1536w\" sizes=\"(max-width: 1920px) 100vw, 1920px\" \/>\t\t\t\t\t\t\t\t\t\t\t\t\t\t\t<\/div>\n\t\t\t\t<\/div>\n\t\t<div class=\"elementor-element elementor-element-2413e1cf e-flex e-con-boxed e-con e-parent\" data-id=\"2413e1cf\" data-element_type=\"container\" data-settings=\"{&quot;background_background&quot;:&quot;classic&quot;}\">\n\t\t\t\t\t<div class=\"e-con-inner\">\n\t\t<div class=\"elementor-element elementor-element-d6c6cc e-con-full e-flex e-con e-child\" data-id=\"d6c6cc\" data-element_type=\"container\">\n\t\t\t\t<div class=\"elementor-element elementor-element-339f59ae elementor-widget__width-initial elementor-invisible elementor-widget elementor-widget-heading\" data-id=\"339f59ae\" data-element_type=\"widget\" data-settings=\"{&quot;_animation&quot;:&quot;fadeInUp&quot;}\" data-widget_type=\"heading.default\">\n\t\t\t\t\t<h2 class=\"elementor-heading-title elementor-size-default\">Tres pilares de las soluciones de baja visi\u00f3n de Zoomax para asociaciones de baja visi\u00f3n<\/h2>\t\t\t\t<\/div>\n\t\t\t\t<\/div>\n\t\t<div class=\"elementor-element elementor-element-7c55df34 e-grid e-con-full elementor-invisible e-con e-child\" data-id=\"7c55df34\" data-element_type=\"container\" data-settings=\"{&quot;animation&quot;:&quot;fadeInUp&quot;}\">\n\t\t<div class=\"elementor-element elementor-element-3d46f93 e-con-full e-transform e-flex e-con e-child\" data-id=\"3d46f93\" data-element_type=\"container\" data-settings=\"{&quot;background_background&quot;:&quot;classic&quot;,&quot;_transform_translateY_effect_hover&quot;:{&quot;unit&quot;:&quot;px&quot;,&quot;size&quot;:-5,&quot;sizes&quot;:[]},&quot;_transform_translateX_effect_hover&quot;:{&quot;unit&quot;:&quot;px&quot;,&quot;size&quot;:&quot;&quot;,&quot;sizes&quot;:[]},&quot;_transform_translateX_effect_hover_tablet&quot;:{&quot;unit&quot;:&quot;px&quot;,&quot;size&quot;:&quot;&quot;,&quot;sizes&quot;:[]},&quot;_transform_translateX_effect_hover_mobile&quot;:{&quot;unit&quot;:&quot;px&quot;,&quot;size&quot;:&quot;&quot;,&quot;sizes&quot;:[]},&quot;_transform_translateY_effect_hover_tablet&quot;:{&quot;unit&quot;:&quot;px&quot;,&quot;size&quot;:&quot;&quot;,&quot;sizes&quot;:[]},&quot;_transform_translateY_effect_hover_mobile&quot;:{&quot;unit&quot;:&quot;px&quot;,&quot;size&quot;:&quot;&quot;,&quot;sizes&quot;:[]}}\">\n\t\t\t\t<div class=\"elementor-element elementor-element-5e91f6a elementor-widget elementor-widget-heading\" data-id=\"5e91f6a\" data-element_type=\"widget\" data-widget_type=\"heading.default\">\n\t\t\t\t\t<h3 class=\"elementor-heading-title elementor-size-default\">1.  Paquetes de ayudas a la baja visi\u00f3n personalizados y multiescenario<\/h3>\t\t\t\t<\/div>\n\t\t\t\t<div class=\"elementor-element elementor-element-44b6604 elementor-widget elementor-widget-heading\" data-id=\"44b6604\" data-element_type=\"widget\" data-widget_type=\"heading.default\">\n\t\t\t\t\t<p class=\"elementor-heading-title elementor-size-default\">Ofrecemos una amplia gama de ayudas para baja visi\u00f3n que se adaptan a las distintas necesidades de los miembros de su asociaci\u00f3n, desde personas mayores con degeneraci\u00f3n macular asociada a la edad hasta estudiantes con deficiencias visuales cong\u00e9nitas. La Snow 12, una destacada lupa de v\u00eddeo electr\u00f3nica port\u00e1til, cuenta con modos de contraste ajustables y un soporte externo, lo que la hace ideal para la formaci\u00f3n en lectura dentro de la asociaci\u00f3n y el uso prolongado en casa; su dise\u00f1o ergon\u00f3mico incluso permite escribir y tomar notas durante las sesiones de desarrollo de habilidades. Para los usuarios que se desplazan, nuestra lupa de v\u00eddeo electr\u00f3nica de mano Luna 6 y el Snow Pad (compatible con iPads y tabletas Android) ofrecen un soporte plegable y multitarea. Trabajamos con su equipo para crear paquetes de dispositivos personalizados, que incluyen ayudas port\u00e1tiles para la baja visi\u00f3n para la movilidad diaria y lupas electr\u00f3nicas de v\u00eddeo de alta definici\u00f3n para la lectura, garantizando que cada miembro de la comunidad reciba una herramienta que se adapte a su estilo de vida, ya sea para leer libros de texto, navegar por espacios p\u00fablicos o completar tareas en el lugar de trabajo.<\/p>\t\t\t\t<\/div>\n\t\t\t\t<\/div>\n\t\t\t\t<div class=\"elementor-element elementor-element-e2053f8 elementor-widget elementor-widget-image\" data-id=\"e2053f8\" data-element_type=\"widget\" data-widget_type=\"image.default\">\n\t\t\t\t\t\t\t\t\t\t\t\t\t\t\t\t<a href=\"https:\/\/zoomax.com\/es\/low-vision-aids\/\" target=\"_blank\">\n\t\t\t\t\t\t\t<img decoding=\"async\" width=\"1920\" height=\"1320\" src=\"https:\/\/zoomax.com\/wp-content\/uploads\/2026\/03\/portable-low-vision-aids-for-daily-mobility-used-by-low-vision-association-community-members.webp\" class=\"attachment-full size-full wp-image-17975\" alt=\"portable low vision aids for daily mobility used by low vision association community members\" srcset=\"https:\/\/zoomax.com\/wp-content\/uploads\/2026\/03\/portable-low-vision-aids-for-daily-mobility-used-by-low-vision-association-community-members.webp 1920w, https:\/\/zoomax.com\/wp-content\/uploads\/2026\/03\/portable-low-vision-aids-for-daily-mobility-used-by-low-vision-association-community-members-300x206.webp 300w, https:\/\/zoomax.com\/wp-content\/uploads\/2026\/03\/portable-low-vision-aids-for-daily-mobility-used-by-low-vision-association-community-members-1024x704.webp 1024w, https:\/\/zoomax.com\/wp-content\/uploads\/2026\/03\/portable-low-vision-aids-for-daily-mobility-used-by-low-vision-association-community-members-768x528.webp 768w, https:\/\/zoomax.com\/wp-content\/uploads\/2026\/03\/portable-low-vision-aids-for-daily-mobility-used-by-low-vision-association-community-members-1536x1056.webp 1536w\" sizes=\"(max-width: 1920px) 100vw, 1920px\" \/>\t\t\t\t\t\t\t\t<\/a>\n\t\t\t\t\t\t\t\t\t\t\t\t\t\t\t<\/div>\n\t\t\t\t<\/div>\n\t\t\t\t<div class=\"elementor-element elementor-element-ff023fb elementor-widget__width-initial elementor-widget elementor-widget-text-editor\" data-id=\"ff023fb\" data-element_type=\"widget\" data-widget_type=\"text-editor.default\">\n\t\t\t\t\t\t\t\t\t<h3><strong><b>2.  Formaci\u00f3n profesional y asistencia t\u00e9cnica para el equipo de su asociaci\u00f3n<\/b><\/strong><\/h3><p><img decoding=\"async\" class=\"alignright wp-image-17092\" src=\"https:\/\/zoomax.com\/wp-content\/uploads\/2026\/03\/Zoomax-professional-training-for-low-vision-association-teams-on-low-vision-aids-operation.webp\" alt=\"zoomax professional training for low vision association teams on low vision aids operation\" width=\"500\" height=\"441\" srcset=\"https:\/\/zoomax.com\/wp-content\/uploads\/2026\/03\/Zoomax-professional-training-for-low-vision-association-teams-on-low-vision-aids-operation.webp 1450w, https:\/\/zoomax.com\/wp-content\/uploads\/2026\/03\/Zoomax-professional-training-for-low-vision-association-teams-on-low-vision-aids-operation-300x265.webp 300w, https:\/\/zoomax.com\/wp-content\/uploads\/2026\/03\/Zoomax-professional-training-for-low-vision-association-teams-on-low-vision-aids-operation-1024x904.webp 1024w, https:\/\/zoomax.com\/wp-content\/uploads\/2026\/03\/Zoomax-professional-training-for-low-vision-association-teams-on-low-vision-aids-operation-768x678.webp 768w\" sizes=\"(max-width: 500px) 100vw, 500px\" \/>Un gran dispositivo s\u00f3lo es tan eficaz como el personal que gu\u00eda su uso. <a href=\"https:\/\/zoomax.com\/\" target=\"_blank\" rel=\"noopener\">Zoomax<\/a> ofrece sesiones de formaci\u00f3n gratuitas y a la carta para los voluntarios y especialistas de su asociaci\u00f3n, que abarcan el funcionamiento de las ayudas para baja visi\u00f3n, la evaluaci\u00f3n de las necesidades de los usuarios y consejos de aplicaci\u00f3n basados en escenarios. Nuestra formaci\u00f3n incluye m\u00f3dulos pr\u00e1cticos sobre c\u00f3mo aprovechar las funciones OCR\/TTS para miembros con discapacidad visual grave, y c\u00f3mo ense\u00f1ar a los usuarios a utilizar las funciones de pantalla dividida de <a href=\"https:\/\/zoomax.com\/portable-electronic-video-magnifier\/\" target=\"_blank\" rel=\"noopener\">dispositivos electr\u00f3nicos de aumento por v\u00eddeo<\/a> para aulas u oficinas dom\u00e9sticas. Nos comprometemos a demostrar cada detalle del producto siempre que lo necesite. Tambi\u00e9n ofrecemos asistencia t\u00e9cnica remota las 24 horas del d\u00eda, los 7 d\u00edas de la semana, para garantizar que cualquier problema con el dispositivo se resuelva r\u00e1pidamente y reducir al m\u00ednimo la interrupci\u00f3n de los servicios de su asociaci\u00f3n. Para las asociaciones m\u00e1s grandes, ofrecemos talleres de formaci\u00f3n in situ para dotar a su equipo de las habilidades necesarias para maximizar el valor de cada dispositivo de ayuda para baja visi\u00f3n de Zoomax.<\/p><h3><strong><b>3.  Integraci\u00f3n de servicios de extremo a extremo para una asistencia comunitaria sin fisuras<\/b><\/strong><\/h3><p><img loading=\"lazy\" decoding=\"async\" class=\"alignleft wp-image-17079\" src=\"https:\/\/zoomax.com\/wp-content\/uploads\/2026\/03\/High-definition-electronic-video-magnifier-for-reading-during-low-vision-association-workshops.webp\" alt=\"high definition electronic video magnifier for reading during low vision association workshops\" width=\"500\" height=\"375\" srcset=\"https:\/\/zoomax.com\/wp-content\/uploads\/2026\/03\/High-definition-electronic-video-magnifier-for-reading-during-low-vision-association-workshops.webp 1920w, https:\/\/zoomax.com\/wp-content\/uploads\/2026\/03\/High-definition-electronic-video-magnifier-for-reading-during-low-vision-association-workshops-300x225.webp 300w, https:\/\/zoomax.com\/wp-content\/uploads\/2026\/03\/High-definition-electronic-video-magnifier-for-reading-during-low-vision-association-workshops-1024x768.webp 1024w, https:\/\/zoomax.com\/wp-content\/uploads\/2026\/03\/High-definition-electronic-video-magnifier-for-reading-during-low-vision-association-workshops-768x576.webp 768w, https:\/\/zoomax.com\/wp-content\/uploads\/2026\/03\/High-definition-electronic-video-magnifier-for-reading-during-low-vision-association-workshops-1536x1152.webp 1536w\" sizes=\"(max-width: 500px) 100vw, 500px\" \/>Zoomax va m\u00e1s all\u00e1 de los dispositivos y la formaci\u00f3n para apoyar los objetivos de atenci\u00f3n hol\u00edstica de su asociaci\u00f3n. Nosotros y nuestros <a href=\"https:\/\/zoomax.com\/es\/vision-aids-distributor\/\" target=\"_blank\" rel=\"noopener\">socios distribuidores<\/a> colaborar con usted para dise\u00f1ar espacios de asistencia visual -desde rincones de demostraci\u00f3n de dispositivos hasta laboratorios de formaci\u00f3n- optimizados para nuestra tecnolog\u00eda de asistencia. Tambi\u00e9n proporcionamos materiales de marketing y gu\u00edas de formaci\u00f3n de usuarios para ayudar a su asociaci\u00f3n a concienciar a la comunidad sobre las ayudas accesibles para baja visi\u00f3n y las opciones de lupa de v\u00eddeo electr\u00f3nica. Para las asociaciones a largo plazo, ofrecemos actualizaciones peri\u00f3dicas de los productos y acceso exclusivo a nuevas tecnolog\u00edas, como las funciones inteligentes Snow Pad, lo que garantiza que su asociaci\u00f3n se mantenga a la vanguardia de la innovaci\u00f3n en tecnolog\u00eda de asistencia y pueda ofrecer continuamente asistencia de vanguardia a sus miembros.<\/p>\t\t\t\t\t\t\t\t<\/div>\n\t\t\t\t\t<\/div>\n\t\t\t\t<\/div>\n\t\t<div class=\"elementor-element elementor-element-32515c0 e-flex e-con-boxed e-con e-parent\" data-id=\"32515c0\" data-element_type=\"container\">\n\t\t\t\t\t<div class=\"e-con-inner\">\n\t\t<div class=\"elementor-element elementor-element-d4b5125 e-con-full e-flex e-con e-child\" data-id=\"d4b5125\" data-element_type=\"container\">\n\t\t\t\t<div class=\"elementor-element elementor-element-4357974 elementor-invisible elementor-widget elementor-widget-heading\" data-id=\"4357974\" data-element_type=\"widget\" data-settings=\"{&quot;_animation&quot;:&quot;fadeInUp&quot;}\" data-widget_type=\"heading.default\">\n\t\t\t\t\t<h2 class=\"elementor-heading-title elementor-size-default\">As\u00f3ciese con Zoomax para mejorar los servicios de su asociaci\u00f3n de baja visi\u00f3n<\/h2>\t\t\t\t<\/div>\n\t\t\t\t<div class=\"elementor-element elementor-element-aabbc67 elementor-widget__width-initial elementor-widget elementor-widget-text-editor\" data-id=\"aabbc67\" data-element_type=\"widget\" data-widget_type=\"text-editor.default\">\n\t\t\t\t\t\t\t\t\t<p>Las soluciones de baja visi\u00f3n de Zoomax se basan en el principio de que toda persona merece el derecho a una vida independiente y digna. En <a href=\"https:\/\/zoomax.com\/zoomax-distribution-opportunities\/\" target=\"_blank\" rel=\"noopener\">colabora con nosotros<\/a>, su asociaci\u00f3n obtiene acceso a ayudas de alta cualificaci\u00f3n, dispositivos electr\u00f3nicos de video magnificaci\u00f3n centrados en el usuario, formaci\u00f3n profesional y asistencia personalizada que le distinguen en el servicio a la comunidad de baja visi\u00f3n. Tanto si se trata de una peque\u00f1a asociaci\u00f3n local como de una gran organizaci\u00f3n nacional, podemos personalizar una soluci\u00f3n que se adapte a su tama\u00f1o, presupuesto y demograf\u00eda de miembros con baja visi\u00f3n. P\u00f3ngase en contacto con nuestro equipo de ventas institucionales hoy mismo para programar una demostraci\u00f3n gratuita y descubrir c\u00f3mo Zoomax puede ayudarle a transformar las vidas de los miembros de su comunidad de baja visi\u00f3n.<\/p><p>\u00bfPor qu\u00e9 elegir las ayudas para baja visi\u00f3n de Zoomax? Haga clic en <a href=\"https:\/\/zoomax.com\/es\/about-us\/\" target=\"_blank\" rel=\"noopener\">Qui\u00e9nes somos<\/a> para saber m\u00e1s.<\/p>\t\t\t\t\t\t\t\t<\/div>\n\t\t\t\t<div class=\"elementor-element elementor-element-02e1bd9 elementor-align-center elementor-widget elementor-widget-button\" data-id=\"02e1bd9\" data-element_type=\"widget\" data-widget_type=\"button.default\">\n\t\t\t\t\t\t\t\t\t\t<a class=\"elementor-button elementor-button-link elementor-size-sm\" href=\"https:\/\/zoomax.com\/es\/contact-us\/\" target=\"_blank\">\n\t\t\t\t\t\t<span class=\"elementor-button-content-wrapper\">\n\t\t\t\t\t\t<span class=\"elementor-button-icon\">\n\t\t\t\t<svg aria-hidden=\"true\" class=\"e-font-icon-svg e-fab-quinscape\" viewbox=\"0 0 512 512\" xmlns=\"http:\/\/www.w3.org\/2000\/svg\"><path d=\"M313.6 474.6h-1a158.1 158.1 0 0 1 0-316.2c94.9 0 168.2 83.1 157 176.6 4 5.1 8.2 9.6 11.2 15.3 13.4-30.3 20.3-62.4 20.3-97.7C501.1 117.5 391.6 8 256.5 8S12 117.5 12 252.6s109.5 244.6 244.5 244.6a237.36 237.36 0 0 0 70.4-10.1c-5.2-3.5-8.9-8.1-13.3-12.5zm-.1-.1l.4.1zm78.4-168.9a99.2 99.2 0 1 0 99.2 99.2 99.18 99.18 0 0 0-99.2-99.2z\"><\/path><\/svg>\t\t\t<\/span>\n\t\t\t\t\t\t\t\t\t<span class=\"elementor-button-text\">P\u00f3ngase en contacto con nosotros<\/span>\n\t\t\t\t\t<\/span>\n\t\t\t\t\t<\/a>\n\t\t\t\t\t\t\t\t<\/div>\n\t\t\t\t<div class=\"elementor-element elementor-element-88c4d4f elementor-widget__width-initial elementor-invisible elementor-widget elementor-widget-text-editor\" data-id=\"88c4d4f\" data-element_type=\"widget\" data-settings=\"{&quot;_animation&quot;:&quot;fadeInUp&quot;}\" data-widget_type=\"text-editor.default\">\n\t\t\t\t\t\t\t\t\t<h3><em>Socio<strong style=\"font-style: italic;\"> Testimonio<\/strong><\/em><strong><em><i>:<\/i><\/em><\/strong><\/h3><p><em>\u201cComo especialista en formaci\u00f3n, estoy convencido de que las ayudas para baja visi\u00f3n y las lupas electr\u00f3nicas de v\u00eddeo de Zoomax son incre\u00edblemente f\u00e1ciles de usar y la mayor\u00eda de los usuarios las dominan en cuesti\u00f3n de minutos. No hay nada mejor que los \u201c\u00a1guau!\u201d y las l\u00e1grimas de felicidad cuando una persona con visi\u00f3n borrosa vuelve a leer con claridad. Estas herramientas duraderas me permiten ayudar a mi comunidad a prosperar, y estoy encantada de seguir colaborando con Zoomax.\u201d<\/em><\/p><p><em>- Joanne, Especialista en Formaci\u00f3n del Centro de Baja Visi\u00f3n y Ceguera (EE.UU.)<\/em><\/p>\t\t\t\t\t\t\t\t<\/div>\n\t\t\t\t<\/div>\n\t\t\t\t\t<\/div>\n\t\t\t\t<\/div>\n\t\t\t\t<\/div>","protected":false},"excerpt":{"rendered":"<p>Home Comprehensive Low Vision Solutions for Low Vision Associations from Zoomax Across the globe, low vision associations face common challenges: [&hellip;]<\/p>","protected":false},"author":1,"featured_media":0,"parent":0,"menu_order":0,"comment_status":"closed","ping_status":"closed","template":"","meta":{"_seopress_robots_primary_cat":"","_seopress_titles_title":"Zoomax Low Vision Aids for Associations","_seopress_titles_desc":"Partner with Zoomax for customized low vision aids & electronic video magnifiers\u2014including portable, high-definition models\u2014to empower your low vision association\u2019s community.","_seopress_robots_index":"","site-sidebar-layout":"no-sidebar","site-content-layout":"","ast-site-content-layout":"full-width-container","site-content-style":"default","site-sidebar-style":"default","ast-global-header-display":"","ast-banner-title-visibility":"","ast-main-header-display":"","ast-hfb-above-header-display":"","ast-hfb-below-header-display":"","ast-hfb-mobile-header-display":"","site-post-title":"disabled","ast-breadcrumbs-content":"","ast-featured-img":"disabled","footer-sml-layout":"","ast-disable-related-posts":"","theme-transparent-header-meta":"","adv-header-id-meta":"","stick-header-meta":"","header-above-stick-meta":"","header-main-stick-meta":"","header-below-stick-meta":"","astra-migrate-meta-layouts":"default","ast-page-background-enabled":"default","ast-page-background-meta":{"desktop":{"background-color":"var(--ast-global-color-5)","background-image":"","background-repeat":"repeat","background-position":"center center","background-size":"auto","background-attachment":"scroll","background-type":"","background-media":"","overlay-type":"","overlay-color":"","overlay-opacity":"","overlay-gradient":""},"tablet":{"background-color":"","background-image":"","background-repeat":"repeat","background-position":"center center","background-size":"auto","background-attachment":"scroll","background-type":"","background-media":"","overlay-type":"","overlay-color":"","overlay-opacity":"","overlay-gradient":""},"mobile":{"background-color":"","background-image":"","background-repeat":"repeat","background-position":"center center","background-size":"auto","background-attachment":"scroll","background-type":"","background-media":"","overlay-type":"","overlay-color":"","overlay-opacity":"","overlay-gradient":""}},"ast-content-background-meta":{"desktop":{"background-color":"var(--ast-global-color-4)","background-image":"","background-repeat":"repeat","background-position":"center center","background-size":"auto","background-attachment":"scroll","background-type":"","background-media":"","overlay-type":"","overlay-color":"","overlay-opacity":"","overlay-gradient":""},"tablet":{"background-color":"var(--ast-global-color-4)","background-image":"","background-repeat":"repeat","background-position":"center center","background-size":"auto","background-attachment":"scroll","background-type":"","background-media":"","overlay-type":"","overlay-color":"","overlay-opacity":"","overlay-gradient":""},"mobile":{"background-color":"var(--ast-global-color-4)","background-image":"","background-repeat":"repeat","background-position":"center center","background-size":"auto","background-attachment":"scroll","background-type":"","background-media":"","overlay-type":"","overlay-color":"","overlay-opacity":"","overlay-gradient":""}},"footnotes":""},"class_list":["post-17076","page","type-page","status-publish","hentry"],"_links":{"self":[{"href":"https:\/\/zoomax.com\/es\/wp-json\/wp\/v2\/pages\/17076","targetHints":{"allow":["GET"]}}],"collection":[{"href":"https:\/\/zoomax.com\/es\/wp-json\/wp\/v2\/pages"}],"about":[{"href":"https:\/\/zoomax.com\/es\/wp-json\/wp\/v2\/types\/page"}],"author":[{"embeddable":true,"href":"https:\/\/zoomax.com\/es\/wp-json\/wp\/v2\/users\/1"}],"replies":[{"embeddable":true,"href":"https:\/\/zoomax.com\/es\/wp-json\/wp\/v2\/comments?post=17076"}],"version-history":[{"count":31,"href":"https:\/\/zoomax.com\/es\/wp-json\/wp\/v2\/pages\/17076\/revisions"}],"predecessor-version":[{"id":17978,"href":"https:\/\/zoomax.com\/es\/wp-json\/wp\/v2\/pages\/17076\/revisions\/17978"}],"wp:attachment":[{"href":"https:\/\/zoomax.com\/es\/wp-json\/wp\/v2\/media?parent=17076"}],"curies":[{"name":"wp","href":"https:\/\/api.w.org\/{rel}","templated":true}]}}