{"id":3463,"date":"2019-07-26T17:21:08","date_gmt":"2019-07-26T09:21:08","guid":{"rendered":"https:\/\/zoomax.com\/?page_id=1237"},"modified":"2026-03-31T11:07:26","modified_gmt":"2026-03-31T03:07:26","slug":"terms-of-use","status":"publish","type":"page","link":"https:\/\/zoomax.com\/es\/terms-of-use\/","title":{"rendered":"Condiciones de uso"},"content":{"rendered":"<div data-elementor-type=\"wp-post\" data-elementor-id=\"3463\" class=\"elementor elementor-3463\" data-elementor-post-type=\"page\">\n\t\t\t\t\t\t<section class=\"elementor-section elementor-top-section elementor-element elementor-element-b1a80be elementor-section-boxed elementor-section-height-default elementor-section-height-default\" data-id=\"b1a80be\" data-element_type=\"section\" data-e-type=\"section\">\n\t\t\t\t\t\t<div class=\"elementor-container elementor-column-gap-default\">\n\t\t\t\t\t<div class=\"elementor-column elementor-col-100 elementor-top-column elementor-element elementor-element-22c7cc7\" data-id=\"22c7cc7\" data-element_type=\"column\" data-e-type=\"column\">\n\t\t\t<div class=\"elementor-widget-wrap elementor-element-populated\">\n\t\t\t\t\t\t<div class=\"elementor-element elementor-element-aa3b2b2 elementor-widget elementor-widget-heading\" data-id=\"aa3b2b2\" data-element_type=\"widget\" data-e-type=\"widget\" data-widget_type=\"heading.default\">\n\t\t\t\t\t<h1 class=\"elementor-heading-title elementor-size-default\">Condiciones de uso<\/h1>\t\t\t\t<\/div>\n\t\t\t\t<div class=\"elementor-element elementor-element-387deb5 elementor-widget elementor-widget-text-editor\" data-id=\"387deb5\" data-element_type=\"widget\" data-e-type=\"widget\" data-widget_type=\"text-editor.default\">\n\t\t\t\t\t\t\t\t\t<p>Bienvenido a la\u00a0<span class=\"website_name\">Tecnolog\u00eda Zoomax<\/span>\u00a0sitio web (el \u201cSitio web\u201d).<\/p><p><span class=\"website_name\">Tecnolog\u00eda Zoomax<\/span>\u00a0proporciona este Sitio Web y los Servicios (ubicados en\u00a0<span class=\"website_url\">https:\/\/zoomax.com<\/span>) a usted sujeto a los avisos, t\u00e9rminos y condiciones establecidos en estos t\u00e9rminos (los \u201cT\u00e9rminos de Uso\u201d). Adem\u00e1s, cuando utilice cualquiera de nuestros Servicios, estar\u00e1 sujeto a las normas, directrices, pol\u00edticas, t\u00e9rminos y condiciones aplicables a dicho servicio, que se incorporan a las presentes Condiciones de Uso mediante esta referencia.<\/p><p>Estas Condiciones de uso entran en vigor a partir de\u00a0<span class=\"date\">26 de julio de 2019<\/span>.<\/p><p>Su derecho a utilizar el Sitio Web est\u00e1 supeditado al cumplimiento de las siguientes condiciones:<\/p><ul><li>Usted utiliza el Sitio Web y los Servicios de acuerdo con estas Condiciones de Uso y todas las leyes y reglamentos aplicables determinados por el estado y el pa\u00eds de residencia<\/li><li>Usted proporciona informaci\u00f3n de registro completa y precisa y mantiene informaci\u00f3n de registro precisa en el Sitio Web<\/li><li>Usted acepta y entiende que\u00a0<span class=\"website_name\">Tecnolog\u00eda Zoomax<\/span>\u00a0podr\u00e1, en cualquier momento y sin previo aviso, revocar y\/o cancelar su acceso si no cumple estos criterios o infringe cualquier parte de estas Condiciones de uso<\/li><\/ul><h3>Uso de este sitio web<\/h3><p>En relaci\u00f3n con el uso que haga de nuestro Sitio Web, deber\u00e1 actuar con responsabilidad y buen juicio. Sin perjuicio de lo anterior, usted no:<\/p><ul><li>infrinja cualquier ley o reglamento local, estatal, provincial, nacional o de otro tipo, o cualquier orden de un tribunal<\/li><li>Infrinja los derechos de cualquier persona o entidad, incluidos, entre otros, sus derechos de propiedad intelectual, privacidad, publicidad o contractuales.<\/li><li>Interferir o da\u00f1ar nuestros Servicios, incluyendo, sin limitaci\u00f3n, mediante el uso de virus, cancel bots, troyanos, c\u00f3digo da\u00f1ino, flood pings, ataques de denegaci\u00f3n de servicio, suplantaci\u00f3n de paquetes o IP, enrutamiento falsificado o informaci\u00f3n de direcciones de correo electr\u00f3nico o m\u00e9todos o tecnolog\u00edas similares.<\/li><li>Utilizar secuencias de comandos automatizadas para recopilar informaci\u00f3n o interactuar de otro modo con los Servicios o el Sitio Web.<\/li><li>Celebrar este acuerdo en nombre de otra persona o entidad sin el consentimiento o la capacidad legal para celebrar tales acuerdos como representante de una organizaci\u00f3n o entidad.<\/li><\/ul><h3>Propiedad intelectual<\/h3><p>Todo el c\u00f3digo, texto, software, scripts, gr\u00e1ficos, archivos, fotos, im\u00e1genes, logotipos y materiales contenidos en este Sitio Web o en los Servicios son propiedad exclusiva de\u00a0<span class=\"website_name\">Tecnolog\u00eda Zoomax<\/span>.<\/p><p>El uso no autorizado de cualquier material contenido en este sitio web o dentro del Servicio puede violar las leyes de derechos de autor, leyes de marcas registradas, las leyes de privacidad y publicidad, y \/ u otras regulaciones y estatutos. Si cree que alguno de los materiales infringe los derechos de terceros, p\u00f3ngase en contacto con\u00a0<span class=\"website_name\">Tecnolog\u00eda Zoomax <\/span>inmediatamente en la direcci\u00f3n indicada a continuaci\u00f3n.<\/p><p style=\"padding-left: 40px;\"><span style=\"font-size: 16px;\"><span data-type=\"text\">Sala 1001, Edificio B,<\/span><\/span><\/p><p style=\"padding-left: 40px;\"><span style=\"font-size: 16px;\"><span data-type=\"text\"> Centro Internacional Sanshen, n\u00ba 99 de la calle Shuanglong, <\/span><\/span><span style=\"font-size: 16px;\"><span data-type=\"text\">Distrito de Xihu,<\/span><\/span><\/p><p style=\"padding-left: 40px;\"><span style=\"font-size: 16px;\"><span data-type=\"text\"> Hangzhou,\u00a0<\/span><\/span>Zhejiang, China 310030<\/p><h3>Sitios web de terceros<\/h3><p>Nuestro sitio web puede enlazarle con otros sitios de Internet o incluir referencias a informaci\u00f3n, documentos, software, materiales y\/o servicios proporcionados por terceros. Estos sitios web pueden contener informaci\u00f3n o material que algunas personas pueden considerar inapropiado u ofensivo.<\/p><p>Estos otros sitios web y partes no est\u00e1n bajo nuestro control, y usted reconoce que no somos responsables de la exactitud, el cumplimiento de los derechos de autor, la legalidad, la decencia o cualquier otro aspecto del contenido de dichos sitios, ni somos responsables de los errores u omisiones en cualquier referencia a otras partes o sus productos y servicios. La inclusi\u00f3n de un enlace o referencia de este tipo se proporciona \u00fanicamente para su comodidad y no implica la aprobaci\u00f3n o asociaci\u00f3n con el sitio web o la parte por nuestra parte, ni ninguna garant\u00eda de ning\u00fan tipo, ya sea expresa o impl\u00edcita.<\/p><h3>Renuncia de garant\u00eda y limitaci\u00f3n de responsabilidad<\/h3><p>El Sitio web se proporciona \u201cTAL CUAL\u201d. app figures, sus proveedores, directivos, directores, empleados y agentes excluyen y renuncian a todas las representaciones y garant\u00edas, expresas o impl\u00edcitas, relacionadas con este Sitio web o en relaci\u00f3n con los Servicios. Usted excluye <span class=\"website_name\">Tecnolog\u00eda Zoomax<\/span>\u00a0de toda responsabilidad por da\u00f1os relacionados o derivados del uso de este Sitio Web.<\/p><h3>Modificaciones de las presentes condiciones de uso<\/h3><p><span class=\"website_name\">Tecnolog\u00eda Zoomax<\/span>\u00a0se reserva el derecho de modificar o interrumpir, en cualquier momento y sin previo aviso, todas o algunas de las partes del sitio web.<\/p><p>Adem\u00e1s,\u00a0<span class=\"website_name\">Tecnolog\u00eda Zoomax<\/span>\u00a0se reserva el derecho, a su entera discreci\u00f3n, de modificar estas Condiciones de Uso en cualquier momento, con efecto mediante la publicaci\u00f3n de los nuevos t\u00e9rminos en el Sitio Web con la fecha de modificaci\u00f3n. Usted es responsable de leer y comprender los t\u00e9rminos de este acuerdo antes de registrarse o utilizar el Servicio. El uso por su parte del Sitio Web y\/o de los Servicios tras la publicaci\u00f3n de cualquier modificaci\u00f3n constituye su aceptaci\u00f3n de los nuevos t\u00e9rminos modificados en las presentes Condiciones de Uso.<\/p><h3>Derecho aplicable<\/h3><p>Estas Condiciones de Uso y cualquier disputa o reclamaci\u00f3n que surja de, o est\u00e9 relacionada con ellas, se regir\u00e1n e interpretar\u00e1n de acuerdo con las leyes internas del\u00a0<span class=\"country\">China<\/span>\u00a0sin dar efecto a ninguna disposici\u00f3n o norma de elecci\u00f3n o conflicto de leyes.<\/p><p>Cualquier demanda, acci\u00f3n o procedimiento legal que surja de, o est\u00e9 relacionado con, estas Condiciones de Uso o el Sitio Web se entablar\u00e1 exclusivamente en los tribunales de <span class=\"country\">China<\/span>.<\/p>\t\t\t\t\t\t\t\t<\/div>\n\t\t\t\t\t<\/div>\n\t\t<\/div>\n\t\t\t\t\t<\/div>\n\t\t<\/section>\n\t\t\t\t<\/div>","protected":false},"excerpt":{"rendered":"<p>Terms of Use Welcome to the\u00a0Zoomax Technology\u00a0website (the &#8220;Website&#8221;). Zoomax Technology\u00a0provides this Website and Services (located at\u00a0https:\/\/zoomax.com) to you subject [&hellip;]<\/p>\n","protected":false},"author":1,"featured_media":0,"parent":0,"menu_order":0,"comment_status":"closed","ping_status":"closed","template":"","meta":{"_seopress_robots_primary_cat":"","_seopress_titles_title":"Terms of Use","_seopress_titles_desc":"","_seopress_robots_index":"","site-sidebar-layout":"default","site-content-layout":"","ast-site-content-layout":"default","site-content-style":"default","site-sidebar-style":"default","ast-global-header-display":"","ast-banner-title-visibility":"","ast-main-header-display":"","ast-hfb-above-header-display":"","ast-hfb-below-header-display":"","ast-hfb-mobile-header-display":"","site-post-title":"","ast-breadcrumbs-content":"","ast-featured-img":"","footer-sml-layout":"","ast-disable-related-posts":"","theme-transparent-header-meta":"","adv-header-id-meta":"","stick-header-meta":"","header-above-stick-meta":"","header-main-stick-meta":"","header-below-stick-meta":"","astra-migrate-meta-layouts":"default","ast-page-background-enabled":"default","ast-page-background-meta":{"desktop":{"background-color":"var(--ast-global-color-5)","background-image":"","background-repeat":"repeat","background-position":"center center","background-size":"auto","background-attachment":"scroll","background-type":"","background-media":"","overlay-type":"","overlay-color":"","overlay-opacity":"","overlay-gradient":""},"tablet":{"background-color":"","background-image":"","background-repeat":"repeat","background-position":"center center","background-size":"auto","background-attachment":"scroll","background-type":"","background-media":"","overlay-type":"","overlay-color":"","overlay-opacity":"","overlay-gradient":""},"mobile":{"background-color":"","background-image":"","background-repeat":"repeat","background-position":"center center","background-size":"auto","background-attachment":"scroll","background-type":"","background-media":"","overlay-type":"","overlay-color":"","overlay-opacity":"","overlay-gradient":""}},"ast-content-background-meta":{"desktop":{"background-color":"var(--ast-global-color-4)","background-image":"","background-repeat":"repeat","background-position":"center center","background-size":"auto","background-attachment":"scroll","background-type":"","background-media":"","overlay-type":"","overlay-color":"","overlay-opacity":"","overlay-gradient":""},"tablet":{"background-color":"var(--ast-global-color-4)","background-image":"","background-repeat":"repeat","background-position":"center center","background-size":"auto","background-attachment":"scroll","background-type":"","background-media":"","overlay-type":"","overlay-color":"","overlay-opacity":"","overlay-gradient":""},"mobile":{"background-color":"var(--ast-global-color-4)","background-image":"","background-repeat":"repeat","background-position":"center center","background-size":"auto","background-attachment":"scroll","background-type":"","background-media":"","overlay-type":"","overlay-color":"","overlay-opacity":"","overlay-gradient":""}},"footnotes":""},"class_list":["post-3463","page","type-page","status-publish","hentry"],"_links":{"self":[{"href":"https:\/\/zoomax.com\/es\/wp-json\/wp\/v2\/pages\/3463","targetHints":{"allow":["GET"]}}],"collection":[{"href":"https:\/\/zoomax.com\/es\/wp-json\/wp\/v2\/pages"}],"about":[{"href":"https:\/\/zoomax.com\/es\/wp-json\/wp\/v2\/types\/page"}],"author":[{"embeddable":true,"href":"https:\/\/zoomax.com\/es\/wp-json\/wp\/v2\/users\/1"}],"replies":[{"embeddable":true,"href":"https:\/\/zoomax.com\/es\/wp-json\/wp\/v2\/comments?post=3463"}],"version-history":[{"count":13,"href":"https:\/\/zoomax.com\/es\/wp-json\/wp\/v2\/pages\/3463\/revisions"}],"predecessor-version":[{"id":19335,"href":"https:\/\/zoomax.com\/es\/wp-json\/wp\/v2\/pages\/3463\/revisions\/19335"}],"wp:attachment":[{"href":"https:\/\/zoomax.com\/es\/wp-json\/wp\/v2\/media?parent=3463"}],"curies":[{"name":"wp","href":"https:\/\/api.w.org\/{rel}","templated":true}]}}