{"id":1048,"date":"2025-12-18T00:17:13","date_gmt":"2025-12-18T00:17:13","guid":{"rendered":"https:\/\/zoomax.com\/?page_id=1048"},"modified":"2026-03-18T16:00:08","modified_gmt":"2026-03-18T08:00:08","slug":"reviews-testimonials","status":"publish","type":"page","link":"https:\/\/zoomax.com\/fr\/support-resource\/reviews-testimonials\/","title":{"rendered":"Critiques et t\u00e9moignages"},"content":{"rendered":"<div data-elementor-type=\"wp-page\" data-elementor-id=\"1048\" class=\"elementor elementor-1048\" data-elementor-post-type=\"page\">\n\t\t\t\t<div class=\"elementor-element elementor-element-5b9dc767 e-con-full e-flex e-con e-parent\" data-id=\"5b9dc767\" data-element_type=\"container\">\n\t\t\t\t<div class=\"elementor-element elementor-element-2829bda8 elementor--h-position-left elementor--v-position-middle elementor-arrows-position-inside elementor-pagination-position-inside elementor-widget elementor-widget-slides\" data-id=\"2829bda8\" data-element_type=\"widget\" data-settings=\"{&quot;navigation&quot;:&quot;both&quot;,&quot;autoplay&quot;:&quot;yes&quot;,&quot;pause_on_hover&quot;:&quot;yes&quot;,&quot;pause_on_interaction&quot;:&quot;yes&quot;,&quot;autoplay_speed&quot;:5000,&quot;infinite&quot;:&quot;yes&quot;,&quot;transition&quot;:&quot;slide&quot;,&quot;transition_speed&quot;:500}\" data-widget_type=\"slides.default\">\n\t\t\t\t\t\t\t\t\t\t<div class=\"elementor-slides-wrapper elementor-main-swiper swiper\" role=\"region\" aria-roledescription=\"carousel\" aria-label=\"Diapositives\" dir=\"ltr\" data-animation=\"fadeInUp\">\n\t\t\t\t<div class=\"swiper-wrapper elementor-slides\">\n\t\t\t\t\t\t\t\t\t\t<div class=\"elementor-repeater-item-d4091eb swiper-slide\" role=\"group\" aria-roledescription=\"slide\"><div class=\"swiper-slide-bg\" role=\"img\" aria-label=\"Avis et t\u00e9moignages sur Zoomax\"><\/div><div class=\"swiper-slide-inner\" ><div class=\"swiper-slide-contents\"><h1 class=\"elementor-slide-heading\">Critiques et t\u00e9moignages<\/h1><\/div><\/div><\/div>\t\t\t\t<\/div>\n\t\t\t\t\t\t\t<\/div>\n\t\t\t\t\t\t\t\t<\/div>\n\t\t\t\t<\/div>\n\t\t<div class=\"elementor-element elementor-element-ed8a200 e-flex e-con-boxed e-con e-parent\" data-id=\"ed8a200\" data-element_type=\"container\">\n\t\t\t\t\t<div class=\"e-con-inner\">\n\t\t\t\t<div class=\"elementor-element elementor-element-97e682a elementor-widget elementor-widget-sp-breadcrumbs\" data-id=\"97e682a\" data-element_type=\"widget\" data-widget_type=\"sp-breadcrumbs.default\">\n\t\t\t\t<div class=\"elementor-widget-container\">\n\t\t\t\t\t<nav  aria-label=\"breadcrumb\"><ol class=\"breadcrumb\" itemscope itemtype=\"https:\/\/schema.org\/BreadcrumbList\"><li class=\"breadcrumb-item active\" aria-current=\"page\" itemprop=\"itemListElement\" itemscope itemtype=\"https:\/\/schema.org\/ListItem\"><span itemprop=\"name\">Accueil<\/span><meta itemprop=\"position\" content=\"1\"><\/li><\/ol><\/nav>\t\t\t\t<\/div>\n\t\t\t\t<\/div>\n\t\t\t\t\t<\/div>\n\t\t\t\t<\/div>\n\t\t<div class=\"elementor-element elementor-element-33a1150b e-flex e-con-boxed e-con e-parent\" data-id=\"33a1150b\" data-element_type=\"container\">\n\t\t\t\t\t<div class=\"e-con-inner\">\n\t\t\t\t<div class=\"elementor-element elementor-element-410032b8 elementor-invisible elementor-widget elementor-widget-heading\" data-id=\"410032b8\" data-element_type=\"widget\" data-settings=\"{&quot;_animation&quot;:&quot;fadeInUp&quot;}\" data-widget_type=\"heading.default\">\n\t\t\t\t\t<h2 class=\"elementor-heading-title elementor-size-default\">Nous sommes aim\u00e9s par nos utilisateurs !<\/h2>\t\t\t\t<\/div>\n\t\t\t\t<div class=\"elementor-element elementor-element-4de8744d elementor-widget__width-initial elementor-invisible elementor-widget elementor-widget-text-editor\" data-id=\"4de8744d\" data-element_type=\"widget\" data-settings=\"{&quot;_animation&quot;:&quot;fadeInUp&quot;}\" data-widget_type=\"text-editor.default\">\n\t\t\t\t\t\t\t\t\t<p>Dans 80 pays et en 25 langues, la technologie Zoomax permet \u00e0 des dizaines de milliers d'utilisateurs de s'\u00e9panouir chaque jour. Leurs histoires parlent d'elles-m\u00eames - plongez dans les r\u00e9cits de premi\u00e8re main de nos incroyables utilisateurs.<\/p>\t\t\t\t\t\t\t\t<\/div>\n\t\t\t\t<div class=\"elementor-element elementor-element-9fb1eb8 elementor-grid-3 elementor-grid-tablet-2 elementor-grid-mobile-1 elementor-posts--thumbnail-top elementor-widget elementor-widget-posts\" data-id=\"9fb1eb8\" data-element_type=\"widget\" data-settings=\"{&quot;classic_row_gap&quot;:{&quot;unit&quot;:&quot;px&quot;,&quot;size&quot;:20,&quot;sizes&quot;:[]},&quot;pagination_type&quot;:&quot;numbers&quot;,&quot;classic_columns&quot;:&quot;3&quot;,&quot;classic_columns_tablet&quot;:&quot;2&quot;,&quot;classic_columns_mobile&quot;:&quot;1&quot;,&quot;classic_row_gap_tablet&quot;:{&quot;unit&quot;:&quot;px&quot;,&quot;size&quot;:&quot;&quot;,&quot;sizes&quot;:[]},&quot;classic_row_gap_mobile&quot;:{&quot;unit&quot;:&quot;px&quot;,&quot;size&quot;:&quot;&quot;,&quot;sizes&quot;:[]}}\" data-widget_type=\"posts.classic\">\n\t\t\t\t<div class=\"elementor-widget-container\">\n\t\t\t\t\t\t\t<div class=\"elementor-posts-container elementor-posts elementor-posts--skin-classic elementor-grid\" role=\"list\">\n\t\t\t\t<article class=\"elementor-post elementor-grid-item post-13654 post type-post status-publish format-standard has-post-thumbnail hentry category-review-and-testimonials tag-living-with-low-vision\" role=\"listitem\">\n\t\t\t\t<div class=\"elementor-post__text\">\n\t\t\t\t<h3 class=\"elementor-post__title\">\n\t\t\t<a href=\"https:\/\/zoomax.com\/fr\/hear-from-our-users-why-is-zoomax-snow-pad-so-popular-among-students\/\" target=\"&quot;_blank&quot;\">\n\t\t\t\t\u00c9coutez nos utilisateurs : Pourquoi le coussin de neige ZOOMAX est-il si populaire parmi les \u00e9tudiants ?\t\t\t<\/a>\n\t\t<\/h3>\n\t\t\t\t<div class=\"elementor-post__meta-data\">\n\t\t\t\t\t<span class=\"elementor-post-date\">\n\t\t\t15.08.2025\t\t<\/span>\n\t\t\t\t<\/div>\n\t\t\t\t<div class=\"elementor-post__excerpt\">\n\t\t\t<p>Depuis ses d\u00e9buts dans la technologie d'assistance, Zoomax est rest\u00e9 attentif \u00e0 la voix des utilisateurs. Au cours des derniers mois, le projet Snow<\/p>\n\t\t<\/div>\n\t\t\n\t\t<a class=\"elementor-post__read-more\" href=\"https:\/\/zoomax.com\/fr\/hear-from-our-users-why-is-zoomax-snow-pad-so-popular-among-students\/\" aria-label=\"Read more about Hear from Our Users: Why is ZOOMAX Snow Pad So Popular Among Students\" tabindex=\"-1\" target=\"_blank\">\n\t\t\tLire plus \u00bb\t\t<\/a>\n\n\t\t\t\t<\/div>\n\t\t\t\t<\/article>\n\t\t\t\t<article class=\"elementor-post elementor-grid-item post-9722 post type-post status-publish format-standard has-post-thumbnail hentry category-review-and-testimonials tag-luna-6\" role=\"listitem\">\n\t\t\t\t<div class=\"elementor-post__text\">\n\t\t\t\t<h3 class=\"elementor-post__title\">\n\t\t\t<a href=\"https:\/\/zoomax.com\/fr\/zoomax-luna-6-impressions\/\" target=\"&quot;_blank&quot;\">\n\t\t\t\tZoomax Luna 6 impressions\t\t\t<\/a>\n\t\t<\/h3>\n\t\t\t\t<div class=\"elementor-post__meta-data\">\n\t\t\t\t\t<span class=\"elementor-post-date\">\n\t\t\t23.01.2024\t\t<\/span>\n\t\t\t\t<\/div>\n\t\t\t\t<div class=\"elementor-post__excerpt\">\n\t\t\t<p>L'impression des utilisateurs bulgares sur Zoomax Luna 6. L'excellente vid\u00e9o-agrandisseur pour de multiples t\u00e2ches. <\/p>\n\t\t<\/div>\n\t\t\n\t\t<a class=\"elementor-post__read-more\" href=\"https:\/\/zoomax.com\/fr\/zoomax-luna-6-impressions\/\" aria-label=\"Read more about Zoomax Luna 6 impressions\" tabindex=\"-1\" target=\"_blank\">\n\t\t\tLire plus \u00bb\t\t<\/a>\n\n\t\t\t\t<\/div>\n\t\t\t\t<\/article>\n\t\t\t\t<article class=\"elementor-post elementor-grid-item post-6721 post type-post status-publish format-standard has-post-thumbnail hentry category-review-and-testimonials tag-acesight-vr\" role=\"listitem\">\n\t\t\t\t<div class=\"elementor-post__text\">\n\t\t\t\t<h3 class=\"elementor-post__title\">\n\t\t\t<a href=\"https:\/\/zoomax.com\/fr\/making-masterpiece-with-acesight-vr\/\" target=\"&quot;_blank&quot;\">\n\t\t\t\tR\u00e9aliser un chef-d'\u0153uvre avec Acesight VR\t\t\t<\/a>\n\t\t<\/h3>\n\t\t\t\t<div class=\"elementor-post__meta-data\">\n\t\t\t\t\t<span class=\"elementor-post-date\">\n\t\t\t23.06.2022\t\t<\/span>\n\t\t\t\t<\/div>\n\t\t\t\t<div class=\"elementor-post__excerpt\">\n\t\t\t<p>Un retour d'exp\u00e9rience sur l'utilisation d'Acesight VR pour r\u00e9aliser un chef-d'\u0153uvre. L'excellente qualit\u00e9 d'image permet de r\u00e9aliser toutes les possibilit\u00e9s. <\/p>\n\t\t<\/div>\n\t\t\n\t\t<a class=\"elementor-post__read-more\" href=\"https:\/\/zoomax.com\/fr\/making-masterpiece-with-acesight-vr\/\" aria-label=\"Read more about Making masterpiece with Acesight VR\" tabindex=\"-1\" target=\"_blank\">\n\t\t\tLire plus \u00bb\t\t<\/a>\n\n\t\t\t\t<\/div>\n\t\t\t\t<\/article>\n\t\t\t\t<article class=\"elementor-post elementor-grid-item post-6200 post type-post status-publish format-standard has-post-thumbnail hentry category-review-and-testimonials tag-snow-12\" role=\"listitem\">\n\t\t\t\t<div class=\"elementor-post__text\">\n\t\t\t\t<h3 class=\"elementor-post__title\">\n\t\t\t<a href=\"https:\/\/zoomax.com\/fr\/after-sales-service-feedback\/\" target=\"&quot;_blank&quot;\">\n\t\t\t\tRetour d'information sur le service apr\u00e8s-vente\t\t\t<\/a>\n\t\t<\/h3>\n\t\t\t\t<div class=\"elementor-post__meta-data\">\n\t\t\t\t\t<span class=\"elementor-post-date\">\n\t\t\t23.12.2021\t\t<\/span>\n\t\t\t\t<\/div>\n\t\t\t\t<div class=\"elementor-post__excerpt\">\n\t\t\t<p>D\u00e9couvrez le retour d'exp\u00e9rience du service apr\u00e8s-vente de Zoomax ! Par deux utilisateurs de la vid\u00e9o-agrandisseur Zoomax Butterfly 3.5 et Snow 12.<\/p>\n\t\t<\/div>\n\t\t\n\t\t<a class=\"elementor-post__read-more\" href=\"https:\/\/zoomax.com\/fr\/after-sales-service-feedback\/\" aria-label=\"Read more about After-sales Service Feedback\" tabindex=\"-1\" target=\"_blank\">\n\t\t\tLire plus \u00bb\t\t<\/a>\n\n\t\t\t\t<\/div>\n\t\t\t\t<\/article>\n\t\t\t\t<article class=\"elementor-post elementor-grid-item post-5530 post type-post status-publish format-standard has-post-thumbnail hentry category-news-events category-review-and-testimonials tag-other-news-and-event tag-snow-12\" role=\"listitem\">\n\t\t\t\t<a class=\"elementor-post__thumbnail__link\" href=\"https:\/\/zoomax.com\/fr\/snow-12-portable-electronic-video-magnifier-at-deafblind-west-australians\/\" tabindex=\"-1\" target=\"&quot;_blank&quot;\">\n\t\t\t<div class=\"elementor-post__thumbnail\"><img fetchpriority=\"high\" decoding=\"async\" width=\"720\" height=\"960\" src=\"https:\/\/zoomax.com\/wp-content\/uploads\/2021\/09\/People-using-Zoomax-Snow-12-to-read-text-at-Deafblind-West-Australians.webp\" class=\"attachment-full size-full wp-image-20576\" alt=\"people using zoomax snow 12 to read text at deafblind west australians\" srcset=\"https:\/\/zoomax.com\/wp-content\/uploads\/2021\/09\/People-using-Zoomax-Snow-12-to-read-text-at-Deafblind-West-Australians.webp 720w, https:\/\/zoomax.com\/wp-content\/uploads\/2021\/09\/People-using-Zoomax-Snow-12-to-read-text-at-Deafblind-West-Australians-225x300.webp 225w, https:\/\/zoomax.com\/wp-content\/uploads\/2021\/09\/People-using-Zoomax-Snow-12-to-read-text-at-Deafblind-West-Australians-9x12.webp 9w\" sizes=\"(max-width: 720px) 100vw, 720px\" \/><\/div>\n\t\t<\/a>\n\t\t\t\t<div class=\"elementor-post__text\">\n\t\t\t\t<h3 class=\"elementor-post__title\">\n\t\t\t<a href=\"https:\/\/zoomax.com\/fr\/snow-12-portable-electronic-video-magnifier-at-deafblind-west-australians\/\" target=\"&quot;_blank&quot;\">\n\t\t\t\tLa loupe vid\u00e9o \u00e9lectronique portable Snow 12 chez Deafblind West Australians\t\t\t<\/a>\n\t\t<\/h3>\n\t\t\t\t<div class=\"elementor-post__meta-data\">\n\t\t\t\t\t<span class=\"elementor-post-date\">\n\t\t\t15.09.2021\t\t<\/span>\n\t\t\t\t<\/div>\n\t\t\t\t<div class=\"elementor-post__excerpt\">\n\t\t\t<p>D\u00e9couvrez comment la loupe vid\u00e9o \u00e9lectronique portable Zoomax Snow 12 aide les personnes sourdes et aveugles d'Australie occidentale.<\/p>\n\t\t<\/div>\n\t\t\n\t\t<a class=\"elementor-post__read-more\" href=\"https:\/\/zoomax.com\/fr\/snow-12-portable-electronic-video-magnifier-at-deafblind-west-australians\/\" aria-label=\"Read more about Snow 12 Portable Electronic Video Magnifier at Deafblind West Australians\" tabindex=\"-1\" target=\"_blank\">\n\t\t\tLire plus \u00bb\t\t<\/a>\n\n\t\t\t\t<\/div>\n\t\t\t\t<\/article>\n\t\t\t\t<article class=\"elementor-post elementor-grid-item post-5177 post type-post status-publish format-standard has-post-thumbnail hentry category-review-and-testimonials tag-acesight\" role=\"listitem\">\n\t\t\t\t<div class=\"elementor-post__text\">\n\t\t\t\t<h3 class=\"elementor-post__title\">\n\t\t\t<a href=\"https:\/\/zoomax.com\/fr\/he-could-see-his-fiancee-from-across-the-room\/\" target=\"&quot;_blank&quot;\">\n\t\t\t\t\u201cIl pouvait voir sa fianc\u00e9e de l'autre c\u00f4t\u00e9 de la pi\u00e8ce\u201d\t\t\t<\/a>\n\t\t<\/h3>\n\t\t\t\t<div class=\"elementor-post__meta-data\">\n\t\t\t\t\t<span class=\"elementor-post-date\">\n\t\t\t12.07.2021\t\t<\/span>\n\t\t\t\t<\/div>\n\t\t\t\t<div class=\"elementor-post__excerpt\">\n\t\t\t<p>Regardez \u00e7a ! Un retour d'exp\u00e9rience sur Acesight par Susan qui raconte comment elle a \u00e9t\u00e9 enthousiasm\u00e9e de voir que les lunettes \u00e9lectroniques Acesight ont aid\u00e9 son fils \u00e0 s'en sortir.<\/p>\n\t\t<\/div>\n\t\t\n\t\t<a class=\"elementor-post__read-more\" href=\"https:\/\/zoomax.com\/fr\/he-could-see-his-fiancee-from-across-the-room\/\" aria-label=\"Read more about &#8220;He Could See His Fianc\u00e9e From Across the Room&#8221;\" tabindex=\"-1\" target=\"_blank\">\n\t\t\tLire plus \u00bb\t\t<\/a>\n\n\t\t\t\t<\/div>\n\t\t\t\t<\/article>\n\t\t\t\t<article class=\"elementor-post elementor-grid-item post-5126 post type-post status-publish format-standard has-post-thumbnail hentry category-review-and-testimonials tag-acesight-vr\" role=\"listitem\">\n\t\t\t\t<div class=\"elementor-post__text\">\n\t\t\t\t<h3 class=\"elementor-post__title\">\n\t\t\t<a href=\"https:\/\/zoomax.com\/fr\/watching-football-game-in-a-stadium-wearing-acesight-vr\/\" target=\"&quot;_blank&quot;\">\n\t\t\t\tRegarder un match de football dans un stade en portant Acesight VR\t\t\t<\/a>\n\t\t<\/h3>\n\t\t\t\t<div class=\"elementor-post__meta-data\">\n\t\t\t\t\t<span class=\"elementor-post-date\">\n\t\t\t28.06.2021\t\t<\/span>\n\t\t\t\t<\/div>\n\t\t\t\t<div class=\"elementor-post__excerpt\">\n\t\t\t<p>Retour d'exp\u00e9rience sur l'utilisation d'Acesight VR pour regarder un match de football. L'exp\u00e9rience sans d\u00e9calage rend la vision possible.<\/p>\n\t\t<\/div>\n\t\t\n\t\t<a class=\"elementor-post__read-more\" href=\"https:\/\/zoomax.com\/fr\/watching-football-game-in-a-stadium-wearing-acesight-vr\/\" aria-label=\"Read more about Watching football game in a stadium wearing Acesight VR\" tabindex=\"-1\" target=\"_blank\">\n\t\t\tLire plus \u00bb\t\t<\/a>\n\n\t\t\t\t<\/div>\n\t\t\t\t<\/article>\n\t\t\t\t<article class=\"elementor-post elementor-grid-item post-5118 post type-post status-publish format-standard has-post-thumbnail hentry category-review-and-testimonials tag-acesight-vr\" role=\"listitem\">\n\t\t\t\t<div class=\"elementor-post__text\">\n\t\t\t\t<h3 class=\"elementor-post__title\">\n\t\t\t<a href=\"https:\/\/zoomax.com\/fr\/acesight-vr-feedback-from-jay-h\/\" target=\"&quot;_blank&quot;\">\n\t\t\t\tRetour d'exp\u00e9rience de Jay H. sur Acesight VR.\t\t\t<\/a>\n\t\t<\/h3>\n\t\t\t\t<div class=\"elementor-post__meta-data\">\n\t\t\t\t\t<span class=\"elementor-post-date\">\n\t\t\t24.06.2021\t\t<\/span>\n\t\t\t\t<\/div>\n\t\t\t\t<div class=\"elementor-post__excerpt\">\n\t\t\t<p>Je prendrai l'AceSight Vr pour ma perte de vision particuli\u00e8re. Je vous remercie pour votre service et votre soutien exceptionnels qui m'ont aid\u00e9 \u00e0 prendre la meilleure d\u00e9cision possible.<\/p>\n\t\t<\/div>\n\t\t\n\t\t<a class=\"elementor-post__read-more\" href=\"https:\/\/zoomax.com\/fr\/acesight-vr-feedback-from-jay-h\/\" aria-label=\"Read more about Acesight VR Feedback from Jay H.\" tabindex=\"-1\" target=\"_blank\">\n\t\t\tLire plus \u00bb\t\t<\/a>\n\n\t\t\t\t<\/div>\n\t\t\t\t<\/article>\n\t\t\t\t<article class=\"elementor-post elementor-grid-item post-5103 post type-post status-publish format-standard has-post-thumbnail hentry category-review-and-testimonials tag-snow-12\" role=\"listitem\">\n\t\t\t\t<div class=\"elementor-post__text\">\n\t\t\t\t<h3 class=\"elementor-post__title\">\n\t\t\t<a href=\"https:\/\/zoomax.com\/fr\/snow-12-portable-video-magnifier-review-by-lloyd-w\/\" target=\"&quot;_blank&quot;\">\n\t\t\t\tExamen de la loupe vid\u00e9o portable Snow 12 par Lloyd W.\t\t\t<\/a>\n\t\t<\/h3>\n\t\t\t\t<div class=\"elementor-post__meta-data\">\n\t\t\t\t\t<span class=\"elementor-post-date\">\n\t\t\t07.06.2021\t\t<\/span>\n\t\t\t\t<\/div>\n\t\t\t\t<div class=\"elementor-post__excerpt\">\n\t\t\t<p>\u201cMa vision est tr\u00e8s limit\u00e9e et ce dispositif me sauve la vie.\u201d<\/p>\n\t\t<\/div>\n\t\t\n\t\t<a class=\"elementor-post__read-more\" href=\"https:\/\/zoomax.com\/fr\/snow-12-portable-video-magnifier-review-by-lloyd-w\/\" aria-label=\"Read more about Snow 12 Portable Video Magnifier Review by Lloyd W.\" tabindex=\"-1\" target=\"_blank\">\n\t\t\tLire plus \u00bb\t\t<\/a>\n\n\t\t\t\t<\/div>\n\t\t\t\t<\/article>\n\t\t\t\t<\/div>\n\t\t\n\t\t\t\t<div class=\"e-load-more-anchor\" data-page=\"1\" data-max-page=\"7\" data-next-page=\"https:\/\/zoomax.com\/fr\/wp-json\/wp\/v2\/pages\/1048\/page\/2\/\"><\/div>\n\t\t\t\t<nav class=\"elementor-pagination\" aria-label=\"Pagination\">\n\t\t\t<span aria-current=\"page\" class=\"page-numbers current\"><span class=\"elementor-screen-only\">Page<\/span>1<\/span>\n<a class=\"page-numbers\" href=\"https:\/\/zoomax.com\/fr\/wp-json\/wp\/v2\/pages\/1048\/page\/2\/\"><span class=\"elementor-screen-only\">Page<\/span>2<\/a>\n<a class=\"page-numbers\" href=\"https:\/\/zoomax.com\/fr\/wp-json\/wp\/v2\/pages\/1048\/page\/3\/\"><span class=\"elementor-screen-only\">Page<\/span>3<\/a>\n<span class=\"page-numbers dots\">\u2026<\/span>\n<a class=\"page-numbers\" href=\"https:\/\/zoomax.com\/fr\/wp-json\/wp\/v2\/pages\/1048\/page\/7\/\"><span class=\"elementor-screen-only\">Page<\/span>7<\/a>\t\t<\/nav>\n\t\t\t\t\t\t<\/div>\n\t\t\t\t<\/div>\n\t\t\t\t\t<\/div>\n\t\t\t\t<\/div>\n\t\t\t\t<\/div>","protected":false},"excerpt":{"rendered":"<p>Home We Are Loved by Our Users! Across 80 countries and in 25 languages, Zoomax technology is empowering tens of [&hellip;]<\/p>","protected":false},"author":1,"featured_media":0,"parent":57,"menu_order":0,"comment_status":"closed","ping_status":"closed","template":"","meta":{"_seopress_robots_primary_cat":"","_seopress_titles_title":"Reviews & Testimonials","_seopress_titles_desc":"Read reviews & testimonials from the users about Zoomax low vision aids and electronic video magnifiers.","_seopress_robots_index":"","site-sidebar-layout":"no-sidebar","site-content-layout":"","ast-site-content-layout":"full-width-container","site-content-style":"default","site-sidebar-style":"default","ast-global-header-display":"","ast-banner-title-visibility":"","ast-main-header-display":"","ast-hfb-above-header-display":"","ast-hfb-below-header-display":"","ast-hfb-mobile-header-display":"","site-post-title":"disabled","ast-breadcrumbs-content":"","ast-featured-img":"disabled","footer-sml-layout":"","ast-disable-related-posts":"","theme-transparent-header-meta":"","adv-header-id-meta":"","stick-header-meta":"","header-above-stick-meta":"","header-main-stick-meta":"","header-below-stick-meta":"","astra-migrate-meta-layouts":"default","ast-page-background-enabled":"default","ast-page-background-meta":{"desktop":{"background-color":"var(--ast-global-color-5)","background-image":"","background-repeat":"repeat","background-position":"center center","background-size":"auto","background-attachment":"scroll","background-type":"","background-media":"","overlay-type":"","overlay-color":"","overlay-opacity":"","overlay-gradient":""},"tablet":{"background-color":"","background-image":"","background-repeat":"repeat","background-position":"center center","background-size":"auto","background-attachment":"scroll","background-type":"","background-media":"","overlay-type":"","overlay-color":"","overlay-opacity":"","overlay-gradient":""},"mobile":{"background-color":"","background-image":"","background-repeat":"repeat","background-position":"center center","background-size":"auto","background-attachment":"scroll","background-type":"","background-media":"","overlay-type":"","overlay-color":"","overlay-opacity":"","overlay-gradient":""}},"ast-content-background-meta":{"desktop":{"background-color":"var(--ast-global-color-4)","background-image":"","background-repeat":"repeat","background-position":"center center","background-size":"auto","background-attachment":"scroll","background-type":"","background-media":"","overlay-type":"","overlay-color":"","overlay-opacity":"","overlay-gradient":""},"tablet":{"background-color":"var(--ast-global-color-4)","background-image":"","background-repeat":"repeat","background-position":"center center","background-size":"auto","background-attachment":"scroll","background-type":"","background-media":"","overlay-type":"","overlay-color":"","overlay-opacity":"","overlay-gradient":""},"mobile":{"background-color":"var(--ast-global-color-4)","background-image":"","background-repeat":"repeat","background-position":"center center","background-size":"auto","background-attachment":"scroll","background-type":"","background-media":"","overlay-type":"","overlay-color":"","overlay-opacity":"","overlay-gradient":""}},"footnotes":""},"class_list":["post-1048","page","type-page","status-publish","hentry"],"_links":{"self":[{"href":"https:\/\/zoomax.com\/fr\/wp-json\/wp\/v2\/pages\/1048","targetHints":{"allow":["GET"]}}],"collection":[{"href":"https:\/\/zoomax.com\/fr\/wp-json\/wp\/v2\/pages"}],"about":[{"href":"https:\/\/zoomax.com\/fr\/wp-json\/wp\/v2\/types\/page"}],"author":[{"embeddable":true,"href":"https:\/\/zoomax.com\/fr\/wp-json\/wp\/v2\/users\/1"}],"replies":[{"embeddable":true,"href":"https:\/\/zoomax.com\/fr\/wp-json\/wp\/v2\/comments?post=1048"}],"version-history":[{"count":65,"href":"https:\/\/zoomax.com\/fr\/wp-json\/wp\/v2\/pages\/1048\/revisions"}],"predecessor-version":[{"id":17709,"href":"https:\/\/zoomax.com\/fr\/wp-json\/wp\/v2\/pages\/1048\/revisions\/17709"}],"up":[{"embeddable":true,"href":"https:\/\/zoomax.com\/fr\/wp-json\/wp\/v2\/pages\/57"}],"wp:attachment":[{"href":"https:\/\/zoomax.com\/fr\/wp-json\/wp\/v2\/media?parent=1048"}],"curies":[{"name":"wp","href":"https:\/\/api.w.org\/{rel}","templated":true}]}}