{"id":17076,"date":"2026-03-14T22:23:25","date_gmt":"2026-03-14T14:23:25","guid":{"rendered":"https:\/\/zoomax.com\/?page_id=17076"},"modified":"2026-03-19T19:11:22","modified_gmt":"2026-03-19T11:11:22","slug":"low-vision-association","status":"publish","type":"page","link":"https:\/\/zoomax.com\/fr\/low-vision-association\/","title":{"rendered":"Association pour la basse vision"},"content":{"rendered":"<div data-elementor-type=\"wp-page\" data-elementor-id=\"17076\" class=\"elementor elementor-17076\" data-elementor-post-type=\"page\">\n\t\t\t\t<div class=\"elementor-element elementor-element-305e1f6 e-flex e-con-boxed e-con e-parent\" data-id=\"305e1f6\" data-element_type=\"container\">\n\t\t\t\t\t<div class=\"e-con-inner\">\n\t\t\t\t<div class=\"elementor-element elementor-element-e6519f5 elementor-widget elementor-widget-sp-breadcrumbs\" data-id=\"e6519f5\" data-element_type=\"widget\" data-widget_type=\"sp-breadcrumbs.default\">\n\t\t\t\t<div class=\"elementor-widget-container\">\n\t\t\t\t\t<nav  aria-label=\"breadcrumb\"><ol class=\"breadcrumb\" itemscope itemtype=\"https:\/\/schema.org\/BreadcrumbList\"><li class=\"breadcrumb-item active\" aria-current=\"page\" itemprop=\"itemListElement\" itemscope itemtype=\"https:\/\/schema.org\/ListItem\"><span itemprop=\"name\">Accueil<\/span><meta itemprop=\"position\" content=\"1\"><\/li><\/ol><\/nav>\t\t\t\t<\/div>\n\t\t\t\t<\/div>\n\t\t\t\t\t<\/div>\n\t\t\t\t<\/div>\n\t\t<div class=\"elementor-element elementor-element-cb5153b e-con-full e-flex e-con e-parent\" data-id=\"cb5153b\" data-element_type=\"container\" data-settings=\"{&quot;background_background&quot;:&quot;classic&quot;}\">\n\t\t\t\t<div class=\"elementor-element elementor-element-98efbfc elementor-widget__width-initial elementor-widget elementor-widget-heading\" data-id=\"98efbfc\" data-element_type=\"widget\" data-widget_type=\"heading.default\">\n\t\t\t\t\t<h1 class=\"elementor-heading-title elementor-size-default\">Solutions compl\u00e8tes de basse vision pour <span style=\"color:#000000\">Associations pour la basse vision<\/span> de Zoomax<\/h1>\t\t\t\t<\/div>\n\t\t\t\t<div class=\"elementor-element elementor-element-555a319 elementor-widget__width-initial elementor-widget elementor-widget-text-editor\" data-id=\"555a319\" data-element_type=\"widget\" data-widget_type=\"text-editor.default\">\n\t\t\t\t\t\t\t\t\t<p>Partout dans le monde, les associations de malvoyants sont confront\u00e9es \u00e0 des d\u00e9fis communs : des dispositifs uniques qui ne r\u00e9pondent pas aux divers besoins des membres de leur communaut\u00e9, un manque de conseils professionnels pour aider les utilisateurs \u00e0 choisir les outils appropri\u00e9s et des ressources limit\u00e9es pour soutenir l'assistance visuelle dans tous les sc\u00e9narios. Avec plus de 285 millions de personnes vivant avec une basse vision dans le monde, la demande de solutions cibl\u00e9es et \u00e9volutives n'a jamais \u00e9t\u00e9 aussi forte.<\/p><p>Zoomax est plus qu'un fournisseur d'appareils - nous fournissons des solutions de basse vision de bout en bout, con\u00e7ues pour permettre \u00e0 votre association de fournir un soutien exceptionnel, d'am\u00e9liorer l'ind\u00e9pendance de l'utilisateur et de rationaliser les flux de travail des services communautaires. Notre portefeuille de produits, y compris le<a href=\"https:\/\/zoomax.com\/fr\/low-vision-aids\/portable-electronic-video-magnifier-snow-12\/\" target=\"_blank\" rel=\"noopener\"> <strong><b>Vid\u00e9o-agrandisseur \u00e9lectronique phare avec \u00e9cran HD de 12 pouces<\/b><\/strong>\u00a0(Neige 12)<\/a> et <a href=\"https:\/\/zoomax.com\/fr\/low-vision-aids\/portable-electronic-video-magnifier-snow-pad\/\" target=\"_blank\" rel=\"noopener\">Outil int\u00e9gr\u00e9 \u00e0 la tablette Snow Pad<\/a>, est con\u00e7u pour s'aligner sur les missions de service quotidiennes de votre association, qu'il s'agisse de consultations individuelles sur l'ad\u00e9quation des appareils ou d'ateliers de r\u00e9adaptation visuelle \u00e0 l'\u00e9chelle de la communaut\u00e9.<\/p>\t\t\t\t\t\t\t\t<\/div>\n\t\t\t\t<div class=\"elementor-element elementor-element-9e56cb9 elementor-widget elementor-widget-image\" data-id=\"9e56cb9\" data-element_type=\"widget\" data-widget_type=\"image.default\">\n\t\t\t\t\t\t\t\t\t\t\t\t\t\t\t<img fetchpriority=\"high\" decoding=\"async\" width=\"1920\" height=\"1281\" src=\"https:\/\/zoomax.com\/wp-content\/uploads\/2026\/03\/Zoomax-Snow-12-flagship-electronic-video-magnifier-with-12-inch-HD-screen-for-low-vision-association-training.webp\" class=\"attachment-full size-full wp-image-17078\" alt=\"zoomax snow 12 flagship electronic video magnifier with 12 inch hd screen for low vision association training\" srcset=\"https:\/\/zoomax.com\/wp-content\/uploads\/2026\/03\/Zoomax-Snow-12-flagship-electronic-video-magnifier-with-12-inch-HD-screen-for-low-vision-association-training.webp 1920w, https:\/\/zoomax.com\/wp-content\/uploads\/2026\/03\/Zoomax-Snow-12-flagship-electronic-video-magnifier-with-12-inch-HD-screen-for-low-vision-association-training-300x200.webp 300w, https:\/\/zoomax.com\/wp-content\/uploads\/2026\/03\/Zoomax-Snow-12-flagship-electronic-video-magnifier-with-12-inch-HD-screen-for-low-vision-association-training-1024x683.webp 1024w, https:\/\/zoomax.com\/wp-content\/uploads\/2026\/03\/Zoomax-Snow-12-flagship-electronic-video-magnifier-with-12-inch-HD-screen-for-low-vision-association-training-768x512.webp 768w, https:\/\/zoomax.com\/wp-content\/uploads\/2026\/03\/Zoomax-Snow-12-flagship-electronic-video-magnifier-with-12-inch-HD-screen-for-low-vision-association-training-1536x1025.webp 1536w\" sizes=\"(max-width: 1920px) 100vw, 1920px\" \/>\t\t\t\t\t\t\t\t\t\t\t\t\t\t\t<\/div>\n\t\t\t\t<\/div>\n\t\t<div class=\"elementor-element elementor-element-2413e1cf e-flex e-con-boxed e-con e-parent\" data-id=\"2413e1cf\" data-element_type=\"container\" data-settings=\"{&quot;background_background&quot;:&quot;classic&quot;}\">\n\t\t\t\t\t<div class=\"e-con-inner\">\n\t\t<div class=\"elementor-element elementor-element-d6c6cc e-con-full e-flex e-con e-child\" data-id=\"d6c6cc\" data-element_type=\"container\">\n\t\t\t\t<div class=\"elementor-element elementor-element-339f59ae elementor-widget__width-initial elementor-invisible elementor-widget elementor-widget-heading\" data-id=\"339f59ae\" data-element_type=\"widget\" data-settings=\"{&quot;_animation&quot;:&quot;fadeInUp&quot;}\" data-widget_type=\"heading.default\">\n\t\t\t\t\t<h2 class=\"elementor-heading-title elementor-size-default\">Les trois piliers des solutions de Zoomax pour les associations de basse vision<\/h2>\t\t\t\t<\/div>\n\t\t\t\t<\/div>\n\t\t<div class=\"elementor-element elementor-element-7c55df34 e-grid e-con-full elementor-invisible e-con e-child\" data-id=\"7c55df34\" data-element_type=\"container\" data-settings=\"{&quot;animation&quot;:&quot;fadeInUp&quot;}\">\n\t\t<div class=\"elementor-element elementor-element-3d46f93 e-con-full e-transform e-flex e-con e-child\" data-id=\"3d46f93\" data-element_type=\"container\" data-settings=\"{&quot;background_background&quot;:&quot;classic&quot;,&quot;_transform_translateY_effect_hover&quot;:{&quot;unit&quot;:&quot;px&quot;,&quot;size&quot;:-5,&quot;sizes&quot;:[]},&quot;_transform_translateX_effect_hover&quot;:{&quot;unit&quot;:&quot;px&quot;,&quot;size&quot;:&quot;&quot;,&quot;sizes&quot;:[]},&quot;_transform_translateX_effect_hover_tablet&quot;:{&quot;unit&quot;:&quot;px&quot;,&quot;size&quot;:&quot;&quot;,&quot;sizes&quot;:[]},&quot;_transform_translateX_effect_hover_mobile&quot;:{&quot;unit&quot;:&quot;px&quot;,&quot;size&quot;:&quot;&quot;,&quot;sizes&quot;:[]},&quot;_transform_translateY_effect_hover_tablet&quot;:{&quot;unit&quot;:&quot;px&quot;,&quot;size&quot;:&quot;&quot;,&quot;sizes&quot;:[]},&quot;_transform_translateY_effect_hover_mobile&quot;:{&quot;unit&quot;:&quot;px&quot;,&quot;size&quot;:&quot;&quot;,&quot;sizes&quot;:[]}}\">\n\t\t\t\t<div class=\"elementor-element elementor-element-5e91f6a elementor-widget elementor-widget-heading\" data-id=\"5e91f6a\" data-element_type=\"widget\" data-widget_type=\"heading.default\">\n\t\t\t\t\t<h3 class=\"elementor-heading-title elementor-size-default\">1.  Ensembles d'aides \u00e0 la basse vision personnalis\u00e9s et multi-sc\u00e9narios<\/h3>\t\t\t\t<\/div>\n\t\t\t\t<div class=\"elementor-element elementor-element-44b6604 elementor-widget elementor-widget-heading\" data-id=\"44b6604\" data-element_type=\"widget\" data-widget_type=\"heading.default\">\n\t\t\t\t\t<p class=\"elementor-heading-title elementor-size-default\">Nous proposons une gamme compl\u00e8te d'aides \u00e0 la basse vision pour r\u00e9pondre aux besoins vari\u00e9s des membres de votre association, des personnes \u00e2g\u00e9es atteintes de d\u00e9g\u00e9n\u00e9rescence maculaire li\u00e9e \u00e0 l'\u00e2ge aux \u00e9tudiants souffrant de d\u00e9ficiences visuelles cong\u00e9nitales. La Snow 12, une vid\u00e9o-agrandisseuse \u00e9lectronique portable remarquable, est dot\u00e9e de modes de contraste r\u00e9glables et d'un support externe, ce qui la rend id\u00e9ale pour la formation \u00e0 la lecture au sein de l'association et pour une utilisation prolong\u00e9e \u00e0 domicile. Sa conception ergonomique permet m\u00eame d'\u00e9crire et de prendre des notes pendant les s\u00e9ances de d\u00e9veloppement des comp\u00e9tences. Pour les utilisateurs nomades, notre vid\u00e9o-agrandisseur \u00e9lectronique portatif Luna 6 et notre Snow Pad (compatible avec les iPads et les tablettes Android) offrent un support pliable et multit\u00e2che. Nous travaillons avec votre \u00e9quipe pour cr\u00e9er des ensembles d'appareils personnalis\u00e9s, y compris des aides portables \u00e0 la basse vision pour la mobilit\u00e9 quotidienne et une loupe vid\u00e9o \u00e9lectronique haute d\u00e9finition pour la lecture, en veillant \u00e0 ce que chaque membre de la communaut\u00e9 re\u00e7oive un outil adapt\u00e9 \u00e0 son mode de vie, qu'il ait besoin de lire des manuels, de naviguer dans les espaces publics ou d'accomplir des t\u00e2ches sur le lieu de travail.<\/p>\t\t\t\t<\/div>\n\t\t\t\t<\/div>\n\t\t\t\t<div class=\"elementor-element elementor-element-e2053f8 elementor-widget elementor-widget-image\" data-id=\"e2053f8\" data-element_type=\"widget\" data-widget_type=\"image.default\">\n\t\t\t\t\t\t\t\t\t\t\t\t\t\t\t\t<a href=\"https:\/\/zoomax.com\/fr\/low-vision-aids\/\" target=\"_blank\">\n\t\t\t\t\t\t\t<img decoding=\"async\" width=\"1920\" height=\"1320\" src=\"https:\/\/zoomax.com\/wp-content\/uploads\/2026\/03\/portable-low-vision-aids-for-daily-mobility-used-by-low-vision-association-community-members.webp\" class=\"attachment-full size-full wp-image-17975\" alt=\"portable low vision aids for daily mobility used by low vision association community members\" srcset=\"https:\/\/zoomax.com\/wp-content\/uploads\/2026\/03\/portable-low-vision-aids-for-daily-mobility-used-by-low-vision-association-community-members.webp 1920w, https:\/\/zoomax.com\/wp-content\/uploads\/2026\/03\/portable-low-vision-aids-for-daily-mobility-used-by-low-vision-association-community-members-300x206.webp 300w, https:\/\/zoomax.com\/wp-content\/uploads\/2026\/03\/portable-low-vision-aids-for-daily-mobility-used-by-low-vision-association-community-members-1024x704.webp 1024w, https:\/\/zoomax.com\/wp-content\/uploads\/2026\/03\/portable-low-vision-aids-for-daily-mobility-used-by-low-vision-association-community-members-768x528.webp 768w, https:\/\/zoomax.com\/wp-content\/uploads\/2026\/03\/portable-low-vision-aids-for-daily-mobility-used-by-low-vision-association-community-members-1536x1056.webp 1536w\" sizes=\"(max-width: 1920px) 100vw, 1920px\" \/>\t\t\t\t\t\t\t\t<\/a>\n\t\t\t\t\t\t\t\t\t\t\t\t\t\t\t<\/div>\n\t\t\t\t<\/div>\n\t\t\t\t<div class=\"elementor-element elementor-element-ff023fb elementor-widget__width-initial elementor-widget elementor-widget-text-editor\" data-id=\"ff023fb\" data-element_type=\"widget\" data-widget_type=\"text-editor.default\">\n\t\t\t\t\t\t\t\t\t<h3><strong><b>2.  Formation professionnelle et soutien technique pour l'\u00e9quipe de votre association<\/b><\/strong><\/h3><p><img decoding=\"async\" class=\"alignright wp-image-17092\" src=\"https:\/\/zoomax.com\/wp-content\/uploads\/2026\/03\/Zoomax-professional-training-for-low-vision-association-teams-on-low-vision-aids-operation.webp\" alt=\"zoomax professional training for low vision association teams on low vision aids operation\" width=\"500\" height=\"441\" srcset=\"https:\/\/zoomax.com\/wp-content\/uploads\/2026\/03\/Zoomax-professional-training-for-low-vision-association-teams-on-low-vision-aids-operation.webp 1450w, https:\/\/zoomax.com\/wp-content\/uploads\/2026\/03\/Zoomax-professional-training-for-low-vision-association-teams-on-low-vision-aids-operation-300x265.webp 300w, https:\/\/zoomax.com\/wp-content\/uploads\/2026\/03\/Zoomax-professional-training-for-low-vision-association-teams-on-low-vision-aids-operation-1024x904.webp 1024w, https:\/\/zoomax.com\/wp-content\/uploads\/2026\/03\/Zoomax-professional-training-for-low-vision-association-teams-on-low-vision-aids-operation-768x678.webp 768w\" sizes=\"(max-width: 500px) 100vw, 500px\" \/>L'efficacit\u00e9 d'un bon appareil d\u00e9pend de celle du personnel qui en guide l'utilisation. <a href=\"https:\/\/zoomax.com\/\" target=\"_blank\" rel=\"noopener\">Zoomax<\/a> propose des sessions de formation gratuites et \u00e0 la demande pour les b\u00e9n\u00e9voles et les sp\u00e9cialistes de votre association, couvrant le fonctionnement des aides \u00e0 la basse vision, l'\u00e9valuation des besoins des utilisateurs et des conseils d'application bas\u00e9s sur des sc\u00e9narios. Notre formation comprend des modules pratiques sur la mani\u00e8re d'exploiter les fonctions OCR\/TTS pour les membres souffrant d'une d\u00e9ficience visuelle grave, et sur la mani\u00e8re d'apprendre aux utilisateurs \u00e0 utiliser les fonctions d'\u00e9cran partag\u00e9 de <a href=\"https:\/\/zoomax.com\/portable-electronic-video-magnifier\/\" target=\"_blank\" rel=\"noopener\">dispositifs \u00e9lectroniques de vid\u00e9o-agrandissement<\/a> pour les salles de classe ou les bureaux \u00e0 domicile. Nous nous engageons \u00e0 vous d\u00e9montrer chaque d\u00e9tail du produit \u00e0 chaque fois que vous en aurez besoin. Nous offrons \u00e9galement une assistance technique \u00e0 distance 24 heures sur 24, 7 jours sur 7, afin de r\u00e9soudre rapidement tout probl\u00e8me li\u00e9 \u00e0 l'appareil et de minimiser les interruptions des services de votre association. Pour les associations plus importantes, nous proposons des ateliers de formation sur site afin de doter votre \u00e9quipe des comp\u00e9tences n\u00e9cessaires pour maximiser la valeur de chaque aide \u00e0 la basse vision Zoomax.<\/p><h3><strong><b>3.  Int\u00e9gration des services de bout en bout pour un soutien communautaire sans faille<\/b><\/strong><\/h3><p><img loading=\"lazy\" decoding=\"async\" class=\"alignleft wp-image-17079\" src=\"https:\/\/zoomax.com\/wp-content\/uploads\/2026\/03\/High-definition-electronic-video-magnifier-for-reading-during-low-vision-association-workshops.webp\" alt=\"high definition electronic video magnifier for reading during low vision association workshops\" width=\"500\" height=\"375\" srcset=\"https:\/\/zoomax.com\/wp-content\/uploads\/2026\/03\/High-definition-electronic-video-magnifier-for-reading-during-low-vision-association-workshops.webp 1920w, https:\/\/zoomax.com\/wp-content\/uploads\/2026\/03\/High-definition-electronic-video-magnifier-for-reading-during-low-vision-association-workshops-300x225.webp 300w, https:\/\/zoomax.com\/wp-content\/uploads\/2026\/03\/High-definition-electronic-video-magnifier-for-reading-during-low-vision-association-workshops-1024x768.webp 1024w, https:\/\/zoomax.com\/wp-content\/uploads\/2026\/03\/High-definition-electronic-video-magnifier-for-reading-during-low-vision-association-workshops-768x576.webp 768w, https:\/\/zoomax.com\/wp-content\/uploads\/2026\/03\/High-definition-electronic-video-magnifier-for-reading-during-low-vision-association-workshops-1536x1152.webp 1536w\" sizes=\"(max-width: 500px) 100vw, 500px\" \/>Zoomax va au-del\u00e0 des appareils et de la formation pour soutenir les objectifs de votre association en mati\u00e8re de soins holistiques. Nous et nos <a href=\"https:\/\/zoomax.com\/fr\/vision-aids-distributor\/\" target=\"_blank\" rel=\"noopener\">partenaires de distribution<\/a> Nous collaborons avec vous pour concevoir des espaces d'assistance visuelle - des coins de d\u00e9monstration d'appareils aux laboratoires de formation - optimis\u00e9s pour notre technologie d'assistance. Nous fournissons \u00e9galement du mat\u00e9riel de marketing et des guides d'\u00e9ducation des utilisateurs pour aider votre association \u00e0 faire conna\u00eetre les aides \u00e0 la basse vision accessibles et les options de vid\u00e9o-agrandisseurs \u00e9lectroniques au sein de la communaut\u00e9. Pour les partenariats \u00e0 long terme, nous offrons des mises \u00e0 jour r\u00e9guli\u00e8res des produits et un acc\u00e8s exclusif aux nouvelles technologies, telles que les fonctions intelligentes du Snow Pad, afin que votre association reste \u00e0 la pointe de l'innovation en mati\u00e8re de technologie d'assistance et puisse continuellement fournir un soutien de pointe \u00e0 ses membres.<\/p>\t\t\t\t\t\t\t\t<\/div>\n\t\t\t\t\t<\/div>\n\t\t\t\t<\/div>\n\t\t<div class=\"elementor-element elementor-element-32515c0 e-flex e-con-boxed e-con e-parent\" data-id=\"32515c0\" data-element_type=\"container\">\n\t\t\t\t\t<div class=\"e-con-inner\">\n\t\t<div class=\"elementor-element elementor-element-d4b5125 e-con-full e-flex e-con e-child\" data-id=\"d4b5125\" data-element_type=\"container\">\n\t\t\t\t<div class=\"elementor-element elementor-element-4357974 elementor-invisible elementor-widget elementor-widget-heading\" data-id=\"4357974\" data-element_type=\"widget\" data-settings=\"{&quot;_animation&quot;:&quot;fadeInUp&quot;}\" data-widget_type=\"heading.default\">\n\t\t\t\t\t<h2 class=\"elementor-heading-title elementor-size-default\">Partenaire de Zoomax pour am\u00e9liorer les services de votre association de basse vision<\/h2>\t\t\t\t<\/div>\n\t\t\t\t<div class=\"elementor-element elementor-element-aabbc67 elementor-widget__width-initial elementor-widget elementor-widget-text-editor\" data-id=\"aabbc67\" data-element_type=\"widget\" data-widget_type=\"text-editor.default\">\n\t\t\t\t\t\t\t\t\t<p>Les solutions de basse vision de Zoomax sont bas\u00e9es sur le principe que chaque personne m\u00e9rite le droit \u00e0 une vie ind\u00e9pendante et digne. Par <a href=\"https:\/\/zoomax.com\/zoomax-distribution-opportunities\/\" target=\"_blank\" rel=\"noopener\">nous aider \u00e0 faire face \u00e0 la crise<\/a>, Gr\u00e2ce \u00e0 notre solution, votre association a acc\u00e8s \u00e0 des aides hautement qualifi\u00e9es, \u00e0 des dispositifs \u00e9lectroniques de vid\u00e9o-loupe centr\u00e9s sur l'utilisateur, \u00e0 une formation professionnelle et \u00e0 un soutien sur mesure qui vous permet de vous d\u00e9marquer dans le service \u00e0 la communaut\u00e9 des personnes malvoyantes. Que vous soyez une petite association locale ou une grande organisation nationale, nous pouvons personnaliser une solution adapt\u00e9e \u00e0 votre taille, \u00e0 votre budget et \u00e0 la d\u00e9mographie de vos membres malvoyants. Contactez notre \u00e9quipe de vente institutionnelle d\u00e8s aujourd'hui pour planifier une d\u00e9monstration gratuite et d\u00e9couvrir comment Zoomax peut vous aider \u00e0 transformer la vie des membres de votre communaut\u00e9 de basse vision.<\/p><p>Pourquoi choisir les aides visuelles Zoomax ? Cliquez <a href=\"https:\/\/zoomax.com\/fr\/about-us\/\" target=\"_blank\" rel=\"noopener\">\u00c0 propos de nous<\/a> pour en savoir plus.<\/p>\t\t\t\t\t\t\t\t<\/div>\n\t\t\t\t<div class=\"elementor-element elementor-element-02e1bd9 elementor-align-center elementor-widget elementor-widget-button\" data-id=\"02e1bd9\" data-element_type=\"widget\" data-widget_type=\"button.default\">\n\t\t\t\t\t\t\t\t\t\t<a class=\"elementor-button elementor-button-link elementor-size-sm\" href=\"https:\/\/zoomax.com\/fr\/contact-us\/\" target=\"_blank\">\n\t\t\t\t\t\t<span class=\"elementor-button-content-wrapper\">\n\t\t\t\t\t\t<span class=\"elementor-button-icon\">\n\t\t\t\t<svg aria-hidden=\"true\" class=\"e-font-icon-svg e-fab-quinscape\" viewbox=\"0 0 512 512\" xmlns=\"http:\/\/www.w3.org\/2000\/svg\"><path d=\"M313.6 474.6h-1a158.1 158.1 0 0 1 0-316.2c94.9 0 168.2 83.1 157 176.6 4 5.1 8.2 9.6 11.2 15.3 13.4-30.3 20.3-62.4 20.3-97.7C501.1 117.5 391.6 8 256.5 8S12 117.5 12 252.6s109.5 244.6 244.5 244.6a237.36 237.36 0 0 0 70.4-10.1c-5.2-3.5-8.9-8.1-13.3-12.5zm-.1-.1l.4.1zm78.4-168.9a99.2 99.2 0 1 0 99.2 99.2 99.18 99.18 0 0 0-99.2-99.2z\"><\/path><\/svg>\t\t\t<\/span>\n\t\t\t\t\t\t\t\t\t<span class=\"elementor-button-text\">Nous contacter<\/span>\n\t\t\t\t\t<\/span>\n\t\t\t\t\t<\/a>\n\t\t\t\t\t\t\t\t<\/div>\n\t\t\t\t<div class=\"elementor-element elementor-element-88c4d4f elementor-widget__width-initial elementor-invisible elementor-widget elementor-widget-text-editor\" data-id=\"88c4d4f\" data-element_type=\"widget\" data-settings=\"{&quot;_animation&quot;:&quot;fadeInUp&quot;}\" data-widget_type=\"text-editor.default\">\n\t\t\t\t\t\t\t\t\t<h3><em>Partenaire<strong style=\"font-style: italic;\"> T\u00e9moignage<\/strong><\/em><strong><em><i>:<\/i><\/em><\/strong><\/h3><p><em>\u201cEn tant que sp\u00e9cialiste de la formation, je ne jure que par les aides \u00e0 la basse vision et les vid\u00e9o-agrandisseurs \u00e9lectroniques Zoomax - ils sont incroyablement conviviaux et la plupart des utilisateurs les ma\u00eetrisent en quelques minutes ! Rien ne vaut les \u201cwow !\u201d et les larmes de joie lorsque quelqu'un dont la vision est brouill\u00e9e lit \u00e0 nouveau clairement. Ces outils durables me permettent d'aider ma communaut\u00e9 \u00e0 prosp\u00e9rer, et je suis ravie de poursuivre mon partenariat avec Zoomax\u201d.\u201d<\/em><\/p><p><em>- Joanne, sp\u00e9cialiste de la formation au Low Vision &amp; Blind Center (\u00c9tats-Unis)<\/em><\/p>\t\t\t\t\t\t\t\t<\/div>\n\t\t\t\t<\/div>\n\t\t\t\t\t<\/div>\n\t\t\t\t<\/div>\n\t\t\t\t<\/div>","protected":false},"excerpt":{"rendered":"<p>Home Comprehensive Low Vision Solutions for Low Vision Associations from Zoomax Across the globe, low vision associations face common challenges: [&hellip;]<\/p>","protected":false},"author":1,"featured_media":0,"parent":0,"menu_order":0,"comment_status":"closed","ping_status":"closed","template":"","meta":{"_seopress_robots_primary_cat":"","_seopress_titles_title":"Zoomax Low Vision Aids for Associations","_seopress_titles_desc":"Partner with Zoomax for customized low vision aids & electronic video magnifiers\u2014including portable, high-definition models\u2014to empower your low vision association\u2019s community.","_seopress_robots_index":"","site-sidebar-layout":"no-sidebar","site-content-layout":"","ast-site-content-layout":"full-width-container","site-content-style":"default","site-sidebar-style":"default","ast-global-header-display":"","ast-banner-title-visibility":"","ast-main-header-display":"","ast-hfb-above-header-display":"","ast-hfb-below-header-display":"","ast-hfb-mobile-header-display":"","site-post-title":"disabled","ast-breadcrumbs-content":"","ast-featured-img":"disabled","footer-sml-layout":"","ast-disable-related-posts":"","theme-transparent-header-meta":"","adv-header-id-meta":"","stick-header-meta":"","header-above-stick-meta":"","header-main-stick-meta":"","header-below-stick-meta":"","astra-migrate-meta-layouts":"default","ast-page-background-enabled":"default","ast-page-background-meta":{"desktop":{"background-color":"var(--ast-global-color-5)","background-image":"","background-repeat":"repeat","background-position":"center center","background-size":"auto","background-attachment":"scroll","background-type":"","background-media":"","overlay-type":"","overlay-color":"","overlay-opacity":"","overlay-gradient":""},"tablet":{"background-color":"","background-image":"","background-repeat":"repeat","background-position":"center center","background-size":"auto","background-attachment":"scroll","background-type":"","background-media":"","overlay-type":"","overlay-color":"","overlay-opacity":"","overlay-gradient":""},"mobile":{"background-color":"","background-image":"","background-repeat":"repeat","background-position":"center center","background-size":"auto","background-attachment":"scroll","background-type":"","background-media":"","overlay-type":"","overlay-color":"","overlay-opacity":"","overlay-gradient":""}},"ast-content-background-meta":{"desktop":{"background-color":"var(--ast-global-color-4)","background-image":"","background-repeat":"repeat","background-position":"center center","background-size":"auto","background-attachment":"scroll","background-type":"","background-media":"","overlay-type":"","overlay-color":"","overlay-opacity":"","overlay-gradient":""},"tablet":{"background-color":"var(--ast-global-color-4)","background-image":"","background-repeat":"repeat","background-position":"center center","background-size":"auto","background-attachment":"scroll","background-type":"","background-media":"","overlay-type":"","overlay-color":"","overlay-opacity":"","overlay-gradient":""},"mobile":{"background-color":"var(--ast-global-color-4)","background-image":"","background-repeat":"repeat","background-position":"center center","background-size":"auto","background-attachment":"scroll","background-type":"","background-media":"","overlay-type":"","overlay-color":"","overlay-opacity":"","overlay-gradient":""}},"footnotes":""},"class_list":["post-17076","page","type-page","status-publish","hentry"],"_links":{"self":[{"href":"https:\/\/zoomax.com\/fr\/wp-json\/wp\/v2\/pages\/17076","targetHints":{"allow":["GET"]}}],"collection":[{"href":"https:\/\/zoomax.com\/fr\/wp-json\/wp\/v2\/pages"}],"about":[{"href":"https:\/\/zoomax.com\/fr\/wp-json\/wp\/v2\/types\/page"}],"author":[{"embeddable":true,"href":"https:\/\/zoomax.com\/fr\/wp-json\/wp\/v2\/users\/1"}],"replies":[{"embeddable":true,"href":"https:\/\/zoomax.com\/fr\/wp-json\/wp\/v2\/comments?post=17076"}],"version-history":[{"count":31,"href":"https:\/\/zoomax.com\/fr\/wp-json\/wp\/v2\/pages\/17076\/revisions"}],"predecessor-version":[{"id":17978,"href":"https:\/\/zoomax.com\/fr\/wp-json\/wp\/v2\/pages\/17076\/revisions\/17978"}],"wp:attachment":[{"href":"https:\/\/zoomax.com\/fr\/wp-json\/wp\/v2\/media?parent=17076"}],"curies":[{"name":"wp","href":"https:\/\/api.w.org\/{rel}","templated":true}]}}