{"id":17129,"date":"2026-03-15T17:23:20","date_gmt":"2026-03-15T09:23:20","guid":{"rendered":"https:\/\/zoomax.com\/?page_id=17129"},"modified":"2026-03-19T18:58:43","modified_gmt":"2026-03-19T10:58:43","slug":"visual-impaired-individual","status":"publish","type":"page","link":"https:\/\/zoomax.com\/it\/visual-impaired-individual\/","title":{"rendered":"Individuo con disabilit\u00e0 visiva"},"content":{"rendered":"<div data-elementor-type=\"wp-page\" data-elementor-id=\"17129\" class=\"elementor elementor-17129\" data-elementor-post-type=\"page\">\n\t\t\t\t<div class=\"elementor-element elementor-element-e2045dd e-con-full e-flex e-con e-parent\" data-id=\"e2045dd\" data-element_type=\"container\" data-e-type=\"container\" data-settings=\"{&quot;background_background&quot;:&quot;classic&quot;}\">\n\t\t\t\t<div class=\"elementor-element elementor-element-7fc1c0a elementor-widget elementor-widget-heading\" data-id=\"7fc1c0a\" data-element_type=\"widget\" data-e-type=\"widget\" data-widget_type=\"heading.default\">\n\t\t\t\t\t<h2 class=\"elementor-heading-title elementor-size-default\">Improvvisazione visiva <br>Individuale<\/h2>\t\t\t\t<\/div>\n\t\t\t\t<\/div>\n\t\t<div class=\"elementor-element elementor-element-b29c05d e-flex e-con-boxed e-con e-parent\" data-id=\"b29c05d\" data-element_type=\"container\" data-e-type=\"container\">\n\t\t\t\t\t<div class=\"e-con-inner\">\n\t\t\t\t<div class=\"elementor-element elementor-element-5984381 elementor-widget elementor-widget-sp-breadcrumbs\" data-id=\"5984381\" data-element_type=\"widget\" data-e-type=\"widget\" data-widget_type=\"sp-breadcrumbs.default\">\n\t\t\t\t<div class=\"elementor-widget-container\">\n\t\t\t\t\t<nav  aria-label=\"breadcrumb\"><ol class=\"breadcrumb\" itemscope itemtype=\"https:\/\/schema.org\/BreadcrumbList\"><li class=\"breadcrumb-item active\" aria-current=\"page\" itemprop=\"itemListElement\" itemscope itemtype=\"https:\/\/schema.org\/ListItem\"><span itemprop=\"name\">Casa<\/span><meta itemprop=\"position\" content=\"1\"><\/li><\/ol><\/nav>\t\t\t\t<\/div>\n\t\t\t\t<\/div>\n\t\t\t\t\t<\/div>\n\t\t\t\t<\/div>\n\t\t<div class=\"elementor-element elementor-element-102482d1 e-flex e-con-boxed e-con e-parent\" data-id=\"102482d1\" data-element_type=\"container\" data-e-type=\"container\">\n\t\t\t\t\t<div class=\"e-con-inner\">\n\t\t<div class=\"elementor-element elementor-element-24effb3a e-flex e-con-boxed e-con e-child\" data-id=\"24effb3a\" data-element_type=\"container\" data-e-type=\"container\">\n\t\t\t\t\t<div class=\"e-con-inner\">\n\t\t\t\t<div class=\"elementor-element elementor-element-36c77fe7 elementor-invisible elementor-widget elementor-widget-heading\" data-id=\"36c77fe7\" data-element_type=\"widget\" data-e-type=\"widget\" data-settings=\"{&quot;_animation&quot;:&quot;fadeInUp&quot;}\" data-widget_type=\"heading.default\">\n\t\t\t\t\t<h1 class=\"elementor-heading-title elementor-size-default\">La vostra guida per una vista pi\u00f9 chiara: Trova la lente d'ingrandimento elettronica giusta per la tua vita<\/h1>\t\t\t\t<\/div>\n\t\t\t\t<div class=\"elementor-element elementor-element-ee9fcf6 elementor-widget__width-initial elementor-invisible elementor-widget elementor-widget-text-editor\" data-id=\"ee9fcf6\" data-element_type=\"widget\" data-e-type=\"widget\" data-settings=\"{&quot;_animation&quot;:&quot;fadeInUp&quot;}\" data-widget_type=\"text-editor.default\">\n\t\t\t\t\t\t\t\t\t<p>Vivere con l'ipovisione comporta sfide quotidiane. A <a href=\"https:\/\/zoomax.com\/\" target=\"_blank\" rel=\"noopener\">Zoomax<\/a>, crediamo che lo strumento giusto possa aiutarvi a riconnettervi con le attivit\u00e0 che amate. Creiamo ingranditori elettronici semplici e potenti, non gadget complessi. I nostri dispositivi, come l'innovativo Snow Pad e il polare Acesight VR, sono progettati sulla base del feedback degli utenti reali per risolvere problemi specifici.<\/p><p>Quale dispositivo soddisfa le vostre esigenze? Scopriamolo.<\/p><p>Rispondere a queste domande pu\u00f2 guidarvi:<\/p><h3>\u201cHo bisogno di un dispositivo per il multi-task quotidiano: Studio, lettura, artigianato e posta\u201d.\u201d<\/h3><p><strong>Incontrare <\/strong><a href=\"https:\/\/zoomax.com\/it\/ausili-per-ipovedenti\/portable-electronic-video-magnifier-snow-pad\/\" target=\"_blank\" rel=\"noopener\"><strong>Tampone da neve<\/strong><\/a>: Il vostro compagno tutto in uno. \u00c8 una lente d'ingrandimento da tavolo portatile compatibile con il vostro tablet personale. Basta accenderla, attivare lo schermo diviso per visualizzare la lavagna mentre si legge il libro di testo in classe o posizionare qualsiasi cosa sotto di essa e vederla chiaramente. \u00c8 perfetta per libri, flaconi di medicinali e hobby. \u00c8 inoltre possibile utilizzare la funzione OCR\/Text-to-speech per facilitare la lettura e la funzione split-view per effettuare contemporaneamente ricerche online e prendere appunti sul notebook.<\/p>\t\t\t\t\t\t\t\t<\/div>\n\t\t\t\t\t<\/div>\n\t\t\t\t<\/div>\n\t\t\t\t\t<\/div>\n\t\t\t\t<\/div>\n\t\t<div class=\"elementor-element elementor-element-12576451 e-con-full e-flex e-con e-parent\" data-id=\"12576451\" data-element_type=\"container\" data-e-type=\"container\" data-settings=\"{&quot;background_background&quot;:&quot;classic&quot;}\">\n\t\t\t\t<div class=\"elementor-element elementor-element-15837853 elementor-widget__width-initial elementor-invisible elementor-widget elementor-widget-text-editor\" data-id=\"15837853\" data-element_type=\"widget\" data-e-type=\"widget\" data-settings=\"{&quot;_animation&quot;:&quot;fadeInUp&quot;}\" data-widget_type=\"text-editor.default\">\n\t\t\t\t\t\t\t\t\t<h3><strong><b>\u201cIo sono <a href=\"https:\/\/zoomax.com\/breakthroughs-in-age-related-macular-degeneration-treatment-bridging-new-therapies-with-low-vision-solutions\/\" target=\"_blank\" rel=\"noopener\">degenerazione maculare<\/a> e voglio avere qualcosa in tasca per un aiuto rapido all'esterno\u201d.\u201d<\/b><\/strong><\/h3><p><strong>Incontrare <a href=\"https:\/\/zoomax.com\/it\/ausili-per-ipovedenti\/handheld-electronic-video-magnifier-luna-6\/\" target=\"_blank\" rel=\"noopener\">Luna 6<\/a><\/strong>: Il vostro osservatore dappertutto. Infilate questa leggera lente d'ingrandimento portatile nella vostra borsa. Usatela per controllare i prezzi, leggere i menu, vedere i numeri degli autobus o riconoscere i volti. La batteria a lunga durata consente un uso prolungato all'aperto.<\/p><h3><img fetchpriority=\"high\" decoding=\"async\" class=\"aligncenter wp-image-17131 size-large\" src=\"https:\/\/zoomax.com\/wp-content\/uploads\/2026\/03\/Man-using-Luna-6-handheld-magnifier-to-read-a-restaurant-menu-1024x768.webp\" alt=\"man using luna 6 handheld magnifier to read a restaurant menu\" width=\"1024\" height=\"768\" srcset=\"https:\/\/zoomax.com\/wp-content\/uploads\/2026\/03\/Man-using-Luna-6-handheld-magnifier-to-read-a-restaurant-menu-1024x768.webp 1024w, https:\/\/zoomax.com\/wp-content\/uploads\/2026\/03\/Man-using-Luna-6-handheld-magnifier-to-read-a-restaurant-menu-300x225.webp 300w, https:\/\/zoomax.com\/wp-content\/uploads\/2026\/03\/Man-using-Luna-6-handheld-magnifier-to-read-a-restaurant-menu-768x576.webp 768w, https:\/\/zoomax.com\/wp-content\/uploads\/2026\/03\/Man-using-Luna-6-handheld-magnifier-to-read-a-restaurant-menu-1536x1152.webp 1536w, https:\/\/zoomax.com\/wp-content\/uploads\/2026\/03\/Man-using-Luna-6-handheld-magnifier-to-read-a-restaurant-menu.webp 1920w\" sizes=\"(max-width: 1024px) 100vw, 1024px\" \/><\/h3><h3>\u201cVoglio i migliori ausili per la lettura con uno schermo pi\u00f9 grande per una lettura confortevole e prolungata\u201d.\u201d<\/h3><p><strong>Incontrare <a href=\"https:\/\/zoomax.com\/it\/ausili-per-ipovedenti\/portable-electronic-video-magnifier-snow-12\/\" target=\"_blank\" rel=\"noopener\">Neve 12<\/a><\/strong>: La macchina da lettura definitiva. Questo modello portatile offre l'immagine pi\u00f9 nitida, lo schermo pi\u00f9 ampio e la configurazione pi\u00f9 comoda per gli amanti dei libri, gli studenti o chiunque trascorra lunghi periodi di lettura di testi dettagliati. Il suo supporto esterno garantisce un grande comfort per evitare l'affaticamento degli occhi.<\/p><h3><strong><b>\u201cI <\/b><\/strong><strong><b>hanno problemi a vedere la distanza e <\/b><\/strong><strong><b>miss <\/b><\/strong><strong><b>il tempo <\/b><\/strong><strong><b>guardare la TV e i film con la mia famiglia\u201d.\u201d<\/b><\/strong><\/h3><p><strong>Incontrare <a href=\"https:\/\/zoomax.com\/it\/ausili-per-ipovedenti\/low-vision-e-glasses-acesight-vr\/\" target=\"_blank\" rel=\"noopener\">Acesight VR<\/a><\/strong>: I vostri occhiali elettronici privati. Progettati appositamente per l'intrattenimento, non appena li indossate, il chiaro schermo virtuale e di grandi dimensioni \u00e8 davanti a voi. Sedetevi con i vostri cari e godetevi i programmi televisivi, i video o i film in un modo completamente nuovo. Nota: Acesight VR \u00e8 progettato per l'uso stazionario in un ambiente sicuro e familiare.<\/p><p><img decoding=\"async\" class=\"alignright wp-image-17133 size-large\" src=\"https:\/\/zoomax.com\/wp-content\/uploads\/2026\/03\/Woman-wearing-Acesight-VR-glasses-smiling-while-watching-TV-on-couch-1024x768.webp\" alt=\"woman wearing acesight vr glasses smiling while watching tv on couch\" width=\"1024\" height=\"768\" srcset=\"https:\/\/zoomax.com\/wp-content\/uploads\/2026\/03\/Woman-wearing-Acesight-VR-glasses-smiling-while-watching-TV-on-couch-1024x768.webp 1024w, https:\/\/zoomax.com\/wp-content\/uploads\/2026\/03\/Woman-wearing-Acesight-VR-glasses-smiling-while-watching-TV-on-couch-300x225.webp 300w, https:\/\/zoomax.com\/wp-content\/uploads\/2026\/03\/Woman-wearing-Acesight-VR-glasses-smiling-while-watching-TV-on-couch-768x576.webp 768w, https:\/\/zoomax.com\/wp-content\/uploads\/2026\/03\/Woman-wearing-Acesight-VR-glasses-smiling-while-watching-TV-on-couch-1536x1152.webp 1536w, https:\/\/zoomax.com\/wp-content\/uploads\/2026\/03\/Woman-wearing-Acesight-VR-glasses-smiling-while-watching-TV-on-couch.webp 1920w\" sizes=\"(max-width: 1024px) 100vw, 1024px\" \/><\/p>\t\t\t\t\t\t\t\t<\/div>\n\t\t\t\t<\/div>\n\t\t<div class=\"elementor-element elementor-element-4d22a3a e-flex e-con-boxed e-con e-parent\" data-id=\"4d22a3a\" data-element_type=\"container\" data-e-type=\"container\">\n\t\t\t\t\t<div class=\"e-con-inner\">\n\t\t<div class=\"elementor-element elementor-element-ad72308 e-flex e-con-boxed e-con e-child\" data-id=\"ad72308\" data-element_type=\"container\" data-e-type=\"container\">\n\t\t\t\t\t<div class=\"e-con-inner\">\n\t\t\t\t<div class=\"elementor-element elementor-element-50df7be elementor-invisible elementor-widget elementor-widget-heading\" data-id=\"50df7be\" data-element_type=\"widget\" data-e-type=\"widget\" data-settings=\"{&quot;_animation&quot;:&quot;fadeInUp&quot;}\" data-widget_type=\"heading.default\">\n\t\t\t\t\t<h2 class=\"elementor-heading-title elementor-size-default\">Affidato da utenti come voi<\/h2>\t\t\t\t<\/div>\n\t\t\t\t<div class=\"elementor-element elementor-element-a87c24d elementor-widget elementor-widget-text-editor\" data-id=\"a87c24d\" data-element_type=\"widget\" data-e-type=\"widget\" data-widget_type=\"text-editor.default\">\n\t\t\t\t\t\t\t\t\t<p>I nostri prodotti soddisfano gli standard internazionali di qualit\u00e0 e sicurezza. Avete avuto molti clienti soddisfatti di voi!<\/p>\t\t\t\t\t\t\t\t<\/div>\n\t\t\t\t<div class=\"elementor-element elementor-element-25fee2f elementor-widget__width-initial elementor-invisible elementor-widget elementor-widget-text-editor\" data-id=\"25fee2f\" data-element_type=\"widget\" data-e-type=\"widget\" data-settings=\"{&quot;_animation&quot;:&quot;fadeInUp&quot;}\" data-widget_type=\"text-editor.default\">\n\t\t\t\t\t\t\t\t\t<h3><em><i>Storia dell'utente:<\/i><\/em><\/h3><p><em><i>\u201cDopo la diagnosi di AMD, pensavo che non avrei pi\u00f9 finito un romanzo. Il mio Snow Pad ha cambiato le cose. Il <\/i><\/em><em><i>immagine<\/i><\/em><em><i>\u00a0\u00e8 cos\u00ec <\/i><\/em><em><i>affilato<\/i><\/em><em><i>, e mi piace la possibilit\u00e0 di cambiare il colore dello sfondo.<\/i><\/em><em><i>\u00a0e a volte utilizzano la sintesi vocale<\/i><\/em><em><i>. Mi ha ridato la gioia della lettura quotidiana\u201d.\u201d<\/i><\/em><\/p><p><em><i>- Margaret T., utente Zoomax.<\/i><\/em><\/p>\t\t\t\t\t\t\t\t<\/div>\n\t\t\t\t<div class=\"elementor-element elementor-element-657f265 elementor-widget elementor-widget-heading\" data-id=\"657f265\" data-element_type=\"widget\" data-e-type=\"widget\" data-widget_type=\"heading.default\">\n\t\t\t\t\t<h2 class=\"elementor-heading-title elementor-size-default\">Fate il prossimo passo verso la chiarezza<\/h2>\t\t\t\t<\/div>\n\t\t\t\t<div class=\"elementor-element elementor-element-daf9d4d elementor-widget elementor-widget-text-editor\" data-id=\"daf9d4d\" data-element_type=\"widget\" data-e-type=\"widget\" data-widget_type=\"text-editor.default\">\n\t\t\t\t\t\t\t\t\t<p>Guardate i video dei nostri prodotti per vederli in azione. Il nostro team di assistenza pu\u00f2 aiutarvi a rispondere alle vostre domande su caratteristiche, dimensioni e opzioni di pagamento.<\/p>\t\t\t\t\t\t\t\t<\/div>\n\t\t\t\t\t<\/div>\n\t\t\t\t<\/div>\n\t\t\t\t<div class=\"elementor-element elementor-element-f1dbdcc elementor-align-center elementor-widget elementor-widget-button\" data-id=\"f1dbdcc\" data-element_type=\"widget\" data-e-type=\"widget\" data-widget_type=\"button.default\">\n\t\t\t\t\t\t\t\t\t\t<a class=\"elementor-button elementor-button-link elementor-size-sm\" href=\"https:\/\/zoomax.com\/it\/contattateci\/\" target=\"_blank\">\n\t\t\t\t\t\t<span class=\"elementor-button-content-wrapper\">\n\t\t\t\t\t\t\t\t\t<span class=\"elementor-button-text\">Contatto<\/span>\n\t\t\t\t\t<\/span>\n\t\t\t\t\t<\/a>\n\t\t\t\t\t\t\t\t<\/div>\n\t\t\t\t\t<\/div>\n\t\t\t\t<\/div>\n\t\t\t\t<\/div>","protected":false},"excerpt":{"rendered":"<p>Visual Impaired Individual Home Your Guide to Clearer Sight: Find the Right Electronic Magnifier for Your Life Living with low [&hellip;]<\/p>\n","protected":false},"author":1,"featured_media":0,"parent":0,"menu_order":0,"comment_status":"closed","ping_status":"closed","template":"","meta":{"_seopress_robots_primary_cat":"","_seopress_titles_title":"Regain Independence | Zoomax Electronic Video Magnifiers for Low Vision","_seopress_titles_desc":"Find your perfect low vision aid. Compare Zoomax magnifiers: handheld Luna 6, portable Snow Pad, light-weighted Snow 12, & wearable Acesight VR for TV. Read user stories & inquire.","_seopress_robots_index":"","site-sidebar-layout":"no-sidebar","site-content-layout":"","ast-site-content-layout":"full-width-container","site-content-style":"default","site-sidebar-style":"default","ast-global-header-display":"","ast-banner-title-visibility":"","ast-main-header-display":"","ast-hfb-above-header-display":"","ast-hfb-below-header-display":"","ast-hfb-mobile-header-display":"","site-post-title":"disabled","ast-breadcrumbs-content":"","ast-featured-img":"disabled","footer-sml-layout":"","ast-disable-related-posts":"","theme-transparent-header-meta":"","adv-header-id-meta":"","stick-header-meta":"","header-above-stick-meta":"","header-main-stick-meta":"","header-below-stick-meta":"","astra-migrate-meta-layouts":"default","ast-page-background-enabled":"default","ast-page-background-meta":{"desktop":{"background-color":"var(--ast-global-color-5)","background-image":"","background-repeat":"repeat","background-position":"center center","background-size":"auto","background-attachment":"scroll","background-type":"","background-media":"","overlay-type":"","overlay-color":"","overlay-opacity":"","overlay-gradient":""},"tablet":{"background-color":"","background-image":"","background-repeat":"repeat","background-position":"center center","background-size":"auto","background-attachment":"scroll","background-type":"","background-media":"","overlay-type":"","overlay-color":"","overlay-opacity":"","overlay-gradient":""},"mobile":{"background-color":"","background-image":"","background-repeat":"repeat","background-position":"center center","background-size":"auto","background-attachment":"scroll","background-type":"","background-media":"","overlay-type":"","overlay-color":"","overlay-opacity":"","overlay-gradient":""}},"ast-content-background-meta":{"desktop":{"background-color":"var(--ast-global-color-4)","background-image":"","background-repeat":"repeat","background-position":"center center","background-size":"auto","background-attachment":"scroll","background-type":"","background-media":"","overlay-type":"","overlay-color":"","overlay-opacity":"","overlay-gradient":""},"tablet":{"background-color":"var(--ast-global-color-4)","background-image":"","background-repeat":"repeat","background-position":"center center","background-size":"auto","background-attachment":"scroll","background-type":"","background-media":"","overlay-type":"","overlay-color":"","overlay-opacity":"","overlay-gradient":""},"mobile":{"background-color":"var(--ast-global-color-4)","background-image":"","background-repeat":"repeat","background-position":"center center","background-size":"auto","background-attachment":"scroll","background-type":"","background-media":"","overlay-type":"","overlay-color":"","overlay-opacity":"","overlay-gradient":""}},"footnotes":""},"class_list":["post-17129","page","type-page","status-publish","hentry"],"_links":{"self":[{"href":"https:\/\/zoomax.com\/it\/wp-json\/wp\/v2\/pages\/17129","targetHints":{"allow":["GET"]}}],"collection":[{"href":"https:\/\/zoomax.com\/it\/wp-json\/wp\/v2\/pages"}],"about":[{"href":"https:\/\/zoomax.com\/it\/wp-json\/wp\/v2\/types\/page"}],"author":[{"embeddable":true,"href":"https:\/\/zoomax.com\/it\/wp-json\/wp\/v2\/users\/1"}],"replies":[{"embeddable":true,"href":"https:\/\/zoomax.com\/it\/wp-json\/wp\/v2\/comments?post=17129"}],"version-history":[{"count":43,"href":"https:\/\/zoomax.com\/it\/wp-json\/wp\/v2\/pages\/17129\/revisions"}],"predecessor-version":[{"id":17974,"href":"https:\/\/zoomax.com\/it\/wp-json\/wp\/v2\/pages\/17129\/revisions\/17974"}],"wp:attachment":[{"href":"https:\/\/zoomax.com\/it\/wp-json\/wp\/v2\/media?parent=17129"}],"curies":[{"name":"wp","href":"https:\/\/api.w.org\/{rel}","templated":true}]}}