{"id":17062,"date":"2026-03-14T15:38:17","date_gmt":"2026-03-14T07:38:17","guid":{"rendered":"https:\/\/zoomax.com\/?page_id=17062"},"modified":"2026-03-19T18:52:54","modified_gmt":"2026-03-19T10:52:54","slug":"low-vision-ophthalmologist","status":"publish","type":"page","link":"https:\/\/zoomax.com\/pt\/low-vision-ophthalmologist\/","title":{"rendered":"Oftalmologista de baixa vis\u00e3o"},"content":{"rendered":"<div data-elementor-type=\"wp-page\" data-elementor-id=\"17062\" class=\"elementor elementor-17062\" data-elementor-post-type=\"page\">\n\t\t\t\t<div class=\"elementor-element elementor-element-c47d7cd e-con-full e-flex e-con e-parent\" data-id=\"c47d7cd\" data-element_type=\"container\" data-settings=\"{&quot;background_background&quot;:&quot;classic&quot;}\">\n\t\t\t\t<div class=\"elementor-element elementor-element-8bf4919 elementor-widget elementor-widget-heading\" data-id=\"8bf4919\" data-element_type=\"widget\" data-widget_type=\"heading.default\">\n\t\t\t\t\t<h2 class=\"elementor-heading-title elementor-size-default\">Baixa vis\u00e3o<br>Oftalmologista<\/h2>\t\t\t\t<\/div>\n\t\t\t\t<\/div>\n\t\t<div class=\"elementor-element elementor-element-9aa040d e-flex e-con-boxed e-con e-parent\" data-id=\"9aa040d\" data-element_type=\"container\">\n\t\t\t\t\t<div class=\"e-con-inner\">\n\t\t\t\t<div class=\"elementor-element elementor-element-4cf9a07 elementor-widget elementor-widget-sp-breadcrumbs\" data-id=\"4cf9a07\" data-element_type=\"widget\" data-widget_type=\"sp-breadcrumbs.default\">\n\t\t\t\t<div class=\"elementor-widget-container\">\n\t\t\t\t\t<nav  aria-label=\"breadcrumb\"><ol class=\"breadcrumb\" itemscope itemtype=\"https:\/\/schema.org\/BreadcrumbList\"><li class=\"breadcrumb-item active\" aria-current=\"page\" itemprop=\"itemListElement\" itemscope itemtype=\"https:\/\/schema.org\/ListItem\"><span itemprop=\"name\">In\u00edcio<\/span><meta itemprop=\"position\" content=\"1\"><\/li><\/ol><\/nav>\t\t\t\t<\/div>\n\t\t\t\t<\/div>\n\t\t\t\t\t<\/div>\n\t\t\t\t<\/div>\n\t\t<div class=\"elementor-element elementor-element-102482d1 e-flex e-con-boxed e-con e-parent\" data-id=\"102482d1\" data-element_type=\"container\">\n\t\t\t\t\t<div class=\"e-con-inner\">\n\t\t<div class=\"elementor-element elementor-element-24effb3a e-flex e-con-boxed e-con e-child\" data-id=\"24effb3a\" data-element_type=\"container\">\n\t\t\t\t\t<div class=\"e-con-inner\">\n\t\t\t\t<div class=\"elementor-element elementor-element-36c77fe7 elementor-invisible elementor-widget elementor-widget-heading\" data-id=\"36c77fe7\" data-element_type=\"widget\" data-settings=\"{&quot;_animation&quot;:&quot;fadeInUp&quot;}\" data-widget_type=\"heading.default\">\n\t\t\t\t\t<h1 class=\"elementor-heading-title elementor-size-default\">Avan\u00e7ar nos cuidados ao paciente com tecnologia certificada para vis\u00e3o subnormal<\/h1>\t\t\t\t<\/div>\n\t\t\t\t<div class=\"elementor-element elementor-element-ee9fcf6 elementor-widget__width-initial elementor-invisible elementor-widget elementor-widget-text-editor\" data-id=\"ee9fcf6\" data-element_type=\"widget\" data-settings=\"{&quot;_animation&quot;:&quot;fadeInUp&quot;}\" data-widget_type=\"text-editor.default\">\n\t\t\t\t\t\t\t\t\t<p>Caro profissional de sa\u00fade ocular, o seu papel na orienta\u00e7\u00e3o de pacientes ap\u00f3s um diagn\u00f3stico de baixa vis\u00e3o \u00e9 fundamental. Na Zoomax Technology, concebemos lupas electr\u00f3nicas de v\u00eddeo como ferramentas cl\u00ednicas s\u00e9rias para apoiar as suas estrat\u00e9gias de reabilita\u00e7\u00e3o. Os nossos principais produtos<a href=\"https:\/\/zoomax.com\/pt\/low-vision-aids\/portable-electronic-video-magnifier-snow-12\/\" target=\"_blank\" rel=\"noopener\">Neve 12<\/a>, <a href=\"https:\/\/zoomax.com\/pt\/low-vision-aids\/portable-electronic-video-magnifier-snow-pad\/\" target=\"_blank\" rel=\"noopener\">Almofada de neve<\/a>, <a href=\"https:\/\/zoomax.com\/pt\/low-vision-aids\/handheld-electronic-video-magnifier-luna-6\/\" target=\"_blank\" rel=\"noopener\">Luna 6<\/a>, e <a href=\"https:\/\/zoomax.com\/pt\/low-vision-aids\/low-vision-e-glasses-acesight-vr\/\" target=\"_blank\" rel=\"noopener\">Acesight VR<\/a>-S\u00e3o desenvolvidas normas rigorosas, incluindo o registo CE, RoHS e FDA.<\/p>\t\t\t\t\t\t\t\t<\/div>\n\t\t\t\t<div class=\"elementor-element elementor-element-261c83d elementor-align-center elementor-widget elementor-widget-button\" data-id=\"261c83d\" data-element_type=\"widget\" data-widget_type=\"button.default\">\n\t\t\t\t\t\t\t\t\t\t<a class=\"elementor-button elementor-button-link elementor-size-sm\" href=\"https:\/\/zoomax.com\/pt\/contact-us\/\" target=\"_blank\">\n\t\t\t\t\t\t<span class=\"elementor-button-content-wrapper\">\n\t\t\t\t\t\t\t\t\t<span class=\"elementor-button-text\">Saiba mais sobre os nossos produtos<\/span>\n\t\t\t\t\t<\/span>\n\t\t\t\t\t<\/a>\n\t\t\t\t\t\t\t\t<\/div>\n\t\t\t\t\t<\/div>\n\t\t\t\t<\/div>\n\t\t\t\t\t<\/div>\n\t\t\t\t<\/div>\n\t\t<div class=\"elementor-element elementor-element-12576451 e-con-full e-flex e-con e-parent\" data-id=\"12576451\" data-element_type=\"container\" data-settings=\"{&quot;background_background&quot;:&quot;classic&quot;}\">\n\t\t<div class=\"elementor-element elementor-element-410b3816 e-flex e-con-boxed e-con e-child\" data-id=\"410b3816\" data-element_type=\"container\">\n\t\t\t\t\t<div class=\"e-con-inner\">\n\t\t\t\t<div class=\"elementor-element elementor-element-51270d1 elementor-invisible elementor-widget elementor-widget-heading\" data-id=\"51270d1\" data-element_type=\"widget\" data-settings=\"{&quot;_animation&quot;:&quot;fadeInUp&quot;}\" data-widget_type=\"heading.default\">\n\t\t\t\t\t<h2 class=\"elementor-heading-title elementor-size-default\">Adequar a tecnologia aos objectivos terap\u00eauticos<\/h2>\t\t\t\t<\/div>\n\t\t\t\t\t<\/div>\n\t\t\t\t<\/div>\n\t\t\t\t<div class=\"elementor-element elementor-element-15837853 elementor-widget__width-initial elementor-invisible elementor-widget elementor-widget-text-editor\" data-id=\"15837853\" data-element_type=\"widget\" data-settings=\"{&quot;_animation&quot;:&quot;fadeInUp&quot;}\" data-widget_type=\"text-editor.default\">\n\t\t\t\t\t\t\t\t\t<p>Para al\u00e9m da amplia\u00e7\u00e3o b\u00e1sica, os nossos dispositivos apoiam resultados terap\u00eauticos mais amplos: manter a independ\u00eancia, permitir a participa\u00e7\u00e3o em actividades e promover o bem-estar mental.<\/p><ul><li><strong>Para reabilita\u00e7\u00e3o da leitura e tarefas di\u00e1rias<\/strong>: O Snow Pad oferece um equil\u00edbrio ideal entre portabilidade e um ecr\u00e3 t\u00e1til grande e f\u00e1cil de utilizar. \u00c9 ideal para exerc\u00edcios de leitura prescritos em casa, gest\u00e3o de correio e passatempos. Para os doentes que necessitam de um desempenho m\u00e1ximo para textos densos ou trabalhos pormenorizados, a lupa de secret\u00e1ria Snow 12 proporciona uma clareza \u00f3tica superior e conforto ergon\u00f3mico.<\/li><\/ul><p><a href=\"https:\/\/zoomax.com\/pt\/low-vision-aids\/portable-electronic-video-magnifier-snow-pad\/\" target=\"_blank\" rel=\"noopener\"><img fetchpriority=\"high\" decoding=\"async\" class=\"aligncenter wp-image-17065 size-large\" src=\"https:\/\/zoomax.com\/wp-content\/uploads\/2026\/03\/FDA-registered-Snow-Pad-portable-video-magnifier-for-low-vision-assessment-1024x768.webp\" alt=\"fda registered snow pad portable video magnifier for low vision assessment\" width=\"1024\" height=\"768\" srcset=\"https:\/\/zoomax.com\/wp-content\/uploads\/2026\/03\/FDA-registered-Snow-Pad-portable-video-magnifier-for-low-vision-assessment-1024x768.webp 1024w, https:\/\/zoomax.com\/wp-content\/uploads\/2026\/03\/FDA-registered-Snow-Pad-portable-video-magnifier-for-low-vision-assessment-300x225.webp 300w, https:\/\/zoomax.com\/wp-content\/uploads\/2026\/03\/FDA-registered-Snow-Pad-portable-video-magnifier-for-low-vision-assessment-768x576.webp 768w, https:\/\/zoomax.com\/wp-content\/uploads\/2026\/03\/FDA-registered-Snow-Pad-portable-video-magnifier-for-low-vision-assessment-1536x1152.webp 1536w, https:\/\/zoomax.com\/wp-content\/uploads\/2026\/03\/FDA-registered-Snow-Pad-portable-video-magnifier-for-low-vision-assessment.webp 1920w\" sizes=\"(max-width: 1024px) 100vw, 1024px\" \/><\/a><\/p><ul><li><strong>Para a Mobilidade e Seguran\u00e7a da Comunidade<\/strong>: A lupa de m\u00e3o Luna 6 \u00e9 uma ferramenta pr\u00e1tica para identificar receitas m\u00e9dicas, r\u00f3tulos de produtos e menus de restaurantes, apoiando a confian\u00e7a durante as desloca\u00e7\u00f5es.<\/li><li><strong>Para a qualidade de vida e o bem-estar emocional<\/strong>: Considere o Acesight VR para os doentes que se afastaram das actividades de lazer. Trata-se de um dispositivo de entretenimento est\u00e1tico e imersivo concebido especificamente para ver televis\u00e3o, filmes e conte\u00fados digitais em seguran\u00e7a em casa. Ao restaurar o acesso a experi\u00eancias culturais partilhadas, pode desempenhar um papel de apoio no combate ao isolamento social e \u00e0 depress\u00e3o associados \u00e0 perda de vis\u00e3o.<\/li><\/ul><p><a href=\"https:\/\/zoomax.com\/pt\/low-vision-aids\/low-vision-e-glasses-acesight-vr\/\" target=\"_blank\" rel=\"noopener\"><img decoding=\"async\" class=\"aligncenter wp-image-17064 size-large\" src=\"https:\/\/zoomax.com\/wp-content\/uploads\/2026\/03\/Acesight-VR-wearable-magnifier-for-therapeutic-TV-watching-for-low-vision-patients-1024x768.webp\" alt=\"acesight vr wearable magnifier for therapeutic tv watching for low vision patients\" width=\"1024\" height=\"768\" srcset=\"https:\/\/zoomax.com\/wp-content\/uploads\/2026\/03\/Acesight-VR-wearable-magnifier-for-therapeutic-TV-watching-for-low-vision-patients-1024x768.webp 1024w, https:\/\/zoomax.com\/wp-content\/uploads\/2026\/03\/Acesight-VR-wearable-magnifier-for-therapeutic-TV-watching-for-low-vision-patients-300x225.webp 300w, https:\/\/zoomax.com\/wp-content\/uploads\/2026\/03\/Acesight-VR-wearable-magnifier-for-therapeutic-TV-watching-for-low-vision-patients-768x576.webp 768w, https:\/\/zoomax.com\/wp-content\/uploads\/2026\/03\/Acesight-VR-wearable-magnifier-for-therapeutic-TV-watching-for-low-vision-patients-1536x1152.webp 1536w, https:\/\/zoomax.com\/wp-content\/uploads\/2026\/03\/Acesight-VR-wearable-magnifier-for-therapeutic-TV-watching-for-low-vision-patients.webp 1920w\" sizes=\"(max-width: 1024px) 100vw, 1024px\" \/><\/a><\/p>\t\t\t\t\t\t\t\t<\/div>\n\t\t\t\t<\/div>\n\t\t<div class=\"elementor-element elementor-element-4d22a3a e-flex e-con-boxed e-con e-parent\" data-id=\"4d22a3a\" data-element_type=\"container\">\n\t\t\t\t\t<div class=\"e-con-inner\">\n\t\t<div class=\"elementor-element elementor-element-ad72308 e-flex e-con-boxed e-con e-child\" data-id=\"ad72308\" data-element_type=\"container\">\n\t\t\t\t\t<div class=\"e-con-inner\">\n\t\t\t\t<div class=\"elementor-element elementor-element-50df7be elementor-invisible elementor-widget elementor-widget-heading\" data-id=\"50df7be\" data-element_type=\"widget\" data-settings=\"{&quot;_animation&quot;:&quot;fadeInUp&quot;}\" data-widget_type=\"heading.default\">\n\t\t\t\t\t<h2 class=\"elementor-heading-title elementor-size-default\">Recursos para a sua pr\u00e1tica<\/h2>\t\t\t\t<\/div>\n\t\t\t\t<div class=\"elementor-element elementor-element-a87c24d elementor-widget elementor-widget-text-editor\" data-id=\"a87c24d\" data-element_type=\"widget\" data-widget_type=\"text-editor.default\">\n\t\t\t\t\t\t\t\t\t<p>Estamos empenhados em ser o seu <a href=\"https:\/\/zoomax.com\/pt\/how-to-choose-low-vision-aid-supplier\/\" target=\"_blank\" rel=\"noopener\">parceiro conhecedor<\/a>. Aceda aos nossos guias de compara\u00e7\u00e3o cl\u00ednica detalhados, solicite uma unidade de demonstra\u00e7\u00e3o para avalia\u00e7\u00e3o no consult\u00f3rio ou agende uma breve forma\u00e7\u00e3o online para o seu pessoal.<\/p>\t\t\t\t\t\t\t\t<\/div>\n\t\t\t\t<div class=\"elementor-element elementor-element-25fee2f elementor-widget__width-initial elementor-invisible elementor-widget elementor-widget-text-editor\" data-id=\"25fee2f\" data-element_type=\"widget\" data-settings=\"{&quot;_animation&quot;:&quot;fadeInUp&quot;}\" data-widget_type=\"text-editor.default\">\n\t\t\t\t\t\t\t\t\t<h3><em>Testemunho de um oftalmologista:<\/em><\/h3><p><em>\u201cDepois de recomendar o Acesight VR a um paciente com doen\u00e7a avan\u00e7ada <a href=\"https:\/\/zoomax.com\/pt\/how-much-do-you-know-about-stargardt-disease\/\" target=\"_blank\" rel=\"noopener\">Doen\u00e7a de Stargardt<\/a>, Em mar\u00e7o de 2007, a sua fam\u00edlia notou uma melhoria significativa no seu humor. Finalmente, ela p\u00f4de voltar a participar nas noites de cinema em fam\u00edlia. \u00c9 uma ferramenta valiosa na nossa abordagem de cuidados hol\u00edsticos\u201d.\u201d<\/em><\/p><p><em>- Dra. Elena Rodriguez, especialista em vis\u00e3o subnormal.<\/em><\/p>\t\t\t\t\t\t\t\t<\/div>\n\t\t\t\t<div class=\"elementor-element elementor-element-657f265 elementor-widget elementor-widget-heading\" data-id=\"657f265\" data-element_type=\"widget\" data-widget_type=\"heading.default\">\n\t\t\t\t\t<h2 class=\"elementor-heading-title elementor-size-default\">Melhorar o seu kit de ferramentas de reabilita\u00e7\u00e3o<\/h2>\t\t\t\t<\/div>\n\t\t\t\t<div class=\"elementor-element elementor-element-daf9d4d elementor-widget elementor-widget-text-editor\" data-id=\"daf9d4d\" data-element_type=\"widget\" data-widget_type=\"text-editor.default\">\n\t\t\t\t\t\t\t\t\t<p>Deixe-nos fornecer-lhe as informa\u00e7\u00f5es de que necessita para integrar com confian\u00e7a estas ajudas nos seus planos de tratamento de doentes.<\/p>\t\t\t\t\t\t\t\t<\/div>\n\t\t\t\t\t<\/div>\n\t\t\t\t<\/div>\n\t\t\t\t<div class=\"elementor-element elementor-element-f1dbdcc elementor-align-center elementor-widget elementor-widget-button\" data-id=\"f1dbdcc\" data-element_type=\"widget\" data-widget_type=\"button.default\">\n\t\t\t\t\t\t\t\t\t\t<a class=\"elementor-button elementor-button-link elementor-size-sm\" href=\"https:\/\/zoomax.com\/pt\/support-resource\/user-guide-brochure\/\" target=\"_blank\">\n\t\t\t\t\t\t<span class=\"elementor-button-content-wrapper\">\n\t\t\t\t\t\t\t\t\t<span class=\"elementor-button-text\">Transferir especifica\u00e7\u00f5es cl\u00ednicas e guia de aplica\u00e7\u00e3o<\/span>\n\t\t\t\t\t<\/span>\n\t\t\t\t\t<\/a>\n\t\t\t\t\t\t\t\t<\/div>\n\t\t\t\t\t<\/div>\n\t\t\t\t<\/div>\n\t\t\t\t<\/div>","protected":false},"excerpt":{"rendered":"<p>Low VisionOphthalmologist Home Advancing Patient Care with Certified Low Vision Technology Dear Eye Care Professional, your role in guiding patients [&hellip;]<\/p>","protected":false},"author":1,"featured_media":0,"parent":0,"menu_order":0,"comment_status":"closed","ping_status":"closed","template":"","meta":{"_seopress_robots_primary_cat":"","_seopress_titles_title":"Clinical Tools for Low Vision | FDA-Registered Electronic Video Magnifiers","_seopress_titles_desc":"Explore Zoomax's CE\/FDA certified low vision aids for patient recommendation. From Snow Pad for reading to Acesight VR for therapeutic entertainment, enhance your rehabilitation toolkit.","_seopress_robots_index":"","site-sidebar-layout":"no-sidebar","site-content-layout":"","ast-site-content-layout":"full-width-container","site-content-style":"default","site-sidebar-style":"default","ast-global-header-display":"","ast-banner-title-visibility":"","ast-main-header-display":"","ast-hfb-above-header-display":"","ast-hfb-below-header-display":"","ast-hfb-mobile-header-display":"","site-post-title":"disabled","ast-breadcrumbs-content":"","ast-featured-img":"disabled","footer-sml-layout":"","ast-disable-related-posts":"","theme-transparent-header-meta":"","adv-header-id-meta":"","stick-header-meta":"","header-above-stick-meta":"","header-main-stick-meta":"","header-below-stick-meta":"","astra-migrate-meta-layouts":"default","ast-page-background-enabled":"default","ast-page-background-meta":{"desktop":{"background-color":"var(--ast-global-color-5)","background-image":"","background-repeat":"repeat","background-position":"center center","background-size":"auto","background-attachment":"scroll","background-type":"","background-media":"","overlay-type":"","overlay-color":"","overlay-opacity":"","overlay-gradient":""},"tablet":{"background-color":"","background-image":"","background-repeat":"repeat","background-position":"center center","background-size":"auto","background-attachment":"scroll","background-type":"","background-media":"","overlay-type":"","overlay-color":"","overlay-opacity":"","overlay-gradient":""},"mobile":{"background-color":"","background-image":"","background-repeat":"repeat","background-position":"center center","background-size":"auto","background-attachment":"scroll","background-type":"","background-media":"","overlay-type":"","overlay-color":"","overlay-opacity":"","overlay-gradient":""}},"ast-content-background-meta":{"desktop":{"background-color":"var(--ast-global-color-4)","background-image":"","background-repeat":"repeat","background-position":"center center","background-size":"auto","background-attachment":"scroll","background-type":"","background-media":"","overlay-type":"","overlay-color":"","overlay-opacity":"","overlay-gradient":""},"tablet":{"background-color":"var(--ast-global-color-4)","background-image":"","background-repeat":"repeat","background-position":"center center","background-size":"auto","background-attachment":"scroll","background-type":"","background-media":"","overlay-type":"","overlay-color":"","overlay-opacity":"","overlay-gradient":""},"mobile":{"background-color":"var(--ast-global-color-4)","background-image":"","background-repeat":"repeat","background-position":"center center","background-size":"auto","background-attachment":"scroll","background-type":"","background-media":"","overlay-type":"","overlay-color":"","overlay-opacity":"","overlay-gradient":""}},"footnotes":""},"class_list":["post-17062","page","type-page","status-publish","hentry"],"_links":{"self":[{"href":"https:\/\/zoomax.com\/pt\/wp-json\/wp\/v2\/pages\/17062","targetHints":{"allow":["GET"]}}],"collection":[{"href":"https:\/\/zoomax.com\/pt\/wp-json\/wp\/v2\/pages"}],"about":[{"href":"https:\/\/zoomax.com\/pt\/wp-json\/wp\/v2\/types\/page"}],"author":[{"embeddable":true,"href":"https:\/\/zoomax.com\/pt\/wp-json\/wp\/v2\/users\/1"}],"replies":[{"embeddable":true,"href":"https:\/\/zoomax.com\/pt\/wp-json\/wp\/v2\/comments?post=17062"}],"version-history":[{"count":76,"href":"https:\/\/zoomax.com\/pt\/wp-json\/wp\/v2\/pages\/17062\/revisions"}],"predecessor-version":[{"id":17971,"href":"https:\/\/zoomax.com\/pt\/wp-json\/wp\/v2\/pages\/17062\/revisions\/17971"}],"wp:attachment":[{"href":"https:\/\/zoomax.com\/pt\/wp-json\/wp\/v2\/media?parent=17062"}],"curies":[{"name":"wp","href":"https:\/\/api.w.org\/{rel}","templated":true}]}}