{"id":3463,"date":"2019-07-26T17:21:08","date_gmt":"2019-07-26T09:21:08","guid":{"rendered":"https:\/\/zoomax.com\/?page_id=1237"},"modified":"2026-03-31T11:07:26","modified_gmt":"2026-03-31T03:07:26","slug":"terms-of-use","status":"publish","type":"page","link":"https:\/\/zoomax.com\/pt\/terms-of-use\/","title":{"rendered":"Termos de utiliza\u00e7\u00e3o"},"content":{"rendered":"<div data-elementor-type=\"wp-post\" data-elementor-id=\"3463\" class=\"elementor elementor-3463\" data-elementor-post-type=\"page\">\n\t\t\t\t\t\t<section class=\"elementor-section elementor-top-section elementor-element elementor-element-b1a80be elementor-section-boxed elementor-section-height-default elementor-section-height-default\" data-id=\"b1a80be\" data-element_type=\"section\">\n\t\t\t\t\t\t<div class=\"elementor-container elementor-column-gap-default\">\n\t\t\t\t\t<div class=\"elementor-column elementor-col-100 elementor-top-column elementor-element elementor-element-22c7cc7\" data-id=\"22c7cc7\" data-element_type=\"column\">\n\t\t\t<div class=\"elementor-widget-wrap elementor-element-populated\">\n\t\t\t\t\t\t<div class=\"elementor-element elementor-element-aa3b2b2 elementor-widget elementor-widget-heading\" data-id=\"aa3b2b2\" data-element_type=\"widget\" data-widget_type=\"heading.default\">\n\t\t\t\t\t<h1 class=\"elementor-heading-title elementor-size-default\">Termos de utiliza\u00e7\u00e3o<\/h1>\t\t\t\t<\/div>\n\t\t\t\t<div class=\"elementor-element elementor-element-387deb5 elementor-widget elementor-widget-text-editor\" data-id=\"387deb5\" data-element_type=\"widget\" data-widget_type=\"text-editor.default\">\n\t\t\t\t\t\t\t\t\t<p>Bem-vindo ao\u00a0<span class=\"website_name\">Tecnologia Zoomax<\/span>\u00a0(o \u201cs\u00edtio Web\u201d).<\/p><p><span class=\"website_name\">Tecnologia Zoomax<\/span>\u00a0fornece este s\u00edtio Web e os Servi\u00e7os (localizados em\u00a0<span class=\"website_url\">https:\/\/zoomax.com<\/span>) ao utilizador, sujeito aos avisos, termos e condi\u00e7\u00f5es estabelecidos nestes termos (os \u201cTermos de Utiliza\u00e7\u00e3o\u201d). Al\u00e9m disso, ao utilizar qualquer um dos nossos Servi\u00e7os, o utilizador estar\u00e1 sujeito \u00e0s regras, diretrizes, pol\u00edticas, termos e condi\u00e7\u00f5es aplic\u00e1veis a esse servi\u00e7o, que s\u00e3o incorporados nos presentes Termos de Utiliza\u00e7\u00e3o por esta refer\u00eancia.<\/p><p>Os presentes Termos de Utiliza\u00e7\u00e3o entram em vigor a partir de\u00a0<span class=\"date\">26 de julho de 2019<\/span>.<\/p><p>A elegibilidade do utilizador para a utiliza\u00e7\u00e3o do s\u00edtio Web est\u00e1 dependente do cumprimento das seguintes condi\u00e7\u00f5es:<\/p><ul><li>O utilizador utiliza o S\u00edtio Web e os Servi\u00e7os de acordo com os presentes Termos de Utiliza\u00e7\u00e3o e todas as leis e regulamentos aplic\u00e1veis determinados pelo estado e pa\u00eds de resid\u00eancia<\/li><li>Fornecer informa\u00e7\u00f5es de registo completas e exactas e manter informa\u00e7\u00f5es de registo exactas no Website<\/li><li>O utilizador concorda e compreende que\u00a0<span class=\"website_name\">Tecnologia Zoomax<\/span>\u00a0pode, a qualquer momento e sem aviso pr\u00e9vio, revogar e\/ou cancelar o acesso do utilizador se este n\u00e3o cumprir estes crit\u00e9rios ou violar qualquer parte das presentes Condi\u00e7\u00f5es de Utiliza\u00e7\u00e3o<\/li><\/ul><h3>Utiliza\u00e7\u00e3o deste s\u00edtio Web<\/h3><p>No que diz respeito \u00e0 utiliza\u00e7\u00e3o do nosso Website, o utilizador deve agir de forma respons\u00e1vel e usar de bom senso. Sem limitar o que precede, o utilizador n\u00e3o ir\u00e1:<\/p><ul><li>Violar qualquer lei ou regulamento local, estatal, provincial, nacional ou outro, ou qualquer ordem de um tribunal<\/li><li>Infringir os direitos de qualquer pessoa ou entidade, incluindo, sem limita\u00e7\u00e3o, a sua propriedade intelectual, privacidade, publicidade ou direitos contratuais<\/li><li>Interferir ou danificar os nossos Servi\u00e7os, incluindo, sem limita\u00e7\u00e3o, atrav\u00e9s da utiliza\u00e7\u00e3o de v\u00edrus, bots de cancelamento, cavalos de Troia, c\u00f3digo nocivo, pings de inunda\u00e7\u00e3o, ataques de nega\u00e7\u00e3o de servi\u00e7o, falsifica\u00e7\u00e3o de pacotes ou IP, encaminhamento forjado ou informa\u00e7\u00f5es de endere\u00e7o de correio eletr\u00f3nico ou m\u00e9todos ou tecnologias semelhantes<\/li><li>Utilizar scripts automatizados para recolher informa\u00e7\u00f5es ou interagir de outra forma com os Servi\u00e7os ou o S\u00edtio Web<\/li><li>Celebrar o presente acordo em nome de outra pessoa ou entidade sem o consentimento ou a capacidade legal para celebrar tais acordos como representante de uma organiza\u00e7\u00e3o ou entidade<\/li><\/ul><h3>Propriedade intelectual<\/h3><p>Todo o c\u00f3digo, texto, software, scripts, gr\u00e1ficos, ficheiros, fotografias, imagens, log\u00f3tipos e materiais contidos neste Website ou nos Servi\u00e7os s\u00e3o propriedade exclusiva de\u00a0<span class=\"website_name\">Tecnologia Zoomax<\/span>.<\/p><p>A utiliza\u00e7\u00e3o n\u00e3o autorizada de quaisquer materiais contidos neste Website ou no Servi\u00e7o pode violar as leis de direitos de autor, as leis de marcas comerciais, as leis de privacidade e publicidade e\/ou outros regulamentos e estatutos. Se considerar que algum dos materiais infringe os direitos de terceiros, contacte\u00a0<span class=\"website_name\">Tecnologia Zoomax <\/span>imediatamente para o endere\u00e7o abaixo indicado.<\/p><p style=\"padding-left: 40px;\"><span style=\"font-size: 16px;\"><span data-type=\"text\">Sala 1001, Edif\u00edcio B,<\/span><\/span><\/p><p style=\"padding-left: 40px;\"><span style=\"font-size: 16px;\"><span data-type=\"text\"> Centro Internacional de Sanshen, Rua Shuanglong, n.\u00ba 99, <\/span><\/span><span style=\"font-size: 16px;\"><span data-type=\"text\">Distrito de Xihu,<\/span><\/span><\/p><p style=\"padding-left: 40px;\"><span style=\"font-size: 16px;\"><span data-type=\"text\"> Hangzhou,\u00a0<\/span><\/span>Zhejiang, China 310030<\/p><h3>S\u00edtios Web de terceiros<\/h3><p>O nosso s\u00edtio Web pode ligar o utilizador a outros s\u00edtios na Internet ou incluir refer\u00eancias a informa\u00e7\u00f5es, documentos, software, materiais e\/ou servi\u00e7os fornecidos por terceiros. Estes s\u00edtios Web podem conter informa\u00e7\u00f5es ou materiais que algumas pessoas podem considerar inadequados ou ofensivos.<\/p><p>Estes outros sites e partes n\u00e3o est\u00e3o sob o nosso controlo e o utilizador reconhece que n\u00e3o somos respons\u00e1veis pela exatid\u00e3o, cumprimento dos direitos de autor, legalidade, dec\u00eancia ou qualquer outro aspeto do conte\u00fado desses sites, nem somos respons\u00e1veis por erros ou omiss\u00f5es em quaisquer refer\u00eancias a outras partes ou aos seus produtos e servi\u00e7os. A inclus\u00e3o de tal liga\u00e7\u00e3o ou refer\u00eancia \u00e9 fornecida meramente como uma conveni\u00eancia e n\u00e3o implica a nossa aprova\u00e7\u00e3o ou associa\u00e7\u00e3o com o Website ou parte, ou qualquer garantia de qualquer tipo, expressa ou impl\u00edcita.<\/p><h3>Exonera\u00e7\u00e3o de garantia e limita\u00e7\u00e3o de responsabilidade<\/h3><p>O Website \u00e9 fornecido \u201cTAL COMO EST\u00c1\u201d. A app figures, os seus fornecedores, respons\u00e1veis, diretores, funcion\u00e1rios e agentes excluem e renunciam a todas as representa\u00e7\u00f5es e garantias, expressas ou impl\u00edcitas, relacionadas com este Website ou com os Servi\u00e7os. O utilizador exclui <span class=\"website_name\">Tecnologia Zoomax<\/span>\u00a0de qualquer responsabilidade por danos relacionados com ou resultantes da utiliza\u00e7\u00e3o deste s\u00edtio Web.<\/p><h3>Altera\u00e7\u00f5es aos presentes Termos de Utiliza\u00e7\u00e3o<\/h3><p><span class=\"website_name\">Tecnologia Zoomax<\/span>\u00a0reserva-se o direito de, a qualquer momento, modificar ou descontinuar qualquer parte ou a totalidade do s\u00edtio Web sem aviso pr\u00e9vio.<\/p><p>Adicionalmente,\u00a0<span class=\"website_name\">Tecnologia Zoomax<\/span>\u00a0reserva-se o direito, a seu exclusivo crit\u00e9rio, de modificar estes Termos de Utiliza\u00e7\u00e3o em qualquer altura, com efeito atrav\u00e9s da publica\u00e7\u00e3o de novos termos no Website com a data da modifica\u00e7\u00e3o. O utilizador \u00e9 respons\u00e1vel por ler e compreender os termos do presente acordo antes de se registar ou utilizar o Servi\u00e7o. A sua utiliza\u00e7\u00e3o do Website e\/ou dos Servi\u00e7os ap\u00f3s a publica\u00e7\u00e3o de qualquer modifica\u00e7\u00e3o constitui a sua aceita\u00e7\u00e3o dos novos termos, tal como modificados nas presentes Condi\u00e7\u00f5es de Utiliza\u00e7\u00e3o.<\/p><h3>Direito aplic\u00e1vel<\/h3><p>Os presentes Termos de Utiliza\u00e7\u00e3o e qualquer lit\u00edgio ou reclama\u00e7\u00e3o decorrente ou relacionado com os mesmos ser\u00e3o regidos e interpretados de acordo com as leis internas do\u00a0<span class=\"country\">China<\/span>\u00a0sem dar efeito a qualquer disposi\u00e7\u00e3o ou regra de escolha ou conflito de leis.<\/p><p>Qualquer processo judicial, a\u00e7\u00e3o ou procedimento decorrente ou relacionado com as presentes Condi\u00e7\u00f5es de Utiliza\u00e7\u00e3o ou com o s\u00edtio Web deve ser institu\u00eddo exclusivamente nos tribunais de <span class=\"country\">China<\/span>.<\/p>\t\t\t\t\t\t\t\t<\/div>\n\t\t\t\t\t<\/div>\n\t\t<\/div>\n\t\t\t\t\t<\/div>\n\t\t<\/section>\n\t\t\t\t<\/div>","protected":false},"excerpt":{"rendered":"<p>Terms of Use Welcome to the\u00a0Zoomax Technology\u00a0website (the &#8220;Website&#8221;). Zoomax Technology\u00a0provides this Website and Services (located at\u00a0https:\/\/zoomax.com) to you subject [&hellip;]<\/p>","protected":false},"author":1,"featured_media":0,"parent":0,"menu_order":0,"comment_status":"closed","ping_status":"closed","template":"","meta":{"_seopress_robots_primary_cat":"","_seopress_titles_title":"Terms of Use","_seopress_titles_desc":"","_seopress_robots_index":"","site-sidebar-layout":"default","site-content-layout":"","ast-site-content-layout":"default","site-content-style":"default","site-sidebar-style":"default","ast-global-header-display":"","ast-banner-title-visibility":"","ast-main-header-display":"","ast-hfb-above-header-display":"","ast-hfb-below-header-display":"","ast-hfb-mobile-header-display":"","site-post-title":"","ast-breadcrumbs-content":"","ast-featured-img":"","footer-sml-layout":"","ast-disable-related-posts":"","theme-transparent-header-meta":"","adv-header-id-meta":"","stick-header-meta":"","header-above-stick-meta":"","header-main-stick-meta":"","header-below-stick-meta":"","astra-migrate-meta-layouts":"default","ast-page-background-enabled":"default","ast-page-background-meta":{"desktop":{"background-color":"var(--ast-global-color-5)","background-image":"","background-repeat":"repeat","background-position":"center center","background-size":"auto","background-attachment":"scroll","background-type":"","background-media":"","overlay-type":"","overlay-color":"","overlay-opacity":"","overlay-gradient":""},"tablet":{"background-color":"","background-image":"","background-repeat":"repeat","background-position":"center center","background-size":"auto","background-attachment":"scroll","background-type":"","background-media":"","overlay-type":"","overlay-color":"","overlay-opacity":"","overlay-gradient":""},"mobile":{"background-color":"","background-image":"","background-repeat":"repeat","background-position":"center center","background-size":"auto","background-attachment":"scroll","background-type":"","background-media":"","overlay-type":"","overlay-color":"","overlay-opacity":"","overlay-gradient":""}},"ast-content-background-meta":{"desktop":{"background-color":"var(--ast-global-color-4)","background-image":"","background-repeat":"repeat","background-position":"center center","background-size":"auto","background-attachment":"scroll","background-type":"","background-media":"","overlay-type":"","overlay-color":"","overlay-opacity":"","overlay-gradient":""},"tablet":{"background-color":"var(--ast-global-color-4)","background-image":"","background-repeat":"repeat","background-position":"center center","background-size":"auto","background-attachment":"scroll","background-type":"","background-media":"","overlay-type":"","overlay-color":"","overlay-opacity":"","overlay-gradient":""},"mobile":{"background-color":"var(--ast-global-color-4)","background-image":"","background-repeat":"repeat","background-position":"center center","background-size":"auto","background-attachment":"scroll","background-type":"","background-media":"","overlay-type":"","overlay-color":"","overlay-opacity":"","overlay-gradient":""}},"footnotes":""},"class_list":["post-3463","page","type-page","status-publish","hentry"],"_links":{"self":[{"href":"https:\/\/zoomax.com\/pt\/wp-json\/wp\/v2\/pages\/3463","targetHints":{"allow":["GET"]}}],"collection":[{"href":"https:\/\/zoomax.com\/pt\/wp-json\/wp\/v2\/pages"}],"about":[{"href":"https:\/\/zoomax.com\/pt\/wp-json\/wp\/v2\/types\/page"}],"author":[{"embeddable":true,"href":"https:\/\/zoomax.com\/pt\/wp-json\/wp\/v2\/users\/1"}],"replies":[{"embeddable":true,"href":"https:\/\/zoomax.com\/pt\/wp-json\/wp\/v2\/comments?post=3463"}],"version-history":[{"count":13,"href":"https:\/\/zoomax.com\/pt\/wp-json\/wp\/v2\/pages\/3463\/revisions"}],"predecessor-version":[{"id":19335,"href":"https:\/\/zoomax.com\/pt\/wp-json\/wp\/v2\/pages\/3463\/revisions\/19335"}],"wp:attachment":[{"href":"https:\/\/zoomax.com\/pt\/wp-json\/wp\/v2\/media?parent=3463"}],"curies":[{"name":"wp","href":"https:\/\/api.w.org\/{rel}","templated":true}]}}